{"id":5250,"date":"2025-12-27T20:24:03","date_gmt":"2025-12-28T06:24:03","guid":{"rendered":"https:\/\/www.service-public.pf\/dtt\/?page_id=5250"},"modified":"2026-01-18T21:52:29","modified_gmt":"2026-01-19T07:52:29","slug":"guichet-des-formulaires","status":"publish","type":"page","link":"https:\/\/www.service-public.pf\/dtt\/guichet-des-formulaires\/","title":{"rendered":"Guichet des formulaires"},"content":{"rendered":"<div class=\"fusion-fullwidth fullwidth-box fusion-builder-row-1 fusion-flex-container has-pattern-background has-mask-background nonhundred-percent-fullwidth non-hundred-percent-height-scrolling\" style=\"--awb-border-radius-top-left:0px;--awb-border-radius-top-right:0px;--awb-border-radius-bottom-right:0px;--awb-border-radius-bottom-left:0px;--awb-flex-wrap:wrap;\" ><div class=\"fusion-builder-row fusion-row fusion-flex-align-items-flex-start fusion-flex-content-wrap\" style=\"max-width:99.84%;margin-left: calc(-4% \/ 2 );margin-right: calc(-4% \/ 2 );\"><div class=\"fusion-layout-column fusion_builder_column fusion-builder-column-0 fusion_builder_column_1_1 1_1 fusion-flex-column\" style=\"--awb-bg-size:cover;--awb-width-large:100%;--awb-margin-top-large:0px;--awb-spacing-right-large:1.92%;--awb-margin-bottom-large:20px;--awb-spacing-left-large:1.92%;--awb-width-medium:100%;--awb-order-medium:0;--awb-spacing-right-medium:1.92%;--awb-spacing-left-medium:1.92%;--awb-width-small:100%;--awb-order-small:0;--awb-spacing-right-small:1.92%;--awb-spacing-left-small:1.92%;\"><div class=\"fusion-column-wrapper fusion-column-has-shadow fusion-flex-justify-content-flex-start fusion-content-layout-column\"><div class=\"fusion-separator fusion-full-width-sep\" style=\"align-self: center;margin-left: auto;margin-right: auto;margin-top:15px;margin-bottom:15px;width:100%;\"><\/div><div class=\"fusion-separator fusion-full-width-sep\" style=\"align-self: center;margin-left: auto;margin-right: auto;margin-top:15px;margin-bottom:15px;width:100%;\"><\/div><div class=\"fusion-text fusion-text-1\"><p>Retrouvez ici nos formulaires pour effectuer vos d\u00e9marches aupr\u00e8s de la Direction des transports terrestres.<\/p>\n<p>Pensez bien \u00e0 lire le recto et le verso des formulaires afin de remplir correctement ces derniers.<\/p>\n<\/div><div class=\"fusion-separator fusion-full-width-sep\" style=\"align-self: center;margin-left: auto;margin-right: auto;margin-top:15px;margin-bottom:15px;width:100%;\"><\/div><div class=\"fusion-text fusion-text-2\"><!-- Gridbuilder \u1d42\u1d3e Plugin (https:\/\/wpgridbuilder.com) -->\n<div class=\"wp-grid-builder wpgb-grid-1\" data-options=\"{&quot;id&quot;:1,&quot;type&quot;:&quot;masonry&quot;,&quot;source&quot;:&quot;post_type&quot;,&quot;loader&quot;:false,&quot;layout&quot;:&quot;vertical&quot;,&quot;reveal&quot;:0,&quot;isMainQuery&quot;:0,&quot;lazyLoad&quot;:false,&quot;cardSizes&quot;:{&quot;9999&quot;:{&quot;columns&quot;:5,&quot;height&quot;:240,&quot;gutter&quot;:16,&quot;ratio&quot;:&quot;1.33333&quot;},&quot;1280&quot;:{&quot;columns&quot;:4,&quot;height&quot;:220,&quot;gutter&quot;:16,&quot;ratio&quot;:&quot;1.33333&quot;},&quot;1024&quot;:{&quot;columns&quot;:2,&quot;height&quot;:200,&quot;gutter&quot;:16,&quot;ratio&quot;:&quot;1.33333&quot;},&quot;640&quot;:{&quot;columns&quot;:1,&quot;height&quot;:200,&quot;gutter&quot;:16,&quot;ratio&quot;:&quot;1.33333&quot;}},&quot;fitRows&quot;:false,&quot;equalRows&quot;:0,&quot;equalColumns&quot;:true,&quot;fillLastRow&quot;:0,&quot;centerLastRow&quot;:0,&quot;horizontalOrder&quot;:false,&quot;fullWidth&quot;:false,&quot;transitionDelay&quot;:100,&quot;gallerySlideshow&quot;:false,&quot;rowsNumber&quot;:1,&quot;slideAlign&quot;:&quot;left&quot;,&quot;groupCells&quot;:1,&quot;draggable&quot;:true,&quot;initialIndex&quot;:0,&quot;contain&quot;:false,&quot;freeScroll&quot;:false,&quot;freeFriction&quot;:&quot;0.075&quot;,&quot;friction&quot;:&quot;0.285&quot;,&quot;attraction&quot;:&quot;0.025&quot;,&quot;autoPlay&quot;:0,&quot;pageDotAriaLabel&quot;:&quot;Point de page %d&quot;,&quot;isPreview&quot;:false,&quot;isGutenberg&quot;:false,&quot;rightToLeft&quot;:false}\"><div class=\"wpgb-svg-icons\" hidden>\n\t<svg viewBox=\"0 0 120 24\" width=\"0\" height=\"0\">\n\t<defs>\n        <polygon id=\"wpgb-star-svg\" points=\"12 2.5 15.1 8.8 22 9.8 17 14.6 18.2 21.5 12 18.3 5.8 21.5 7 14.6 2 9.8 8.9 8.8\"><\/polygon>\n    <\/defs>\n    <symbol id=\"wpgb-rating-stars-svg\">\n        <use xlink:href=\"#wpgb-star-svg\"><\/use>\n        <use xlink:href=\"#wpgb-star-svg\" x=\"24\"><\/use>\n        <use xlink:href=\"#wpgb-star-svg\" x=\"48\"><\/use>\n        <use xlink:href=\"#wpgb-star-svg\" x=\"72\"><\/use>\n        <use xlink:href=\"#wpgb-star-svg\" x=\"96\"><\/use>\n    <\/symbol>\n<\/svg>\n<\/div>\n<div class=\"wpgb-wrapper\">\n\t<div class=\"wpgb-main\">\n\t<div class=\"wpgb-area wpgb-area-top-2\">\n\t<div class=\"wpgb-facet wpgb-loading wpgb-facet-9\" data-facet=\"9\" data-grid=\"1\">\t<fieldset>\n\t\t<legend class=\"wpgb-facet-title wpgb-sr-only\">Formu-public<\/legend>\n\t\t<div class=\"wpgb-checkbox-facet\"><ul class=\"wpgb-hierarchical-list\"><li><div class=\"wpgb-checkbox\" role=\"button\" aria-pressed=\"false\" tabindex=\"0\"><input type=\"hidden\" name=\"formu_public[]\" value=\"particuliers\"><span class=\"wpgb-checkbox-control\"><\/span><span class=\"wpgb-checkbox-label\">Particuliers&nbsp;<span>(25)<\/span><\/span><\/div><\/li><li><div class=\"wpgb-checkbox\" role=\"button\" aria-pressed=\"false\" tabindex=\"0\"><input type=\"hidden\" name=\"formu_public[]\" value=\"professionnels\"><span class=\"wpgb-checkbox-control\"><\/span><span class=\"wpgb-checkbox-label\">Professionnels&nbsp;<span>(41)<\/span><\/span><\/div><\/li><\/ul><\/div>\t<\/fieldset>\n\t<\/div><div class=\"wpgb-facet wpgb-loading wpgb-facet-10\" data-facet=\"10\" data-grid=\"1\">\t<fieldset>\n\t\t<legend class=\"wpgb-facet-title wpgb-sr-only\">formu-rubriques<\/legend>\n\t\t<div class=\"wpgb-checkbox-facet\"><ul class=\"wpgb-hierarchical-list\"><li><div class=\"wpgb-checkbox\" role=\"button\" aria-pressed=\"false\" tabindex=\"0\"><input type=\"hidden\" name=\"formu_rubriques[]\" value=\"demarches-vehicules\"><span class=\"wpgb-checkbox-control\"><\/span><span class=\"wpgb-checkbox-label\">D\u00e9marches V\u00e9hicules&nbsp;<span>(9)<\/span><\/span><\/div><\/li><li><div class=\"wpgb-checkbox\" role=\"button\" aria-pressed=\"false\" tabindex=\"0\"><input type=\"hidden\" name=\"formu_rubriques[]\" value=\"expertise-&amp;-reglementation\"><span class=\"wpgb-checkbox-control\"><\/span><span class=\"wpgb-checkbox-label\">Expertise &amp; R\u00e9glementation&nbsp;<span>(13)<\/span><\/span><\/div><\/li><li><div class=\"wpgb-checkbox\" role=\"button\" aria-pressed=\"false\" tabindex=\"0\"><input type=\"hidden\" name=\"formu_rubriques[]\" value=\"metiers-du-transport\"><span class=\"wpgb-checkbox-control\"><\/span><span class=\"wpgb-checkbox-label\">M\u00e9tiers du Transport&nbsp;<span>(10)<\/span><\/span><\/div><\/li><li><div class=\"wpgb-checkbox\" role=\"button\" aria-pressed=\"false\" tabindex=\"0\"><input type=\"hidden\" name=\"formu_rubriques[]\" value=\"permis-&amp;-titres-de-conduite\"><span class=\"wpgb-checkbox-control\"><\/span><span class=\"wpgb-checkbox-label\">Permis &amp; Titres de conduite&nbsp;<span>(18)<\/span><\/span><\/div><\/li><li><div class=\"wpgb-checkbox\" role=\"button\" aria-pressed=\"false\" tabindex=\"0\"><input type=\"hidden\" name=\"formu_rubriques[]\" value=\"permis-titres-de-conduite\"><span class=\"wpgb-checkbox-control\"><\/span><span class=\"wpgb-checkbox-label\">Permis &amp; Titres de conduite&nbsp;<span>(1)<\/span><\/span><\/div><\/li><\/ul><\/div>\t<\/fieldset>\n\t<\/div><\/div>\n<div class=\"wpgb-area wpgb-area-top-1\">\n\t<div class=\"wpgb-facet wpgb-loading wpgb-facet-13\" data-facet=\"13\" data-grid=\"1\">\t<fieldset>\n\t\t<legend class=\"wpgb-facet-title wpgb-sr-only\">Search-2<\/legend>\n\t\t<div class=\"wpgb-search-facet\"><label>\n\t\t\t\t<span class=\"wpgb-sr-only\">Rechercher<\/span>\n\t\t\t\t<input class=\"wpgb-input\" type=\"search\" name=\"search_test_2\" placeholder=\"Rechercher\" value=\"\" autocomplete=\"off\">\n\t\t\t\t<svg class=\"wpgb-input-icon\" viewBox=\"0 0 24 24\" height=\"16\" width=\"16\" aria-hidden=\"true\" focusable=\"false\"><path d=\"M17.5 17.5 23 23Zm-16-7a9 9 0 1 1 9 9 9 9 0 0 1-9-9Z\"\/><\/svg>\n\t\t\t<\/label><button type=\"button\" class=\"wpgb-clear-button\" hidden><span class=\"wpgb-sr-only\">Effacer<\/span><svg viewBox=\"0 0 24 24\" height=\"24\" width=\"24\" aria-hidden=\"true\" focusable=\"false\"><path d=\"m12 12-4.25 4.75L12.001 12 7.75 7.25 12.001 12l4.249-4.75L12 12l4.25 4.75Z\"\/><\/svg><\/button><\/div>\t<\/fieldset>\n\t<\/div><\/div>\n<div class=\"wpgb-layout\">\n\t<div class=\"wpgb-viewport\">\n\t\t<div class=\"wpgb-masonry\">\n\t\t\t<article class=\"wpgb-card wpgb-card-22 wpgb-post-6570\" data-col=\"1\" data-row=\"1\" data-format=\"standard\" data-fluid><div class=\"wpgb-card-wrapper\"><div class=\"wpgb-card-inner\" data-action><div class=\"wpgb-card-content wpgb-scheme-dark\"><div class=\"wpgb-card-footer\"><div class=\"wpgb-block-1\"><svg><use xlink:href=\"https:\/\/www.service-public.pf\/dtt\/wp-content\/plugins\/wp-grid-builder\/public\/svg\/files\/single-copy.svg#wpgb-icon\"\/><\/svg><\/div><div class=\"wpgb-block-3\">Permis &amp; Titres de conduite<\/div><h3 class=\"wpgb-block-2\">Arr\u00eat\u00e9 N\u00b0 501 PR Du 4 Mars 2026<\/h3><div class=\"wpgb-block-4\">T\u00e9l\u00e9charger<\/div><\/div><\/div><a class=\"wpgb-card-layer-link\" target=\"_blank\" rel=\"external noopener noreferrer\" href=\"https:\/\/www.service-public.pf\/dtt\/wp-content\/uploads\/sites\/47\/2026\/03\/Arrete-n\u00b0-501-PR-du-4-mars-2026.pdf\"><\/a><\/div><\/div><\/article><article class=\"wpgb-card wpgb-card-22 wpgb-post-5501\" data-col=\"1\" data-row=\"1\" data-format=\"standard\" data-fluid><div class=\"wpgb-card-wrapper\"><div class=\"wpgb-card-inner\" data-action><div class=\"wpgb-card-content wpgb-scheme-dark\"><div class=\"wpgb-card-footer\"><div class=\"wpgb-block-1\"><svg><use xlink:href=\"https:\/\/www.service-public.pf\/dtt\/wp-content\/plugins\/wp-grid-builder\/public\/svg\/files\/single-copy.svg#wpgb-icon\"\/><\/svg><\/div><div class=\"wpgb-block-3\">Permis &amp; Titres de conduite<\/div><h3 class=\"wpgb-block-2\">DEVENIR PSYCHOLOGUE D\u00c9CLAR\u00c9 POUR LE CONTR\u00d4LE M\u00c9DICAL DES CONDUCTEURS<\/h3><div class=\"wpgb-block-4\">T\u00e9l\u00e9charger<\/div><\/div><\/div><a class=\"wpgb-card-layer-link\" target=\"_blank\" rel=\"external noopener noreferrer\" href=\"https:\/\/www.service-public.pf\/dtt\/wp-content\/uploads\/sites\/47\/2026\/01\/1_Demande-dagrement.declaration.controle-medical.2023_02_02_VF-b.pdf\"><\/a><\/div><\/div><\/article><article class=\"wpgb-card wpgb-card-22 wpgb-post-5500\" data-col=\"1\" data-row=\"1\" data-format=\"standard\" data-fluid><div class=\"wpgb-card-wrapper\"><div class=\"wpgb-card-inner\" data-action><div class=\"wpgb-card-content wpgb-scheme-dark\"><div class=\"wpgb-card-footer\"><div class=\"wpgb-block-1\"><svg><use xlink:href=\"https:\/\/www.service-public.pf\/dtt\/wp-content\/plugins\/wp-grid-builder\/public\/svg\/files\/single-copy.svg#wpgb-icon\"\/><\/svg><\/div><div class=\"wpgb-block-3\">Permis &amp; Titres de conduite<\/div><h3 class=\"wpgb-block-2\">BORDEREAU DE D\u00c9P\u00d4T DE LIVRET(S) D\u2019APPRENTISSAGE<\/h3><div class=\"wpgb-block-4\">T\u00e9l\u00e9charger<\/div><\/div><\/div><a class=\"wpgb-card-layer-link\" target=\"_blank\" rel=\"external noopener noreferrer\" href=\"https:\/\/www.service-public.pf\/dtt\/wp-content\/uploads\/sites\/47\/2026\/01\/Bordereau_de_depot.AAC_.07.09.09.pdf\"><\/a><\/div><\/div><\/article><article class=\"wpgb-card wpgb-card-22 wpgb-post-5491\" data-col=\"1\" data-row=\"1\" data-format=\"standard\" data-fluid><div class=\"wpgb-card-wrapper\"><div class=\"wpgb-card-inner\" data-action><div class=\"wpgb-card-content wpgb-scheme-dark\"><div class=\"wpgb-card-footer\"><div class=\"wpgb-block-1\"><svg><use xlink:href=\"https:\/\/www.service-public.pf\/dtt\/wp-content\/plugins\/wp-grid-builder\/public\/svg\/files\/single-copy.svg#wpgb-icon\"\/><\/svg><\/div><div class=\"wpgb-block-3\">D\u00e9marches V\u00e9hicules<\/div><h3 class=\"wpgb-block-2\">DEMANDE CONCERNANT UN V\u00c9HICULE D\u00c9J\u00c0 IMMATRICUL\u00c9<\/h3><div class=\"wpgb-block-4\">T\u00e9l\u00e9charger<\/div><\/div><\/div><a class=\"wpgb-card-layer-link\" target=\"_blank\" rel=\"external noopener noreferrer\" href=\"https:\/\/www.service-public.pf\/dtt\/wp-content\/uploads\/sites\/47\/2025\/12\/2_Demande-CONCERNANT-un-vehicule-deja-immatricule-2.pdf\"><\/a><\/div><\/div><\/article><article class=\"wpgb-card wpgb-card-22 wpgb-post-4888\" data-col=\"1\" data-row=\"1\" data-format=\"standard\" data-fluid><div class=\"wpgb-card-wrapper\"><div class=\"wpgb-card-inner\" data-action><div class=\"wpgb-card-content wpgb-scheme-dark\"><div class=\"wpgb-card-footer\"><div class=\"wpgb-block-1\"><svg><use xlink:href=\"https:\/\/www.service-public.pf\/dtt\/wp-content\/plugins\/wp-grid-builder\/public\/svg\/files\/single-copy.svg#wpgb-icon\"\/><\/svg><\/div><div class=\"wpgb-block-3\">D\u00e9marches V\u00e9hicules<\/div><h3 class=\"wpgb-block-2\">DEMANDE DE CESSION POUR DESTRUCTION OU D\u2019ANNULATION<\/h3><div class=\"wpgb-block-4\">T\u00e9l\u00e9charger<\/div><\/div><\/div><a class=\"wpgb-card-layer-link\" target=\"_blank\" rel=\"external noopener noreferrer\" href=\"https:\/\/www.service-public.pf\/dtt\/wp-content\/uploads\/sites\/47\/2025\/09\/DESTRCUTION-OU-ANNULATION.pdf\"><\/a><\/div><\/div><\/article><article class=\"wpgb-card wpgb-card-22 wpgb-post-4074\" data-col=\"1\" data-row=\"1\" data-format=\"standard\" data-fluid><div class=\"wpgb-card-wrapper\"><div class=\"wpgb-card-inner\" data-action><div class=\"wpgb-card-content wpgb-scheme-dark\"><div class=\"wpgb-card-footer\"><div class=\"wpgb-block-1\"><svg><use xlink:href=\"https:\/\/www.service-public.pf\/dtt\/wp-content\/plugins\/wp-grid-builder\/public\/svg\/files\/single-copy.svg#wpgb-icon\"\/><\/svg><\/div><div class=\"wpgb-block-3\">Expertise &amp; R\u00e9glementation<\/div><h3 class=\"wpgb-block-2\">ATTESTATION SUR L\u2019HONNEUR DE 1\u00c8RE MISE EN CIRCULATION EN PF<\/h3><div class=\"wpgb-block-4\">T\u00e9l\u00e9charger<\/div><\/div><\/div><a class=\"wpgb-card-layer-link\" target=\"_blank\" rel=\"external noopener noreferrer\" href=\"https:\/\/www.service-public.pf\/dtt\/wp-content\/uploads\/sites\/47\/2025\/03\/Modele-attestation-mise-a-la-consommation-vehicules-neufs-professionnels.pdf\"><\/a><\/div><\/div><\/article><article class=\"wpgb-card wpgb-card-22 wpgb-post-2832\" data-col=\"1\" data-row=\"1\" data-format=\"standard\" data-fluid><div class=\"wpgb-card-wrapper\"><div class=\"wpgb-card-inner\" data-action><div class=\"wpgb-card-content wpgb-scheme-dark\"><div class=\"wpgb-card-footer\"><div class=\"wpgb-block-1\"><svg><use xlink:href=\"https:\/\/www.service-public.pf\/dtt\/wp-content\/plugins\/wp-grid-builder\/public\/svg\/files\/single-copy.svg#wpgb-icon\"\/><\/svg><\/div><div class=\"wpgb-block-3\">M\u00e9tiers du Transport<\/div><h3 class=\"wpgb-block-2\">DEMANDE DE LICENCES SUPPLEMENTAIRES<\/h3><div class=\"wpgb-block-4\">T\u00e9l\u00e9charger<\/div><\/div><\/div><a class=\"wpgb-card-layer-link\" target=\"_blank\" rel=\"external noopener noreferrer\" href=\"https:\/\/www.service-public.pf\/dtt\/wp-content\/uploads\/sites\/47\/2023\/12\/3_Formulaire-de-licences-supplementaires-MAJ-octobre-2022.pdf\"><\/a><\/div><\/div><\/article><article class=\"wpgb-card wpgb-card-22 wpgb-post-2831\" data-col=\"1\" data-row=\"1\" data-format=\"standard\" data-fluid><div class=\"wpgb-card-wrapper\"><div class=\"wpgb-card-inner\" data-action><div class=\"wpgb-card-content wpgb-scheme-dark\"><div class=\"wpgb-card-footer\"><div class=\"wpgb-block-1\"><svg><use xlink:href=\"https:\/\/www.service-public.pf\/dtt\/wp-content\/plugins\/wp-grid-builder\/public\/svg\/files\/single-copy.svg#wpgb-icon\"\/><\/svg><\/div><div class=\"wpgb-block-3\">M\u00e9tiers du Transport<\/div><h3 class=\"wpgb-block-2\">DEMANDE D\u2019INSCRIPTION AU PLAN DE TRANSPORT<\/h3><div class=\"wpgb-block-4\">T\u00e9l\u00e9charger<\/div><\/div><\/div><a class=\"wpgb-card-layer-link\" target=\"_blank\" rel=\"external noopener noreferrer\" href=\"https:\/\/www.service-public.pf\/dtt\/wp-content\/uploads\/sites\/47\/2023\/12\/1_Formulaire-dautorisation-prealable-MAJ-octobre-2022.pdf\"><\/a><\/div><\/div><\/article><article class=\"wpgb-card wpgb-card-22 wpgb-post-2830\" data-col=\"1\" data-row=\"1\" data-format=\"standard\" data-fluid><div class=\"wpgb-card-wrapper\"><div class=\"wpgb-card-inner\" data-action><div class=\"wpgb-card-content wpgb-scheme-dark\"><div class=\"wpgb-card-footer\"><div class=\"wpgb-block-1\"><svg><use xlink:href=\"https:\/\/www.service-public.pf\/dtt\/wp-content\/plugins\/wp-grid-builder\/public\/svg\/files\/single-copy.svg#wpgb-icon\"\/><\/svg><\/div><div class=\"wpgb-block-3\">M\u00e9tiers du Transport<\/div><h3 class=\"wpgb-block-2\">DEMANDE DE CESSION DE LICENCE<\/h3><div class=\"wpgb-block-4\">T\u00e9l\u00e9charger<\/div><\/div><\/div><a class=\"wpgb-card-layer-link\" target=\"_blank\" rel=\"external noopener noreferrer\" href=\"https:\/\/www.service-public.pf\/dtt\/wp-content\/uploads\/sites\/47\/2023\/12\/2_Formulaire-cession-autoris-licences-MAJ-octobre-2022.pdf\"><\/a><\/div><\/div><\/article><article class=\"wpgb-card wpgb-card-22 wpgb-post-2827\" data-col=\"1\" data-row=\"1\" data-format=\"standard\" data-fluid><div class=\"wpgb-card-wrapper\"><div class=\"wpgb-card-inner\" data-action><div class=\"wpgb-card-content wpgb-scheme-dark\"><div class=\"wpgb-card-footer\"><div class=\"wpgb-block-1\"><svg><use xlink:href=\"https:\/\/www.service-public.pf\/dtt\/wp-content\/plugins\/wp-grid-builder\/public\/svg\/files\/single-copy.svg#wpgb-icon\"\/><\/svg><\/div><div class=\"wpgb-block-3\">M\u00e9tiers du Transport<\/div><h3 class=\"wpgb-block-2\">FORMULAIRE RELATIF A LA PROFESSION D\u2019EXPLOITANT DE TAXI, VEHICULE DE REMISE, VEHICULE MULTI-TRANSPORTS<\/h3><div class=\"wpgb-block-4\">T\u00e9l\u00e9charger<\/div><\/div><\/div><a class=\"wpgb-card-layer-link\" target=\"_blank\" rel=\"external noopener noreferrer\" href=\"https:\/\/www.service-public.pf\/dtt\/wp-content\/uploads\/sites\/47\/2023\/12\/4_Formulaire-TAXI-VR-VMT-MAJ-octobre-2022-avec-avis-du-Maire.pdf\"><\/a><\/div><\/div><\/article>\t\t<\/div>\n\t<\/div>\n\t<\/div>\n<div class=\"wpgb-area wpgb-area-bottom-1\">\n\t<div class=\"wpgb-facet wpgb-loading wpgb-facet-12\" data-facet=\"12\" data-grid=\"1\"><nav class=\"wpgb-pagination-facet\" aria-label=\"Navigation\"><ul class=\"wpgb-pagination\"><li class=\"wpgb-page\"><a href=\"https:\/\/www.service-public.pf\/dtt\/guichet-des-formulaires\/?_load_more_2=1\" aria-current=\"true\" aria-label=\"Page courante, Page 1\" data-page=\"1\">1<\/a><\/li><li class=\"wpgb-page\"><a href=\"https:\/\/www.service-public.pf\/dtt\/guichet-des-formulaires\/?_load_more_2=2\" aria-label=\"Aller \u00e0 la page 2\" data-page=\"2\">2<\/a><\/li><li class=\"wpgb-page\"><a href=\"https:\/\/www.service-public.pf\/dtt\/guichet-des-formulaires\/?_load_more_2=3\" aria-label=\"Aller \u00e0 la page 3\" data-page=\"3\">3<\/a><\/li><li class=\"wpgb-page\"><a href=\"https:\/\/www.service-public.pf\/dtt\/guichet-des-formulaires\/?_load_more_2=4\" aria-label=\"Aller \u00e0 la page 4\" data-page=\"4\">4<\/a><\/li><li class=\"wpgb-page\"><a href=\"https:\/\/www.service-public.pf\/dtt\/guichet-des-formulaires\/?_load_more_2=5\" aria-label=\"Aller \u00e0 la page 5\" data-page=\"5\">5<\/a><\/li><li class=\"wpgb-page\"><a href=\"https:\/\/www.service-public.pf\/dtt\/guichet-des-formulaires\/?_load_more_2=6\" aria-label=\"Aller \u00e0 la page 6\" data-page=\"6\">6<\/a><\/li><li class=\"wpgb-page wpgb-page-next\"><a href=\"https:\/\/www.service-public.pf\/dtt\/guichet-des-formulaires\/?_load_more_2=2\" aria-label=\"Aller \u00e0 la page 2\" data-page=\"2\">Suivant \u00bb<\/a><\/li><\/ul><\/nav><\/div><\/div>\n\t<\/div>\n\t\t<\/div>\n<\/div>\n\n<\/div><div class=\"fusion-separator fusion-full-width-sep\" style=\"align-self: center;margin-left: auto;margin-right: auto;margin-top:15px;margin-bottom:15px;width:100%;\"><\/div><\/div><\/div><\/div><\/div>\n","protected":false},"excerpt":{"rendered":"<p>FORMULAIRE RELATIF A LA PROFESSION D\u2019EXPLOITANT DE TAXI, VEHICULE DE REMISE, VEHICULE MULTI-TRANSPORTS<\/p>\n","protected":false},"author":98,"featured_media":0,"parent":0,"menu_order":0,"comment_status":"closed","ping_status":"closed","template":"","meta":{"_acf_changed":false,"_seopress_robots_primary_cat":"","_seopress_titles_title":"","_seopress_titles_desc":"","_seopress_robots_index":"","footnotes":""},"class_list":["post-5250","page","type-page","status-publish","hentry"],"acf":[],"_links":{"self":[{"href":"https:\/\/www.service-public.pf\/dtt\/wp-json\/wp\/v2\/pages\/5250","targetHints":{"allow":["GET"]}}],"collection":[{"href":"https:\/\/www.service-public.pf\/dtt\/wp-json\/wp\/v2\/pages"}],"about":[{"href":"https:\/\/www.service-public.pf\/dtt\/wp-json\/wp\/v2\/types\/page"}],"author":[{"embeddable":true,"href":"https:\/\/www.service-public.pf\/dtt\/wp-json\/wp\/v2\/users\/98"}],"replies":[{"embeddable":true,"href":"https:\/\/www.service-public.pf\/dtt\/wp-json\/wp\/v2\/comments?post=5250"}],"version-history":[{"count":5,"href":"https:\/\/www.service-public.pf\/dtt\/wp-json\/wp\/v2\/pages\/5250\/revisions"}],"predecessor-version":[{"id":6464,"href":"https:\/\/www.service-public.pf\/dtt\/wp-json\/wp\/v2\/pages\/5250\/revisions\/6464"}],"wp:attachment":[{"href":"https:\/\/www.service-public.pf\/dtt\/wp-json\/wp\/v2\/media?parent=5250"}],"curies":[{"name":"wp","href":"https:\/\/api.w.org\/{rel}","templated":true}]}}