{"id":5972,"date":"2026-01-05T21:40:41","date_gmt":"2026-01-06T07:40:41","guid":{"rendered":"https:\/\/www.service-public.pf\/dtt\/?page_id=5972"},"modified":"2026-01-21T08:50:06","modified_gmt":"2026-01-21T18:50:06","slug":"demarches-en-ligne-dtt","status":"publish","type":"page","link":"https:\/\/www.service-public.pf\/dtt\/demarches-en-ligne-dtt\/","title":{"rendered":"D\u00e9marches en ligne"},"content":{"rendered":"<p><div class=\"fusion-fullwidth fullwidth-box fusion-builder-row-1 fusion-flex-container has-pattern-background has-mask-background nonhundred-percent-fullwidth non-hundred-percent-height-scrolling\" style=\"--awb-border-radius-top-left:0px;--awb-border-radius-top-right:0px;--awb-border-radius-bottom-right:0px;--awb-border-radius-bottom-left:0px;--awb-flex-wrap:wrap;\" ><div class=\"fusion-builder-row fusion-row fusion-flex-align-items-flex-start fusion-flex-content-wrap\" style=\"max-width:99.84%;margin-left: calc(-4% \/ 2 );margin-right: calc(-4% \/ 2 );\"><div class=\"fusion-layout-column fusion_builder_column fusion-builder-column-0 fusion_builder_column_1_1 1_1 fusion-flex-column\" style=\"--awb-bg-size:cover;--awb-width-large:100%;--awb-margin-top-large:0px;--awb-spacing-right-large:1.92%;--awb-margin-bottom-large:20px;--awb-spacing-left-large:1.92%;--awb-width-medium:100%;--awb-order-medium:0;--awb-spacing-right-medium:1.92%;--awb-spacing-left-medium:1.92%;--awb-width-small:100%;--awb-order-small:0;--awb-spacing-right-small:1.92%;--awb-spacing-left-small:1.92%;\"><div class=\"fusion-column-wrapper fusion-column-has-shadow fusion-flex-justify-content-flex-start fusion-content-layout-column\"><div class=\"fusion-separator fusion-full-width-sep\" style=\"align-self: center;margin-left: auto;margin-right: auto;margin-top:15px;margin-bottom:15px;width:100%;\"><\/div><div class=\"fusion-separator fusion-full-width-sep\" style=\"align-self: center;margin-left: auto;margin-right: auto;margin-top:15px;margin-bottom:15px;width:100%;\"><\/div><\/div><\/div><\/div><\/div><div class=\"fusion-fullwidth fullwidth-box fusion-builder-row-2 fusion-flex-container has-pattern-background has-mask-background nonhundred-percent-fullwidth non-hundred-percent-height-scrolling\" style=\"--awb-border-radius-top-left:0px;--awb-border-radius-top-right:0px;--awb-border-radius-bottom-right:0px;--awb-border-radius-bottom-left:0px;--awb-flex-wrap:wrap;\" ><div class=\"fusion-builder-row fusion-row fusion-flex-align-items-flex-start fusion-flex-content-wrap\" style=\"max-width:99.84%;margin-left: calc(-4% \/ 2 );margin-right: calc(-4% \/ 2 );\"><div class=\"fusion-layout-column fusion_builder_column fusion-builder-column-1 fusion_builder_column_2_3 2_3 fusion-flex-column\" style=\"--awb-bg-size:cover;--awb-width-large:66.666666666667%;--awb-margin-top-large:0px;--awb-spacing-right-large:2.88%;--awb-margin-bottom-large:20px;--awb-spacing-left-large:2.88%;--awb-width-medium:100%;--awb-order-medium:0;--awb-spacing-right-medium:1.92%;--awb-spacing-left-medium:1.92%;--awb-width-small:100%;--awb-order-small:0;--awb-spacing-right-small:1.92%;--awb-spacing-left-small:1.92%;\"><div class=\"fusion-column-wrapper fusion-column-has-shadow fusion-flex-justify-content-flex-start fusion-content-layout-column\"><div class=\"fusion-text fusion-text-1\" style=\"--awb-content-alignment:justify;\"><p>Effectuer une d\u00e9marche administrative en ligne aupr\u00e8s de la Direction des transports terrestres, c&rsquo;est possible !<\/p>\n<p>Que vous soyez dans les \u00eeles, que vous soyez press\u00e9 ou que vous ne puissiez pas vous rendre aux guichets du service, les d\u00e9marches d\u00e9mat\u00e9rialis\u00e9es vous permettent de r\u00e9aliser vos d\u00e9marches aupr\u00e8s de la Direction des transports terrestres.<\/p>\n<p>Dans une volont\u00e9 de simplification administrative, d&rsquo;am\u00e9lioration de la qualit\u00e9 de service et d&rsquo;accessibilit\u00e9 du service public, la Direction des transports terrestres d\u00e9veloppe progressivement son offre de d\u00e9marches d\u00e9mat\u00e9rialis\u00e9es.<\/p>\n<\/div><div class=\"fusion-text fusion-text-2\" style=\"--awb-content-alignment:justify;\"><p><strong>Comment \u00e7a marche ?<\/strong><\/p>\n<p>D\u00e9couvrez les d\u00e9marches d\u00e9mat\u00e9rialis\u00e9es de la Direction des transports terrestres \u00e0 r\u00e9aliser sur le site <a href=\"https:\/\/www.mes-demarches.gov.pf\" target=\"_blank\" rel=\"noopener\"><strong>www.mes-demarches.gov.pf<\/strong><\/a><\/p>\n<p>Vous devrez cr\u00e9er votre compte mes-d\u00e9marches et remplir le formulaire correspondant \u00e0 votre demande.<\/p>\n<\/div><div class=\"fusion-image-element \" style=\"--awb-caption-title-font-family:var(--h2_typography-font-family);--awb-caption-title-font-weight:var(--h2_typography-font-weight);--awb-caption-title-font-style:var(--h2_typography-font-style);--awb-caption-title-size:var(--h2_typography-font-size);--awb-caption-title-transform:var(--h2_typography-text-transform);--awb-caption-title-line-height:var(--h2_typography-line-height);--awb-caption-title-letter-spacing:var(--h2_typography-letter-spacing);\"><span class=\" fusion-imageframe imageframe-none imageframe-1 hover-type-none\"><a class=\"fusion-no-lightbox\" href=\"https:\/\/www.mes-demarches.gov.pf\" target=\"_blank\" aria-label=\"Logo Mes Demarches\" rel=\"noopener noreferrer\"><img decoding=\"async\" width=\"300\" height=\"30\" src=\"https:\/\/www.service-public.pf\/dtt\/wp-content\/uploads\/sites\/47\/2022\/10\/logo-mes-demarches.png\" data-orig-src=\"https:\/\/www.service-public.pf\/dtt\/wp-content\/uploads\/sites\/47\/2022\/10\/logo-mes-demarches-300x30.png\" alt class=\"lazyload img-responsive wp-image-2138\" srcset=\"data:image\/svg+xml,%3Csvg%20xmlns%3D%27http%3A%2F%2Fwww.w3.org%2F2000%2Fsvg%27%20width%3D%271338%27%20height%3D%27136%27%20viewBox%3D%270%200%201338%20136%27%3E%3Crect%20width%3D%271338%27%20height%3D%27136%27%20fill-opacity%3D%220%22%2F%3E%3C%2Fsvg%3E\" data-srcset=\"https:\/\/www.service-public.pf\/dtt\/wp-content\/uploads\/sites\/47\/2022\/10\/logo-mes-demarches-200x20.png 200w, https:\/\/www.service-public.pf\/dtt\/wp-content\/uploads\/sites\/47\/2022\/10\/logo-mes-demarches-400x41.png 400w, https:\/\/www.service-public.pf\/dtt\/wp-content\/uploads\/sites\/47\/2022\/10\/logo-mes-demarches-600x61.png 600w, https:\/\/www.service-public.pf\/dtt\/wp-content\/uploads\/sites\/47\/2022\/10\/logo-mes-demarches-800x81.png 800w, https:\/\/www.service-public.pf\/dtt\/wp-content\/uploads\/sites\/47\/2022\/10\/logo-mes-demarches-1200x122.png 1200w, https:\/\/www.service-public.pf\/dtt\/wp-content\/uploads\/sites\/47\/2022\/10\/logo-mes-demarches.png 1338w\" data-sizes=\"auto\" data-orig-sizes=\"(max-width: 1024px) 100vw, (max-width: 640px) 100vw, 1200px\" \/><\/a><\/span><\/div><\/div><\/div><div class=\"fusion-layout-column fusion_builder_column fusion-builder-column-2 fusion_builder_column_1_3 1_3 fusion-flex-column\" style=\"--awb-padding-top:30px;--awb-padding-right:50px;--awb-padding-bottom:50px;--awb-padding-left:50px;--awb-padding-top-small:30px;--awb-padding-bottom-small:40px;--awb-padding-left-small:20px;--awb-bg-color:#f7f7f7;--awb-bg-color-hover:#f7f7f7;--awb-bg-size:cover;--awb-box-shadow:3px 3px 2px 1px #dddddd;;--awb-border-color:#223780;--awb-border-left:7px;--awb-border-style:solid;--awb-width-large:33.333333333333%;--awb-margin-top-large:0px;--awb-spacing-right-large:5.76%;--awb-margin-bottom-large:20px;--awb-spacing-left-large:5.76%;--awb-width-medium:100%;--awb-order-medium:0;--awb-spacing-right-medium:1.92%;--awb-spacing-left-medium:1.92%;--awb-width-small:100%;--awb-order-small:0;--awb-spacing-right-small:1.92%;--awb-margin-bottom-small:60px;--awb-spacing-left-small:1.92%;\"><div class=\"fusion-column-wrapper fusion-column-has-shadow fusion-flex-justify-content-flex-start fusion-content-layout-column\"><i class=\"fb-icon-element-1 fb-icon-element fontawesome-icon fa-laptop fas circle-yes\" style=\"--awb-circlecolor:#223780;--awb-circlecolor-hover:#223780;--awb-circlebordercolor:rgba(51,51,51,0);--awb-circlebordercolor-hover:#223780;--awb-circlebordersize:1px;--awb-font-size:28.16px;--awb-width:56.32px;--awb-height:56.32px;--awb-line-height:54.32px;--awb-align-self:center;--awb-margin-top:-55px;--awb-margin-right:0px;--awb-margin-bottom:0px;--awb-margin-left:0px;\"><\/i><div class=\"fusion-separator fusion-full-width-sep\" style=\"align-self: center;margin-left: auto;margin-right: auto;margin-top:15px;margin-bottom:15px;width:100%;\"><\/div><div class=\"fusion-text fusion-text-3\"><p style=\"text-align: center\"><span style=\"text-transform: uppercase;font-weight: bold\">Contact<\/span><\/p>\n<p style=\"text-align: left\"><strong>Besoin d&rsquo;aide pour vos d\u00e9marches en ligne ?<\/strong><\/p>\n<p>Le bureau des activit\u00e9s de transport est \u00e0 votre disposition pour vous accompagner.<\/p>\n<\/div><ul style=\"--awb-size:16px;--awb-line-height:27.2px;--awb-icon-width:27.2px;--awb-icon-height:27.2px;--awb-icon-margin:11.2px;--awb-content-margin:38.4px;--awb-circlecolor:#223780;--awb-circle-yes-font-size:14.08px;\" class=\"fusion-checklist fusion-checklist-1 fusion-checklist-default type-icons\"><li class=\"fusion-li-item\" style=\"\"><span class=\"icon-wrapper circle-yes\"><i class=\"fusion-li-icon fa-calendar fas\" aria-hidden=\"true\"><\/i><\/span><div class=\"fusion-li-item-content\">\n<p>lundi \u00e0 mercredi de 7h30 \u00e0 14h30, et le jeudi et vendredi de 7h30 \u00e0 12h<\/p>\n<\/div><\/li><li class=\"fusion-li-item\" style=\"\"><span class=\"icon-wrapper circle-yes\"><i class=\"fusion-li-icon fa-phone-rotary fas\" aria-hidden=\"true\"><\/i><\/span><div class=\"fusion-li-item-content\"><a href=\"tel:+68940549653\">40 54 96 53<\/a><\/div><\/li><li class=\"fusion-li-item\" style=\"\"><span class=\"icon-wrapper circle-yes\"><i class=\"fusion-li-icon fa-at fas\" aria-hidden=\"true\"><\/i><\/span><div class=\"fusion-li-item-content\"><a href=\"mailto:bat.dtt@administration.gov.pf\" target=\"_blank\" rel=\"noopener\">bat.dtt@administration.gov.pf<\/a><\/div><\/li><\/ul><\/div><\/div><\/div><\/div><div class=\"fusion-fullwidth fullwidth-box fusion-builder-row-3 fusion-flex-container has-pattern-background has-mask-background nonhundred-percent-fullwidth non-hundred-percent-height-scrolling\" style=\"--awb-border-radius-top-left:0px;--awb-border-radius-top-right:0px;--awb-border-radius-bottom-right:0px;--awb-border-radius-bottom-left:0px;--awb-flex-wrap:wrap;\" ><div class=\"fusion-builder-row fusion-row fusion-flex-align-items-flex-start fusion-flex-content-wrap\" style=\"max-width:99.84%;margin-left: calc(-4% \/ 2 );margin-right: calc(-4% \/ 2 );\"><div class=\"fusion-layout-column fusion_builder_column fusion-builder-column-3 fusion_builder_column_1_1 1_1 fusion-flex-column\" style=\"--awb-bg-size:cover;--awb-width-large:100%;--awb-margin-top-large:0px;--awb-spacing-right-large:1.92%;--awb-margin-bottom-large:20px;--awb-spacing-left-large:1.92%;--awb-width-medium:100%;--awb-order-medium:0;--awb-spacing-right-medium:1.92%;--awb-spacing-left-medium:1.92%;--awb-width-small:100%;--awb-order-small:0;--awb-spacing-right-small:1.92%;--awb-spacing-left-small:1.92%;\"><div class=\"fusion-column-wrapper fusion-column-has-shadow fusion-flex-justify-content-flex-start fusion-content-layout-column\"><div class=\"fusion-separator fusion-full-width-sep\" style=\"align-self: center;margin-left: auto;margin-right: auto;margin-top:15px;margin-bottom:15px;width:100%;\"><\/div><\/div><\/div><\/div><\/div><div class=\"fusion-fullwidth fullwidth-box fusion-builder-row-4 fusion-flex-container has-pattern-background has-mask-background nonhundred-percent-fullwidth non-hundred-percent-height-scrolling\" style=\"--awb-border-radius-top-left:0px;--awb-border-radius-top-right:0px;--awb-border-radius-bottom-right:0px;--awb-border-radius-bottom-left:0px;--awb-flex-wrap:wrap;\" ><div class=\"fusion-builder-row fusion-row fusion-flex-align-items-flex-start fusion-flex-content-wrap\" style=\"max-width:99.84%;margin-left: calc(-4% \/ 2 );margin-right: calc(-4% \/ 2 );\"><div class=\"fusion-layout-column fusion_builder_column fusion-builder-column-4 fusion_builder_column_2_3 2_3 fusion-flex-column\" style=\"--awb-bg-size:cover;--awb-width-large:66.666666666667%;--awb-margin-top-large:0px;--awb-spacing-right-large:2.88%;--awb-margin-bottom-large:20px;--awb-spacing-left-large:2.88%;--awb-width-medium:100%;--awb-order-medium:0;--awb-spacing-right-medium:1.92%;--awb-spacing-left-medium:1.92%;--awb-width-small:100%;--awb-order-small:0;--awb-spacing-right-small:1.92%;--awb-spacing-left-small:1.92%;\"><div class=\"fusion-column-wrapper fusion-column-has-shadow fusion-flex-justify-content-flex-start fusion-content-layout-column\"><div class=\"fusion-title title fusion-title-1 fusion-sep-none fusion-title-text fusion-title-size-two\" style=\"--awb-margin-bottom:0px;--awb-margin-top-small:0px;--awb-margin-right-small:0px;--awb-margin-bottom-small:20px;--awb-margin-left-small:0px;\"><h2 class=\"fusion-title-heading title-heading-left\" style=\"margin:0;\">Les d\u00e9marches disponibles en ligne<\/h2><\/div><div class=\"accordian fusion-accordian\" style=\"--awb-border-size:0px;--awb-icon-size:13px;--awb-content-font-size:16px;--awb-icon-alignment:left;--awb-hover-color:#f9f9f9;--awb-border-color:#cccccc;--awb-background-color:var(--awb-custom13);--awb-divider-color:#e0dede;--awb-divider-hover-color:#e0dede;--awb-icon-color:var(--awb-color1);--awb-title-color:#223780;--awb-content-color:#424242;--awb-icon-box-color:#223880;--awb-toggle-hover-accent-color:#e03528;--awb-title-font-family:&quot;Public Sans&quot;;--awb-title-font-weight:300;--awb-title-font-style:normal;--awb-title-font-size:16px;--awb-content-font-family:&quot;Public Sans&quot;;--awb-content-font-style:normal;--awb-content-font-weight:300;\"><div class=\"panel-group fusion-toggle-icon-boxed\" id=\"accordion-5972-1\"><div class=\"fusion-panel panel-default panel-8743bdb5b9823796f fusion-toggle-no-divider fusion-toggle-boxed-mode\" style=\"--awb-content-font-size:16px;--awb-content-font-family:&quot;Public Sans&quot;;--awb-content-font-style:normal;--awb-content-font-weight:300;--awb-title-font-family:&quot;Public Sans&quot;;--awb-title-font-weight:300;--awb-title-font-style:normal;--awb-title-font-size:16px;--awb-title-color:#223780;--awb-content-color:#424242;\"><div class=\"panel-heading\"><h4 class=\"panel-title toggle\" id=\"toggle_8743bdb5b9823796f\"><a aria-expanded=\"false\" aria-controls=\"8743bdb5b9823796f\" role=\"button\" data-toggle=\"collapse\" data-target=\"#8743bdb5b9823796f\" href=\"#8743bdb5b9823796f\"><span class=\"fusion-toggle-icon-wrapper\" aria-hidden=\"true\"><i class=\"fa-fusion-box active-icon fa-angle-down fas\" aria-hidden=\"true\"><\/i><i class=\"fa-fusion-box inactive-icon fa-angle-right fas\" aria-hidden=\"true\"><\/i><\/span><span class=\"fusion-toggle-heading\">Aide financi\u00e8re au permis de conduire <\/span><\/a><\/h4><\/div><div id=\"8743bdb5b9823796f\" class=\"panel-collapse collapse \" aria-labelledby=\"toggle_8743bdb5b9823796f\"><div class=\"panel-body toggle-content fusion-clearfix\">\n<p>Pour les d\u00e9p\u00f4ts de dossier d\u2019aide financi\u00e8re au permis de conduire, nous vous invitons \u00e0 <a href=\"https:\/\/www.service-public.pf\/dtt\/aide-permis-de-conduire-hors-periode-v2\/\" target=\"_blank\" rel=\"noopener\">consulter notre page d\u00e9di\u00e9e<\/a>\u00a0<u><\/u><\/p>\n<\/div><\/div><\/div><div class=\"fusion-panel panel-default panel-6e2e1e90503d7deec fusion-toggle-no-divider fusion-toggle-boxed-mode\" style=\"--awb-content-font-size:16px;--awb-content-font-family:&quot;Public Sans&quot;;--awb-content-font-style:normal;--awb-content-font-weight:300;--awb-title-font-family:&quot;Public Sans&quot;;--awb-title-font-weight:300;--awb-title-font-style:normal;--awb-title-font-size:16px;--awb-title-color:#223780;--awb-content-color:#424242;\"><div class=\"panel-heading\"><h4 class=\"panel-title toggle\" id=\"toggle_6e2e1e90503d7deec\"><a aria-expanded=\"false\" aria-controls=\"6e2e1e90503d7deec\" role=\"button\" data-toggle=\"collapse\" data-target=\"#6e2e1e90503d7deec\" href=\"#6e2e1e90503d7deec\"><span class=\"fusion-toggle-icon-wrapper\" aria-hidden=\"true\"><i class=\"fa-fusion-box active-icon fa-angle-down fas\" aria-hidden=\"true\"><\/i><i class=\"fa-fusion-box inactive-icon fa-angle-right fas\" aria-hidden=\"true\"><\/i><\/span><span class=\"fusion-toggle-heading\">Inscriptions aux examen AQP <\/span><\/a><\/h4><\/div><div id=\"6e2e1e90503d7deec\" class=\"panel-collapse collapse \" aria-labelledby=\"toggle_6e2e1e90503d7deec\"><div class=\"panel-body toggle-content fusion-clearfix\">\n<p>Les d\u00e9marches sont <a href=\"https:\/\/www.service-public.pf\/dtt\/professionnels\/les-examens-professionnels-du-transport-aqp-v2b\/\" target=\"_blank\" rel=\"noopener\">ici<\/a>.<\/p>\n<\/div><\/div><\/div><div class=\"fusion-panel panel-default panel-46b0dc1626cafb4bc fusion-toggle-no-divider fusion-toggle-boxed-mode\" style=\"--awb-content-font-size:16px;--awb-content-font-family:&quot;Public Sans&quot;;--awb-content-font-style:normal;--awb-content-font-weight:300;--awb-title-font-family:&quot;Public Sans&quot;;--awb-title-font-weight:300;--awb-title-font-style:normal;--awb-title-font-size:16px;--awb-title-color:#223780;--awb-content-color:#424242;\"><div class=\"panel-heading\"><h4 class=\"panel-title toggle\" id=\"toggle_46b0dc1626cafb4bc\"><a aria-expanded=\"false\" aria-controls=\"46b0dc1626cafb4bc\" role=\"button\" data-toggle=\"collapse\" data-target=\"#46b0dc1626cafb4bc\" href=\"#46b0dc1626cafb4bc\"><span class=\"fusion-toggle-icon-wrapper\" aria-hidden=\"true\"><i class=\"fa-fusion-box active-icon fa-angle-down fas\" aria-hidden=\"true\"><\/i><i class=\"fa-fusion-box inactive-icon fa-angle-right fas\" aria-hidden=\"true\"><\/i><\/span><span class=\"fusion-toggle-heading\">\u00c0 quand la d\u00e9mat\u00e9rialisation des d\u00e9marches de la DTT ?<\/span><\/a><\/h4><\/div><div id=\"46b0dc1626cafb4bc\" class=\"panel-collapse collapse \" aria-labelledby=\"toggle_46b0dc1626cafb4bc\"><div class=\"panel-body toggle-content fusion-clearfix\">\n<p>Le projet \u00ab Utara\u2019a \u00bb est en cours de d\u00e9veloppement.<\/p>\n<p>Il vise la cr\u00e9ation d\u2019une nouvelle plateforme num\u00e9rique permettant de centraliser vos donn\u00e9es personnelles li\u00e9es aux droits \u00e0 la conduite ainsi que les informations concernant vos v\u00e9hicules.<\/p>\n<p>Cette plateforme vous offrira :<\/p>\n<ul>\n<li>Un acc\u00e8s \u00e0 vos d\u00e9marches s\u00e9curis\u00e9es, depuis votre compte personnel, \u00e0 tout moment et depuis n\u2019importe o\u00f9 ;<\/li>\n<li>Un suivi en temps r\u00e9el de l\u2019avancement de votre dossier sur la plateforme et par notification mail ;<\/li>\n<li>Des d\u00e9placements limit\u00e9s aux strict n\u00e9cessaire gr\u00e2ce \u00e0 une gestion simplifi\u00e9e et d\u00e9mat\u00e9rialis\u00e9e.<\/li>\n<\/ul>\n<\/div><\/div><\/div><\/div><\/div><\/div><\/div><div class=\"fusion-layout-column fusion_builder_column fusion-builder-column-5 fusion_builder_column_1_3 1_3 fusion-flex-column\" style=\"--awb-padding-top:30px;--awb-padding-right:50px;--awb-padding-bottom:50px;--awb-padding-left:50px;--awb-padding-top-small:30px;--awb-padding-bottom-small:40px;--awb-padding-left-small:20px;--awb-bg-color:#f7f7f7;--awb-bg-color-hover:#f7f7f7;--awb-bg-size:cover;--awb-box-shadow:3px 3px 2px 1px #dddddd;;--awb-border-color:#223780;--awb-border-left:7px;--awb-border-style:solid;--awb-width-large:33.333333333333%;--awb-margin-top-large:0px;--awb-spacing-right-large:5.76%;--awb-margin-bottom-large:20px;--awb-spacing-left-large:5.76%;--awb-width-medium:100%;--awb-order-medium:0;--awb-spacing-right-medium:1.92%;--awb-spacing-left-medium:1.92%;--awb-width-small:100%;--awb-order-small:0;--awb-spacing-right-small:1.92%;--awb-margin-bottom-small:60px;--awb-spacing-left-small:1.92%;\"><div class=\"fusion-column-wrapper fusion-column-has-shadow fusion-flex-justify-content-flex-start fusion-content-layout-column\"><a class=\"fb-icon-element-2 fb-icon-element fontawesome-icon fa-external-link-alt fas circle-yes fusion-link\" style=\"--awb-circlecolor:#223780;--awb-circlecolor-hover:#223780;--awb-circlebordercolor:rgba(51,51,51,0);--awb-circlebordercolor-hover:#223780;--awb-circlebordersize:1px;--awb-font-size:28.16px;--awb-width:56.32px;--awb-height:56.32px;--awb-line-height:54.32px;--awb-align-self:center;--awb-margin-top:-55px;--awb-margin-right:0px;--awb-margin-bottom:0px;--awb-margin-left:0px;\" href=\"https:\/\/www.mes-demarches.gov.pf\" target=\"_blank\" aria-label=\"Link to https:\/\/www.mes-demarches.gov.pf\" rel=\"noopener noreferrer\"><\/a><div class=\"fusion-separator fusion-full-width-sep\" style=\"align-self: center;margin-left: auto;margin-right: auto;margin-top:15px;margin-bottom:15px;width:100%;\"><\/div><div class=\"fusion-text fusion-text-4\"><p style=\"text-align: center\"><span style=\"text-transform: uppercase;font-weight: bold\">Acc\u00e8s direct<\/span><\/p>\n<\/div><ul style=\"--awb-size:16px;--awb-line-height:27.2px;--awb-icon-width:27.2px;--awb-icon-height:27.2px;--awb-icon-margin:11.2px;--awb-content-margin:38.4px;--awb-circlecolor:#223780;--awb-circle-yes-font-size:14.08px;\" class=\"fusion-checklist fusion-checklist-2 fusion-checklist-default type-icons\"><li class=\"fusion-li-item\" style=\"\"><span class=\"icon-wrapper circle-yes\"><i class=\"fusion-li-icon fa-external-link-square fas\" aria-hidden=\"true\"><\/i><\/span><div class=\"fusion-li-item-content\"><a href=\"https:\/\/www.mes-demarches.gov.pf\" target=\"_blank\" rel=\"noopener\"><strong>Portail mes-d\u00e9marches<\/strong><\/a><\/div><\/li><li class=\"fusion-li-item\" style=\"\"><span class=\"icon-wrapper circle-yes\"><i class=\"fusion-li-icon fa-question-circle fas\" aria-hidden=\"true\"><\/i><\/span><div class=\"fusion-li-item-content\"><a href=\"https:\/\/www.mes-demarches.gov.pf\/aide\" target=\"_blank\" rel=\"noopener\">Guide d&rsquo;utilisation<\/a><\/div><\/li><li class=\"fusion-li-item\" style=\"\"><span class=\"icon-wrapper circle-yes\"><i class=\"fusion-li-icon fa-user-plus fas\" aria-hidden=\"true\"><\/i><\/span><div class=\"fusion-li-item-content\"><a href=\"https:\/\/www.mes-demarches.gov.pf\/inscription\" target=\"_blank\" rel=\"noopener\">Cr\u00e9er un compte<\/a><\/div><\/li><\/ul><\/div><\/div><\/div><\/div><div class=\"fusion-fullwidth fullwidth-box fusion-builder-row-5 fusion-flex-container has-pattern-background has-mask-background nonhundred-percent-fullwidth non-hundred-percent-height-scrolling\" style=\"--awb-border-radius-top-left:0px;--awb-border-radius-top-right:0px;--awb-border-radius-bottom-right:0px;--awb-border-radius-bottom-left:0px;--awb-flex-wrap:wrap;\" ><div class=\"fusion-builder-row fusion-row fusion-flex-align-items-flex-start fusion-flex-content-wrap\" style=\"max-width:99.84%;margin-left: calc(-4% \/ 2 );margin-right: calc(-4% \/ 2 );\"><div class=\"fusion-layout-column fusion_builder_column fusion-builder-column-6 fusion_builder_column_1_1 1_1 fusion-flex-column\" style=\"--awb-bg-size:cover;--awb-width-large:100%;--awb-margin-top-large:0px;--awb-spacing-right-large:1.92%;--awb-margin-bottom-large:20px;--awb-spacing-left-large:1.92%;--awb-width-medium:100%;--awb-order-medium:0;--awb-spacing-right-medium:1.92%;--awb-spacing-left-medium:1.92%;--awb-width-small:100%;--awb-order-small:0;--awb-spacing-right-small:1.92%;--awb-spacing-left-small:1.92%;\"><div class=\"fusion-column-wrapper fusion-column-has-shadow fusion-flex-justify-content-flex-start fusion-content-layout-column\"><div class=\"fusion-separator fusion-full-width-sep\" style=\"align-self: center;margin-left: auto;margin-right: auto;margin-top:15px;margin-bottom:15px;width:100%;\"><\/div><div class=\"fusion-separator fusion-full-width-sep\" style=\"align-self: center;margin-left: auto;margin-right: auto;margin-top:15px;margin-bottom:15px;width:100%;\"><\/div><div class=\"fusion-separator fusion-full-width-sep\" style=\"align-self: center;margin-left: auto;margin-right: auto;margin-top:15px;margin-bottom:15px;width:100%;\"><\/div><div class=\"fusion-separator fusion-full-width-sep\" style=\"align-self: center;margin-left: auto;margin-right: auto;margin-top:15px;margin-bottom:15px;width:100%;\"><\/div><\/div><\/div><\/div><\/div><\/p>\n","protected":false},"excerpt":{"rendered":"","protected":false},"author":98,"featured_media":0,"parent":0,"menu_order":0,"comment_status":"closed","ping_status":"closed","template":"","meta":{"_acf_changed":false,"_seopress_robots_primary_cat":"","_seopress_titles_title":"","_seopress_titles_desc":"","_seopress_robots_index":"","footnotes":""},"class_list":["post-5972","page","type-page","status-publish","hentry"],"acf":[],"_links":{"self":[{"href":"https:\/\/www.service-public.pf\/dtt\/wp-json\/wp\/v2\/pages\/5972","targetHints":{"allow":["GET"]}}],"collection":[{"href":"https:\/\/www.service-public.pf\/dtt\/wp-json\/wp\/v2\/pages"}],"about":[{"href":"https:\/\/www.service-public.pf\/dtt\/wp-json\/wp\/v2\/types\/page"}],"author":[{"embeddable":true,"href":"https:\/\/www.service-public.pf\/dtt\/wp-json\/wp\/v2\/users\/98"}],"replies":[{"embeddable":true,"href":"https:\/\/www.service-public.pf\/dtt\/wp-json\/wp\/v2\/comments?post=5972"}],"version-history":[{"count":5,"href":"https:\/\/www.service-public.pf\/dtt\/wp-json\/wp\/v2\/pages\/5972\/revisions"}],"predecessor-version":[{"id":6517,"href":"https:\/\/www.service-public.pf\/dtt\/wp-json\/wp\/v2\/pages\/5972\/revisions\/6517"}],"wp:attachment":[{"href":"https:\/\/www.service-public.pf\/dtt\/wp-json\/wp\/v2\/media?parent=5972"}],"curies":[{"name":"wp","href":"https:\/\/api.w.org\/{rel}","templated":true}]}}