{"id":6409,"date":"2026-01-18T19:17:47","date_gmt":"2026-01-19T05:17:47","guid":{"rendered":"https:\/\/www.service-public.pf\/dtt\/?page_id=6409"},"modified":"2026-01-18T19:18:20","modified_gmt":"2026-01-19T05:18:20","slug":"protection-des-donnees","status":"publish","type":"page","link":"https:\/\/www.service-public.pf\/dtt\/protection-des-donnees\/","title":{"rendered":"Protection des donn\u00e9es"},"content":{"rendered":"<div class=\"fusion-fullwidth fullwidth-box fusion-builder-row-1 fusion-flex-container has-pattern-background has-mask-background nonhundred-percent-fullwidth non-hundred-percent-height-scrolling\" style=\"--awb-border-radius-top-left:0px;--awb-border-radius-top-right:0px;--awb-border-radius-bottom-right:0px;--awb-border-radius-bottom-left:0px;--awb-flex-wrap:wrap;\" ><div class=\"fusion-builder-row fusion-row fusion-flex-align-items-flex-start fusion-flex-content-wrap\" style=\"max-width:99.84%;margin-left: calc(-4% \/ 2 );margin-right: calc(-4% \/ 2 );\"><div class=\"fusion-layout-column fusion_builder_column fusion-builder-column-0 fusion_builder_column_1_1 1_1 fusion-flex-column\" style=\"--awb-bg-size:cover;--awb-width-large:100%;--awb-margin-top-large:0px;--awb-spacing-right-large:1.92%;--awb-margin-bottom-large:20px;--awb-spacing-left-large:1.92%;--awb-width-medium:100%;--awb-order-medium:0;--awb-spacing-right-medium:1.92%;--awb-spacing-left-medium:1.92%;--awb-width-small:100%;--awb-order-small:0;--awb-spacing-right-small:1.92%;--awb-spacing-left-small:1.92%;\"><div class=\"fusion-column-wrapper fusion-column-has-shadow fusion-flex-justify-content-flex-start fusion-content-layout-column\"><div class=\"fusion-separator fusion-full-width-sep\" style=\"align-self: center;margin-left: auto;margin-right: auto;margin-top:15px;margin-bottom:15px;width:100%;\"><\/div><div class=\"fusion-separator fusion-full-width-sep\" style=\"align-self: center;margin-left: auto;margin-right: auto;margin-top:15px;margin-bottom:15px;width:100%;\"><\/div><div class=\"fusion-separator fusion-full-width-sep\" style=\"align-self: center;margin-left: auto;margin-right: auto;margin-top:15px;margin-bottom:15px;width:100%;\"><\/div><div class=\"fusion-text fusion-text-1\"><p>\n  Les donn\u00e9es \u00e0 caract\u00e8re personnel collect\u00e9es par la Direction des transports terrestres directement aupr\u00e8s de vous font l\u2019objet d\u2019un traitement automatis\u00e9 ayant pour finalit\u00e9 la gestion des demandes de certificat d\u2019immatriculation d\u2019un v\u00e9hicule. Le traitement de ces donn\u00e9es est n\u00e9cessaire \u00e0 l\u2019instruction de votre demande ainsi qu\u2019\u00e0 l\u2019accomplissement des missions de service public. Les donn\u00e9es \u00e0 renseigner sont, \u00e0 ce titre, obligatoires. Elles sont \u00e0 destination de la Direction des transports terrestres ainsi que des entit\u00e9s ou services de l\u2019administration ayant un int\u00e9r\u00eat \u00e0 en conna\u00eetre conform\u00e9ment au code de la route de la Polyn\u00e9sie fran\u00e7aise et seront conserv\u00e9es le temps n\u00e9cessaire \u00e0 la r\u00e9alisation des finalit\u00e9s du traitement ou dans le respect des prescriptions l\u00e9gales.\n<\/p>\n<p>\n  Dans les conditions l\u00e9gales et r\u00e8glementaires, certaines autorit\u00e9s disposent, dans l\u2019exercice de leurs missions, d\u2019un droit de communication de ces donn\u00e9es (autorit\u00e9s judiciaires, police, gendarmerie, douane\u2026). Conform\u00e9ment \u00e0 la loi informatique et libert\u00e9s n\u00b078-17 du 6 janvier 1978, vous disposez des droits suivants sur vos donn\u00e9es : droit d\u2019acc\u00e8s, droit de rectifications, droit d\u2019opposition pour des raisons tenant \u00e0 votre situation particuli\u00e8re, que vous pouvez exercer aux adresses suivantes, en justifiant de votre identit\u00e9 :<br \/>\n  <a href=\"mailto:dtt@administration.gov.pf\">dtt@administration.gov.pf<\/a><br \/>\n  \u2013 Site :<br \/>\n  <a href=\"https:\/\/www.service-public.pf\/dtt\" target=\"_blank\" rel=\"noopener\">www.service-public.pf\/dtt<\/a>.<br \/>\n  Vous pouvez aussi introduire une r\u00e9clamation aupr\u00e8s de la CNIL<br \/>\n  <a href=\"https:\/\/www.cnil.fr\" target=\"_blank\" rel=\"noopener\">www.cnil.fr<\/a>,<br \/>\n  sous r\u00e9serve d\u2019un manquement aux dispositions ci-dessus. Pour toute question relative \u00e0 l\u2019utilisation de vos donn\u00e9es, vous pouvez contacter la D\u00e9l\u00e9gu\u00e9e \u00e0 la Protection des Donn\u00e9es (DPO) aux adresses suivantes : DRP Service de l\u2019Informatique BP 4574 \u2013 98 713 PAPEETE \u2013<br \/>\n  <a href=\"mailto:dpo@informatique.gov.pf\">dpo@informatique.gov.pf<\/a>.<\/p>\n<\/div><div class=\"fusion-separator fusion-full-width-sep\" style=\"align-self: center;margin-left: auto;margin-right: auto;margin-top:15px;margin-bottom:15px;width:100%;\"><\/div><\/div><\/div><\/div><\/div>\n","protected":false},"excerpt":{"rendered":"","protected":false},"author":98,"featured_media":0,"parent":0,"menu_order":0,"comment_status":"closed","ping_status":"closed","template":"","meta":{"_acf_changed":false,"_seopress_robots_primary_cat":"","_seopress_titles_title":"","_seopress_titles_desc":"","_seopress_robots_index":"","footnotes":""},"class_list":["post-6409","page","type-page","status-publish","hentry"],"acf":[],"_links":{"self":[{"href":"https:\/\/www.service-public.pf\/dtt\/wp-json\/wp\/v2\/pages\/6409","targetHints":{"allow":["GET"]}}],"collection":[{"href":"https:\/\/www.service-public.pf\/dtt\/wp-json\/wp\/v2\/pages"}],"about":[{"href":"https:\/\/www.service-public.pf\/dtt\/wp-json\/wp\/v2\/types\/page"}],"author":[{"embeddable":true,"href":"https:\/\/www.service-public.pf\/dtt\/wp-json\/wp\/v2\/users\/98"}],"replies":[{"embeddable":true,"href":"https:\/\/www.service-public.pf\/dtt\/wp-json\/wp\/v2\/comments?post=6409"}],"version-history":[{"count":3,"href":"https:\/\/www.service-public.pf\/dtt\/wp-json\/wp\/v2\/pages\/6409\/revisions"}],"predecessor-version":[{"id":6422,"href":"https:\/\/www.service-public.pf\/dtt\/wp-json\/wp\/v2\/pages\/6409\/revisions\/6422"}],"wp:attachment":[{"href":"https:\/\/www.service-public.pf\/dtt\/wp-json\/wp\/v2\/media?parent=6409"}],"curies":[{"name":"wp","href":"https:\/\/api.w.org\/{rel}","templated":true}]}}