{"id":6415,"date":"2026-01-18T19:18:47","date_gmt":"2026-01-19T05:18:47","guid":{"rendered":"https:\/\/www.service-public.pf\/dtt\/?page_id=6415"},"modified":"2026-01-18T19:23:21","modified_gmt":"2026-01-19T05:23:21","slug":"plan-du-site","status":"publish","type":"page","link":"https:\/\/www.service-public.pf\/dtt\/plan-du-site\/","title":{"rendered":"Plan du site"},"content":{"rendered":"<div class=\"fusion-fullwidth fullwidth-box fusion-builder-row-1 fusion-flex-container has-pattern-background has-mask-background nonhundred-percent-fullwidth non-hundred-percent-height-scrolling\" style=\"--awb-border-radius-top-left:0px;--awb-border-radius-top-right:0px;--awb-border-radius-bottom-right:0px;--awb-border-radius-bottom-left:0px;--awb-flex-wrap:wrap;\" ><div class=\"fusion-builder-row fusion-row fusion-flex-align-items-flex-start fusion-flex-content-wrap\" style=\"max-width:99.84%;margin-left: calc(-4% \/ 2 );margin-right: calc(-4% \/ 2 );\"><div class=\"fusion-layout-column fusion_builder_column fusion-builder-column-0 fusion_builder_column_1_1 1_1 fusion-flex-column\" style=\"--awb-bg-size:cover;--awb-width-large:100%;--awb-margin-top-large:0px;--awb-spacing-right-large:1.92%;--awb-margin-bottom-large:20px;--awb-spacing-left-large:1.92%;--awb-width-medium:100%;--awb-order-medium:0;--awb-spacing-right-medium:1.92%;--awb-spacing-left-medium:1.92%;--awb-width-small:100%;--awb-order-small:0;--awb-spacing-right-small:1.92%;--awb-spacing-left-small:1.92%;\"><div class=\"fusion-column-wrapper fusion-column-has-shadow fusion-flex-justify-content-flex-start fusion-content-layout-column\"><div class=\"fusion-separator fusion-full-width-sep\" style=\"align-self: center;margin-left: auto;margin-right: auto;margin-top:15px;margin-bottom:15px;width:100%;\"><\/div><div class=\"fusion-separator fusion-full-width-sep\" style=\"align-self: center;margin-left: auto;margin-right: auto;margin-top:15px;margin-bottom:15px;width:100%;\"><\/div><div class=\"fusion-text fusion-text-1\"><pre><div class=\"wrap-html-sitemap sp-html-sitemap\"><div class=\"sp-wrap-cpt\"><h2 class=\"sp-cpt-name\">Pages<\/h2><ul class=\"sp-list-posts sp-cpt-hierarchical\"><li class=\"page_item page-item-6415\"><a href=\"https:\/\/www.service-public.pf\/dtt\/plan-du-site\/\">Plan du site<\/a><\/li><li class=\"page_item page-item-6409\"><a href=\"https:\/\/www.service-public.pf\/dtt\/protection-des-donnees\/\">Protection des donn\u00e9es<\/a><\/li><li class=\"page_item page-item-6391\"><a href=\"https:\/\/www.service-public.pf\/dtt\/mentions-legales\/\">Mentions l\u00e9gales<\/a><\/li><li class=\"page_item page-item-6380 current_page_parent\"><a href=\"https:\/\/www.service-public.pf\/dtt\/actualites\/\">Actualit\u00e9s<\/a><\/li><li class=\"page_item page-item-6225\"><a href=\"https:\/\/www.service-public.pf\/dtt\/mobilites-transports-durables\/\">Mobilit\u00e9s &amp; transports durables<\/a><ul class='children'><li class=\"page_item page-item-6236\"><a href=\"https:\/\/www.service-public.pf\/dtt\/mobilites-transports-durables\/le-velo\/\">Le v\u00e9lo<\/a><\/li><li class=\"page_item page-item-6252\"><a href=\"https:\/\/www.service-public.pf\/dtt\/mobilites-transports-durables\/le-covoiturage\/\">Le covoiturage<\/a><\/li><li class=\"page_item page-item-6259\"><a href=\"https:\/\/www.service-public.pf\/dtt\/mobilites-transports-durables\/la-marche-a-pied\/\">La marche \u00e0 pied<\/a><\/li><li class=\"page_item page-item-6266\"><a href=\"https:\/\/www.service-public.pf\/dtt\/mobilites-transports-durables\/le-transport-scolaire\/\">Le transport scolaire<\/a><\/li><\/ul><\/li><li class=\"page_item page-item-6045\"><a href=\"https:\/\/www.service-public.pf\/dtt\/\">Accueil DTT<\/a><\/li><li class=\"page_item page-item-5996\"><a href=\"https:\/\/www.service-public.pf\/dtt\/particuliers\/\">Particuliers<\/a><ul class='children'><li class=\"page_item page-item-5975\"><a href=\"https:\/\/www.service-public.pf\/dtt\/particuliers\/vehicule-carte-grise\/\">V\u00e9hicule &amp; Carte grise<\/a><\/li><li class=\"page_item page-item-5963\"><a href=\"https:\/\/www.service-public.pf\/dtt\/particuliers\/examens-et-titres-de-conduite\/\">Examens et titres de conduite<\/a><\/li><li class=\"page_item page-item-5949\"><a href=\"https:\/\/www.service-public.pf\/dtt\/particuliers\/devenir-un-conducteur-responsable-en-polynesie-francaise\/\">Le permis de conduire, devenir un conducteur responsable en Polyn\u00e9sie fran\u00e7aise<\/a><\/li><li class=\"page_item page-item-5940\"><a href=\"https:\/\/www.service-public.pf\/dtt\/particuliers\/les-transports-en-commun\/\">Les Transports en commun<\/a><\/li><\/ul><\/li><li class=\"page_item page-item-5972\"><a href=\"https:\/\/www.service-public.pf\/dtt\/demarches-en-ligne-dtt\/\">D\u00e9marches en ligne<\/a><\/li><li class=\"page_item page-item-5881\"><a href=\"https:\/\/www.service-public.pf\/dtt\/reclamation-concernant-un-service-professionnel-de-transport\/\">R\u00e9clamation concernant un service professionnel de transport<\/a><\/li><li class=\"page_item page-item-5860\"><a href=\"https:\/\/www.service-public.pf\/dtt\/contacter-la-direction-des-transports-terrestres\/\">Contacter la Direction des transports terrestres<\/a><\/li><li class=\"page_item page-item-5851\"><a href=\"https:\/\/www.service-public.pf\/dtt\/controle-medical-v2\/\">Contr\u00f4le m\u00e9dical<\/a><ul class='children'><li class=\"page_item page-item-5895\"><a href=\"https:\/\/www.service-public.pf\/dtt\/controle-medical-v2\/personne-en-situation-de-handicap\/\">Personne en situation de handicap<\/a><\/li><li class=\"page_item page-item-5887\"><a href=\"https:\/\/www.service-public.pf\/dtt\/controle-medical-v2\/controle-medical-suspension\/\">Suspension du permis de conduire<\/a><\/li><li class=\"page_item page-item-5891\"><a href=\"https:\/\/www.service-public.pf\/dtt\/controle-medical-v2\/annulation-du-permis-de-conduire\/\">Annulation du permis de conduire<\/a><\/li><\/ul><\/li><li class=\"page_item page-item-5776\"><a href=\"https:\/\/www.service-public.pf\/dtt\/aide-permis-de-conduire-hors-periode\/\">Aide au financement du permis de conduire<\/a><\/li><li class=\"page_item page-item-5655\"><a href=\"https:\/\/www.service-public.pf\/dtt\/faq\/\">Aide &#038; Questions fr\u00e9quentes<\/a><\/li><li class=\"page_item page-item-5652\"><a href=\"https:\/\/www.service-public.pf\/dtt\/la-dtt\/\">La Direction des Transports Terrestres<\/a><\/li><li class=\"page_item page-item-5263\"><a href=\"https:\/\/www.service-public.pf\/dtt\/documentation\/\">Documentation<\/a><\/li><li class=\"page_item page-item-5250\"><a href=\"https:\/\/www.service-public.pf\/dtt\/guichet-des-formulaires\/\">Guichet des formulaires<\/a><\/li><li class=\"page_item page-item-5080\"><a href=\"https:\/\/www.service-public.pf\/dtt\/professionnels\/\">Professionnels<\/a><ul class='children'><li class=\"page_item page-item-6405\"><a href=\"https:\/\/www.service-public.pf\/dtt\/professionnels\/auto-ecoles\/\">Auto-\u00e9coles<\/a><\/li><li class=\"page_item page-item-6399\"><a href=\"https:\/\/www.service-public.pf\/dtt\/professionnels\/concessionnaires\/\">Concessionnaires<\/a><\/li><li class=\"page_item page-item-5619\"><a href=\"https:\/\/www.service-public.pf\/dtt\/professionnels\/le-transport-de-marchandise\/\">Le transport de marchandise<\/a><\/li><li class=\"page_item page-item-5616\"><a href=\"https:\/\/www.service-public.pf\/dtt\/professionnels\/le-service-prive-de-transport-de-personnes\/\">Le service priv\u00e9 de transport de personnes<\/a><\/li><li class=\"page_item page-item-5612\"><a href=\"https:\/\/www.service-public.pf\/dtt\/professionnels\/la-location-de-vehicules-sans-chauffeur-en-polynesie-francaise\/\">La location de v\u00e9hicules sans chauffeur en Polyn\u00e9sie fran\u00e7aise<\/a><\/li><li class=\"page_item page-item-5593\"><a href=\"https:\/\/www.service-public.pf\/dtt\/professionnels\/lactivite-de-vehicule-de-remise-2\/\">L\u2019activit\u00e9 de v\u00e9hicule de remise<\/a><\/li><li class=\"page_item page-item-5586\"><a href=\"https:\/\/www.service-public.pf\/dtt\/professionnels\/lactivite-de-vehicule-multi-transports-v2\/\">L\u2019activit\u00e9 de v\u00e9hicule multi-transports<\/a><\/li><li class=\"page_item page-item-5558\"><a href=\"https:\/\/www.service-public.pf\/dtt\/professionnels\/lactivite-de-taxi-2\/\">L\u2019activit\u00e9 de taxi<\/a><\/li><li class=\"page_item page-item-5539\"><a href=\"https:\/\/www.service-public.pf\/dtt\/professionnels\/les-examens-professionnels-du-transport-aqp-v2\/\">Les examens professionnels du transport &#8211; AQP<\/a><\/li><li class=\"page_item page-item-5492\"><a href=\"https:\/\/www.service-public.pf\/dtt\/professionnels\/lactivite-de-transport-touristique\/\">L\u2019activit\u00e9 de transport touristique<\/a><\/li><\/ul><\/li><li class=\"page_item page-item-4078\"><a href=\"https:\/\/www.service-public.pf\/dtt\/recrutement\/\">Recrutement<\/a><\/li><li class=\"page_item page-item-3559\"><a href=\"https:\/\/www.service-public.pf\/dtt\/les-professions-du-transport-old\/\">Les professions du transport<\/a><\/li><li class=\"page_item page-item-2619\"><a href=\"https:\/\/www.service-public.pf\/dtt\/assr\/\">Attestation Scolaire de S\u00e9curit\u00e9 Routi\u00e8re (ASSR)<\/a><\/li><li class=\"page_item page-item-2325\"><a href=\"https:\/\/www.service-public.pf\/dtt\/le-service-de-transport-de-marchandise\/\">Le service de transport de marchandise<\/a><\/li><li class=\"page_item page-item-2250\"><a href=\"https:\/\/www.service-public.pf\/dtt\/page-en-cours-de-construction\/\">Page en cours de construction<\/a><\/li><li class=\"page_item page-item-1809\"><a href=\"https:\/\/www.service-public.pf\/dtt\/securite-routiere\/\">S\u00e9curit\u00e9 routi\u00e8re<\/a><\/li><li class=\"page_item page-item-1762\"><a href=\"https:\/\/www.service-public.pf\/dtt\/eco-conduite\/\">L&rsquo;\u00e9co-conduite<\/a><\/li><li class=\"page_item page-item-1751\"><a href=\"https:\/\/www.service-public.pf\/dtt\/reclamation-concernant-un-service-de-transport\/\">R\u00e9clamation concernant un service de transport<\/a><\/li><li class=\"page_item page-item-978\"><a href=\"https:\/\/www.service-public.pf\/dtt\/lactivite-de-vehicule-multi-transports\/\">L&rsquo;activit\u00e9 de V\u00e9hicule multi-transports<\/a><\/li><li class=\"page_item page-item-957\"><a href=\"https:\/\/www.service-public.pf\/dtt\/la-location-de-vehicules\/\">La location de v\u00e9hicules<\/a><\/li><li class=\"page_item page-item-933\"><a href=\"https:\/\/www.service-public.pf\/dtt\/les-metiers-du-transport\/\">Les m\u00e9tiers du transport<\/a><\/li><li class=\"page_item page-item-905\"><a href=\"https:\/\/www.service-public.pf\/dtt\/permis-de-conduire\/\">Permis de conduire<\/a><\/li><li class=\"page_item page-item-883\"><a href=\"https:\/\/www.service-public.pf\/dtt\/les-vehicules-en-polynesie-francaise\/\">Les v\u00e9hicules en Polyn\u00e9sie fran\u00e7aise<\/a><\/li><\/ul><\/div><div class=\"sp-wrap-cpt\"><h2 class=\"sp-cpt-name\">Articles<\/h2><div class=\"sp-wrap-cats\"><div class=\"sp-wrap-cat\"><h3 class=\"sp-cat-name\"><a href=\"https:\/\/www.service-public.pf\/dtt\/activites-de-transports-reglementes\/\">Activit\u00e9s de transports r\u00e9glement\u00e9s<\/a><\/h3><ul class=\"sp-list-posts\"><li><a href=\"https:\/\/www.service-public.pf\/dtt\/2026\/02\/10\/resultats-des-examens-aqp-mention-general-session-novembre-2025\/\">R\u00e9sultats des examens AQP- Mention g\u00e9n\u00e9ral \u2013 Session Novembre 2025<\/a> - 10 f\u00e9vrier 2026<\/li><li><a href=\"https:\/\/www.service-public.pf\/dtt\/2024\/02\/25\/prestation-serment\/\">Prestation de serment de contr\u00f4leurs routiers \u00e0 la Direction des transports terrestres<\/a> - 25 f\u00e9vrier 2024<\/li><li><a href=\"https:\/\/www.service-public.pf\/dtt\/2023\/11\/13\/modification-des-tarifs-des-taxis-de-tahiti-et-moorea\/\">Modification des tarifs des taxis de TAHITI et MOOREA<\/a> - 13 novembre 2023<\/li><\/ul><\/div><div class=\"sp-wrap-cat\"><h3 class=\"sp-cat-name\"><a href=\"https:\/\/www.service-public.pf\/dtt\/actualites\/\">Actualit\u00e9s<\/a><\/h3><ul class=\"sp-list-posts\"><li><a href=\"https:\/\/www.service-public.pf\/dtt\/2026\/03\/11\/faaa-lancement-des-travaux-pour-un-nouvel-abribus-pres-de-la-passerelle-a-proximite-du-carrefour-auae\/\">Faa\u2019a : lancement des travaux pour un nouvel abribus pr\u00e8s de la passerelle, \u00e0 proximit\u00e9 du Carrefour Auae<\/a> - 11 mars 2026<\/li><li><a href=\"https:\/\/www.service-public.pf\/dtt\/2026\/03\/06\/attribution-des-aides-financieres-au-permis-de-conduire-2026-publiee\/\">Attribution des aides financi\u00e8res au permis de conduire 2026 publi\u00e9e<\/a> - 6 mars 2026<\/li><li><a href=\"https:\/\/www.service-public.pf\/dtt\/2026\/02\/10\/resultats-des-examens-aqp-mention-general-session-novembre-2025\/\">R\u00e9sultats des examens AQP- Mention g\u00e9n\u00e9ral \u2013 Session Novembre 2025<\/a> - 10 f\u00e9vrier 2026<\/li><li><a href=\"https:\/\/www.service-public.pf\/dtt\/2026\/01\/12\/degradation-des-abribus\/\">D\u00e9gradation des abribus<\/a> - 12 janvier 2026<\/li><li><a href=\"https:\/\/www.service-public.pf\/dtt\/2025\/11\/03\/la-campagne-de-prevention-routiere-a-hoi-mai-i-te-fare-reviens-a-la-maison\/\">La campagne de pr\u00e9vention routi\u00e8re \u201cA HO\u2018I MAI I TE FARE \u2013 Reviens \u00e0 la maison\u201d<\/a> - 3 novembre 2025<\/li><li><a href=\"https:\/\/www.service-public.pf\/dtt\/2025\/03\/14\/pour-conduire-une-125-cm3-avec-un-permis-delivres-hors-polynesie-francaise-les-regles-a-respecter-pour-etre-en-conformite-avec-la-reglementation-du-territoire\/\">Conduire une 125 cm3 avec un permis d\u00e9livr\u00e9s hors Polyn\u00e9sie fran\u00e7aise est-ce possible ?<\/a> - 14 mars 2025<\/li><\/ul><\/div><div class=\"sp-wrap-cat\"><h3 class=\"sp-cat-name\"><a href=\"https:\/\/www.service-public.pf\/dtt\/non-classe\/\">Non class\u00e9<\/a><\/h3><ul class=\"sp-list-posts\"><li><a href=\"https:\/\/www.service-public.pf\/dtt\/2023\/10\/23\/appel-a-projets-covoiturage\/\">Appel \u00e0 projets Covoiturage<\/a> - 23 octobre 2023<\/li><\/ul><\/div><div class=\"sp-wrap-cat\"><h3 class=\"sp-cat-name\"><a href=\"https:\/\/www.service-public.pf\/dtt\/permis-de-conduire\/\">Permis de conduire<\/a><\/h3><ul class=\"sp-list-posts\"><li><a href=\"https:\/\/www.service-public.pf\/dtt\/2026\/03\/06\/attribution-des-aides-financieres-au-permis-de-conduire-2026-publiee\/\">Attribution des aides financi\u00e8res au permis de conduire 2026 publi\u00e9e<\/a> - 6 mars 2026<\/li><\/ul><\/div><div class=\"sp-wrap-cat\"><h3 class=\"sp-cat-name\"><a href=\"https:\/\/www.service-public.pf\/dtt\/recrutement\/\">Recrutement<\/a><\/h3><ul class=\"sp-list-posts\"><li><a href=\"https:\/\/www.service-public.pf\/dtt\/2026\/01\/12\/recrutement-chef-de-projet\/\">Recrutement Chef de Projet<\/a> - 12 janvier 2026<\/li><li><a href=\"https:\/\/www.service-public.pf\/dtt\/2025\/09\/03\/recrutement-chef-de-la-cellule-des-controles-et-enquetes-controleur-routier\/\">Recrutement : Chef de la cellule des contr\u00f4les et enqu\u00eates &#8211; Contr\u00f4leur routier<\/a> - 3 septembre 2025<\/li><\/ul><\/div><div class=\"sp-wrap-cat\"><h3 class=\"sp-cat-name\"><a href=\"https:\/\/www.service-public.pf\/dtt\/securite-routiere\/\">S\u00e9curit\u00e9 routi\u00e8re<\/a><\/h3><ul class=\"sp-list-posts\"><li><a href=\"https:\/\/www.service-public.pf\/dtt\/2025\/11\/03\/la-campagne-de-prevention-routiere-a-hoi-mai-i-te-fare-reviens-a-la-maison\/\">La campagne de pr\u00e9vention routi\u00e8re \u201cA HO\u2018I MAI I TE FARE \u2013 Reviens \u00e0 la maison\u201d<\/a> - 3 novembre 2025<\/li><li><a href=\"https:\/\/www.service-public.pf\/dtt\/2025\/03\/14\/pour-conduire-une-125-cm3-avec-un-permis-delivres-hors-polynesie-francaise-les-regles-a-respecter-pour-etre-en-conformite-avec-la-reglementation-du-territoire\/\">Conduire une 125 cm3 avec un permis d\u00e9livr\u00e9s hors Polyn\u00e9sie fran\u00e7aise est-ce possible ?<\/a> - 14 mars 2025<\/li><li><a href=\"https:\/\/www.service-public.pf\/dtt\/2022\/10\/01\/encombrement-carrefours\/\">Point s\u00e9curit\u00e9 : Encombrement des carrefours de circulation<\/a> - 1 octobre 2022<\/li><li><a href=\"https:\/\/www.service-public.pf\/dtt\/2022\/10\/01\/nouvelles-mobilites-casque-adapte-obligatoire\/\">Nouvelles mobilit\u00e9s : Casque adapt\u00e9 obligatoire<\/a> - 1 octobre 2022<\/li><\/ul><\/div><div class=\"sp-wrap-cat\"><h3 class=\"sp-cat-name\"><a href=\"https:\/\/www.service-public.pf\/dtt\/temps-forts-des-transports\/\">Temps forts des transports<\/a><\/h3><ul class=\"sp-list-posts\"><li><a href=\"https:\/\/www.service-public.pf\/dtt\/2024\/02\/19\/rythmes-scolaires-transports\/\">R\u00e9forme des rythmes scolaires \u00e0 Tahiti : Un rythme scolaire repens\u00e9 pour une mobilit\u00e9 am\u00e9lior\u00e9e<\/a> - 19 f\u00e9vrier 2024<\/li><li><a href=\"https:\/\/www.service-public.pf\/dtt\/2017\/10\/13\/demenagement-dtt\/\">D\u00e9m\u00e9nagement de la Direction des transports terrestres<\/a> - 13 octobre 2017<\/li><\/ul><\/div><div class=\"sp-wrap-cat\"><h3 class=\"sp-cat-name\"><a href=\"https:\/\/www.service-public.pf\/dtt\/transport-en-commun\/\">Transport en commun<\/a><\/h3><ul class=\"sp-list-posts\"><li><a href=\"https:\/\/www.service-public.pf\/dtt\/2026\/03\/11\/faaa-lancement-des-travaux-pour-un-nouvel-abribus-pres-de-la-passerelle-a-proximite-du-carrefour-auae\/\">Faa\u2019a : lancement des travaux pour un nouvel abribus pr\u00e8s de la passerelle, \u00e0 proximit\u00e9 du Carrefour Auae<\/a> - 11 mars 2026<\/li><li><a href=\"https:\/\/www.service-public.pf\/dtt\/2026\/01\/12\/degradation-des-abribus\/\">D\u00e9gradation des abribus<\/a> - 12 janvier 2026<\/li><\/ul><\/div><\/div><\/div><\/div><\/pre>\n<\/div><div class=\"fusion-separator fusion-full-width-sep\" style=\"align-self: center;margin-left: auto;margin-right: auto;margin-top:15px;margin-bottom:15px;width:100%;\"><\/div><\/div><\/div><\/div><\/div>\n","protected":false},"excerpt":{"rendered":"","protected":false},"author":98,"featured_media":0,"parent":0,"menu_order":0,"comment_status":"closed","ping_status":"closed","template":"","meta":{"_acf_changed":false,"_seopress_robots_primary_cat":"","_seopress_titles_title":"","_seopress_titles_desc":"","_seopress_robots_index":"","footnotes":""},"class_list":["post-6415","page","type-page","status-publish","hentry"],"acf":[],"_links":{"self":[{"href":"https:\/\/www.service-public.pf\/dtt\/wp-json\/wp\/v2\/pages\/6415","targetHints":{"allow":["GET"]}}],"collection":[{"href":"https:\/\/www.service-public.pf\/dtt\/wp-json\/wp\/v2\/pages"}],"about":[{"href":"https:\/\/www.service-public.pf\/dtt\/wp-json\/wp\/v2\/types\/page"}],"author":[{"embeddable":true,"href":"https:\/\/www.service-public.pf\/dtt\/wp-json\/wp\/v2\/users\/98"}],"replies":[{"embeddable":true,"href":"https:\/\/www.service-public.pf\/dtt\/wp-json\/wp\/v2\/comments?post=6415"}],"version-history":[{"count":3,"href":"https:\/\/www.service-public.pf\/dtt\/wp-json\/wp\/v2\/pages\/6415\/revisions"}],"predecessor-version":[{"id":6423,"href":"https:\/\/www.service-public.pf\/dtt\/wp-json\/wp\/v2\/pages\/6415\/revisions\/6423"}],"wp:attachment":[{"href":"https:\/\/www.service-public.pf\/dtt\/wp-json\/wp\/v2\/media?parent=6415"}],"curies":[{"name":"wp","href":"https:\/\/api.w.org\/{rel}","templated":true}]}}