{"id":348,"date":"2018-04-18T20:53:31","date_gmt":"2018-04-18T18:53:31","guid":{"rendered":"https:\/\/www.service-public.pf\/handicap\/?page_id=348"},"modified":"2018-04-19T20:42:34","modified_gmt":"2018-04-19T18:42:34","slug":"solidarite-et-prestations-sociales","status":"publish","type":"page","link":"https:\/\/www.service-public.pf\/handicap\/solidarite-et-prestations-sociales\/","title":{"rendered":"SOLIDARITE ET PRESTATIONS SOCIALES"},"content":{"rendered":"<div class=\"fusion-fullwidth fullwidth-box fusion-builder-row-1 nonhundred-percent-fullwidth non-hundred-percent-height-scrolling\" style=\"--awb-border-radius-top-left:0px;--awb-border-radius-top-right:0px;--awb-border-radius-bottom-right:0px;--awb-border-radius-bottom-left:0px;--awb-flex-wrap:wrap;\" ><div class=\"fusion-builder-row fusion-row\"><div class=\"fusion-layout-column fusion_builder_column fusion-builder-column-0 fusion_builder_column_1_1 1_1 fusion-one-full fusion-column-first fusion-column-last\" style=\"--awb-bg-size:cover;--awb-margin-bottom:0px;\"><div class=\"fusion-column-wrapper fusion-flex-column-wrapper-legacy\"><div class=\"fusion-image-element fusion-image-align-center in-legacy-container\" style=\"text-align:center;--awb-caption-title-font-family:var(--h2_typography-font-family);--awb-caption-title-font-weight:var(--h2_typography-font-weight);--awb-caption-title-font-style:var(--h2_typography-font-style);--awb-caption-title-size:var(--h2_typography-font-size);--awb-caption-title-transform:var(--h2_typography-text-transform);--awb-caption-title-line-height:var(--h2_typography-line-height);--awb-caption-title-letter-spacing:var(--h2_typography-letter-spacing);\"><div class=\"imageframe-align-center\"><span class=\" fusion-imageframe imageframe-none imageframe-1 hover-type-none\"><img decoding=\"async\" width=\"300\" height=\"128\" title=\"slider_equality\" src=\"https:\/\/www.service-public.pf\/handicap\/wp-content\/uploads\/sites\/48\/2018\/04\/slider_equality-300x128.jpg\" alt class=\"img-responsive wp-image-294\" srcset=\"https:\/\/www.service-public.pf\/handicap\/wp-content\/uploads\/sites\/48\/2018\/04\/slider_equality-200x85.jpg 200w, https:\/\/www.service-public.pf\/handicap\/wp-content\/uploads\/sites\/48\/2018\/04\/slider_equality-400x170.jpg 400w, https:\/\/www.service-public.pf\/handicap\/wp-content\/uploads\/sites\/48\/2018\/04\/slider_equality-600x255.jpg 600w, https:\/\/www.service-public.pf\/handicap\/wp-content\/uploads\/sites\/48\/2018\/04\/slider_equality-800x340.jpg 800w, https:\/\/www.service-public.pf\/handicap\/wp-content\/uploads\/sites\/48\/2018\/04\/slider_equality.jpg 940w\" sizes=\"(max-width: 800px) 100vw, 300px\" \/><\/span><\/div><\/div><div class=\"fusion-text fusion-text-1\"><h1 style=\"text-align: center\"><strong>Selon l\u2019\u00e2ge du demandeur,\u00a0les d\u00e9marches et renseignements se font aupr\u00e8s de:<\/strong><\/h1>\n<\/div><div class=\"fusion-clearfix\"><\/div><\/div><\/div><div class=\"fusion-layout-column fusion_builder_column fusion-builder-column-1 fusion_builder_column_1_2 1_2 fusion-one-half fusion-column-first\" style=\"--awb-bg-color:rgba(225,239,21,0.6);--awb-bg-color-hover:rgba(225,239,21,0.6);--awb-bg-size:cover;width:50%;width:calc(50% - ( ( 4% ) * 0.5 ) );margin-right: 4%;\"><div class=\"fusion-column-wrapper fusion-flex-column-wrapper-legacy\"><div class=\"fusion-content-boxes content-boxes columns row fusion-columns-1 fusion-columns-total-1 fusion-content-boxes-1 content-boxes-timeline-vertical content-left content-boxes-timeline-layout content-boxes-icon-with-title fusion-delayed-animation\" style=\"--awb-body-color:#000000;--awb-title-color:#000000;--awb-hover-accent-color:#000000;--awb-circle-hover-accent-color:#000000;--awb-item-margin-bottom:40px;\" data-animation-delay=\"350\" data-animationOffset=\"top-into-view\"><div style=\"--awb-backgroundcolor:rgba(255,255,255,0);--awb-content-padding-left:64px;\" class=\"fusion-column content-box-column content-box-column content-box-column-1 col-lg-12 col-md-12 col-sm-12 fusion-content-box-hover content-box-column-last content-box-column-last-in-row\"><div class=\"col content-box-wrapper content-wrapper link-area-link-icon icon-hover-animation-fade fusion-animated\" data-animationType=\"fadeIn\" data-animationDuration=\"0.25\" data-animationOffset=\"top-into-view\"><div class=\"heading heading-with-icon icon-left\" style=\"margin-top:13px;\"><div class=\"icon\" style=\"margin-top:-13px;margin-bottom:-13px;-webkit-animation-duration: 350ms;animation-duration: 350ms;\"><i style=\"border-color:#000000;border-width:1px;background-color:#000000;box-sizing:content-box;height:42px;width:42px;line-height:42px;border-radius:50%;font-size:21px;\" aria-hidden=\"true\" class=\"fontawesome-icon fa fa-map-marker circle-yes\"><\/i><\/div><h2 class=\"content-box-heading\" style=\"--h2_typography-font-size:18px;line-height:23px;\">CTES<\/h2><\/div><div class=\"content-box-shortcode-timeline-vertical\" style=\"border-color:#000000;left:36px;top:21px;-webkit-transition-duration: 350ms;animation-duration: 350ms;\"><\/div><\/div><\/div><div class=\"fusion-clearfix\"><\/div><\/div><div class=\"fusion-text fusion-text-2\"><p>De 0 \u00e0 20 ans \u00e0 la CTES:<\/p>\n<p>\u2022 L\u2019Allocation d\u2019Education Sp\u00e9ciale (AESH)<br \/>\n\u2022 L\u2019allocation compensatrice (AC1 ou AC2)<br \/>\n\u2022 La Carte territoriale d\u2019invalidit\u00e9 (CTI)<br \/>\n\u2022 La plaque pour personne \u00e0 mobilit\u00e9 r\u00e9duite (PPMR) pour les parkings r\u00e9serv\u00e9s<br \/>\n\u2022 La carte pour personne \u00e0 mobilit\u00e9 r\u00e9duite (CPMR) pour les files prioritaires<br \/>\n\u2022 L\u2019orientation vers un dispositif scolaire adapt\u00e9<br \/>\n\u2022 L\u2019orientation en \u00e9tablissements et services m\u00e9dico-sociaux<\/p>\n<\/div><div class=\"fusion-text fusion-text-3\"><p style=\"text-align: center\">JOURS ET HORAIRES D&rsquo;OUVERTURE<\/p>\n<p style=\"text-align: center\">\u00a0Lundi au vendredi:<br \/>\n8H00-12H00 &#8211; 12H30-15H00<br \/>\nT\u00e9l \/ 40 46 27 14 &#8211; 40 46 27 11 et Fax \/ 40 46 28 07<br \/>\nctes@education.pf<\/p>\n<p style=\"text-align: center\">ADRESSE GEOGRAPHIQUE<\/p>\n<p style=\"text-align: center\">Centre de Formation de la DEP (ex Ecole normale) &#8211; Route de l&rsquo;Hyppodrome &#8211; PIRAE<\/p>\n<p style=\"text-align: center\">ADRESSE POSTALE<\/p>\n<p style=\"text-align: center\">BP 20673 &#8211; 98713 Papeete<\/p>\n<\/div><div class=\"fusion-clearfix\"><\/div><\/div><\/div><div class=\"fusion-layout-column fusion_builder_column fusion-builder-column-2 fusion_builder_column_1_2 1_2 fusion-one-half fusion-column-last\" style=\"--awb-bg-color:#80e5be;--awb-bg-color-hover:#80e5be;--awb-bg-size:cover;width:50%;width:calc(50% - ( ( 4% ) * 0.5 ) );\"><div class=\"fusion-column-wrapper fusion-flex-column-wrapper-legacy\"><div class=\"fusion-content-boxes content-boxes columns row fusion-columns-1 fusion-columns-total-1 fusion-content-boxes-2 content-boxes-icon-with-title content-left\" style=\"--awb-body-color:#000000;--awb-hover-accent-color:#000000;--awb-circle-hover-accent-color:#000000;--awb-item-margin-bottom:40px;\" data-animationOffset=\"top-into-view\"><div style=\"--awb-backgroundcolor:rgba(255,255,255,0);\" class=\"fusion-column content-box-column content-box-column content-box-column-1 col-lg-12 col-md-12 col-sm-12 fusion-content-box-hover content-box-column-last content-box-column-last-in-row\"><div class=\"col content-box-wrapper content-wrapper link-area-link-icon icon-hover-animation-fade\" data-animationOffset=\"top-into-view\"><div class=\"heading heading-with-icon icon-left\"><div class=\"icon\"><i style=\"border-color:#000000;border-width:1px;background-color:#000000;box-sizing:content-box;height:42px;width:42px;line-height:42px;border-radius:50%;font-size:21px;\" aria-hidden=\"true\" class=\"fontawesome-icon fa fa-map-marker circle-yes\"><\/i><\/div><h2 class=\"content-box-heading\" style=\"--h2_typography-font-size:18px;line-height:23px;\">COTOREP<\/h2><\/div><div class=\"fusion-clearfix\"><\/div><div class=\"content-container\">\n<p>Your Content Goes Here<\/p>\n<\/div><\/div><\/div><div class=\"fusion-clearfix\"><\/div><\/div><div class=\"fusion-text fusion-text-4\"><p>A partir de 20 ans (16 ans sous certaines conditions) \u00e0 la COTOREP<\/p>\n<p>\u2022 L\u2019allocation pour adultes handicap\u00e9es (AAH)<br \/>\n\u2022 L\u2019allocation compensatrice (AC1 ou AC2)<br \/>\n\u2022 La Carte territoriale d\u2019invalidit\u00e9 (CTI)<br \/>\n\u2022 Une orientation en milieu ordinaire ou adapt\u00e9 ; dans des \u00e9tablissements ou services m\u00e9dico-sociaux<\/p>\n<p>\u2022 La plaque pour personne \u00e0 mobilit\u00e9 r\u00e9duite (PPMR) pour les parkings r\u00e9serv\u00e9s<br \/>\n\u2022 La carte pour personne \u00e0 mobilit\u00e9 r\u00e9duite (CPMR) pour les files prioritaires<\/p>\n<p>\u2022 La Reconnaissance de Travailleur Handicap\u00e9 (RTH)<br \/>\n\u2022 Un appui pour la demande de reclassement professionnel<br \/>\n\u2022 Un appui pour la demande d\u2019am\u00e9nagement du poste de travail<\/p>\n<\/div><div class=\"fusion-text fusion-text-5\"><p style=\"text-align: center\">HORAIRES D&rsquo;OUVERTURE AU PUBLIC<\/p>\n<p style=\"text-align: center\">Uniquement les Lundi, Mercredi et Vendredi de 7h30 \u00e0 11h30<\/p>\n<p style=\"text-align: center\">T\u00e9l.: 46 58 40 &#8211; Fax: 46 58 37<\/p>\n<p style=\"text-align: center\">ADRESSE GEOGRAPHIQUE<\/p>\n<p style=\"text-align: center\">Direction des Affaires sociales &#8211; Immeuble Te Hotu &#8211; Avenue du Prince Hinoi &#8211; Papeete<\/p>\n<p style=\"text-align: center\">ADRESSE POSTALE<\/p>\n<p style=\"text-align: center\">BP 1707 &#8211; 98713 Papeete<\/p>\n<\/div><div class=\"fusion-clearfix\"><\/div><\/div><\/div><\/div><\/div>\n","protected":false},"excerpt":{"rendered":"","protected":false},"author":133,"featured_media":0,"parent":0,"menu_order":0,"comment_status":"closed","ping_status":"closed","template":"","meta":{"_seopress_robots_primary_cat":"","_seopress_titles_title":"","_seopress_titles_desc":"","_seopress_robots_index":"","footnotes":""},"class_list":["post-348","page","type-page","status-publish","hentry"],"_links":{"self":[{"href":"https:\/\/www.service-public.pf\/handicap\/wp-json\/wp\/v2\/pages\/348","targetHints":{"allow":["GET"]}}],"collection":[{"href":"https:\/\/www.service-public.pf\/handicap\/wp-json\/wp\/v2\/pages"}],"about":[{"href":"https:\/\/www.service-public.pf\/handicap\/wp-json\/wp\/v2\/types\/page"}],"author":[{"embeddable":true,"href":"https:\/\/www.service-public.pf\/handicap\/wp-json\/wp\/v2\/users\/133"}],"replies":[{"embeddable":true,"href":"https:\/\/www.service-public.pf\/handicap\/wp-json\/wp\/v2\/comments?post=348"}],"version-history":[{"count":0,"href":"https:\/\/www.service-public.pf\/handicap\/wp-json\/wp\/v2\/pages\/348\/revisions"}],"wp:attachment":[{"href":"https:\/\/www.service-public.pf\/handicap\/wp-json\/wp\/v2\/media?parent=348"}],"curies":[{"name":"wp","href":"https:\/\/api.w.org\/{rel}","templated":true}]}}