{"id":2412,"date":"2025-06-04T10:26:41","date_gmt":"2025-06-04T20:26:41","guid":{"rendered":"https:\/\/www.service-public.pf\/marchespublics\/?page_id=2412"},"modified":"2025-10-13T08:05:24","modified_gmt":"2025-10-13T18:05:24","slug":"espace-entreprises-se-former","status":"publish","type":"page","link":"https:\/\/www.service-public.pf\/marchespublics\/espace-entreprises-se-former\/","title":{"rendered":"Espace Entreprises &#8211; Se former"},"content":{"rendered":"<p><div class=\"fusion-fullwidth fullwidth-box fusion-builder-row-1 fusion-flex-container has-pattern-background has-mask-background nonhundred-percent-fullwidth non-hundred-percent-height-scrolling\" style=\"--awb-border-radius-top-left:0px;--awb-border-radius-top-right:0px;--awb-border-radius-bottom-right:0px;--awb-border-radius-bottom-left:0px;--awb-padding-top:0px;--awb-padding-bottom:0px;--awb-margin-top:0px;--awb-background-image:linear-gradient(180deg, #04233f 0%,#04233f 100%);--awb-flex-wrap:wrap;\" ><div class=\"fusion-builder-row fusion-row fusion-flex-align-items-center fusion-flex-content-wrap\" style=\"max-width:calc( 1700px + );margin-left: calc(- \/ 2 );margin-right: calc(- \/ 2 );\"><div class=\"fusion-layout-column fusion_builder_column fusion-builder-column-0 fusion_builder_column_1_1 1_1 fusion-flex-column\" style=\"--awb-padding-right:10px;--awb-padding-bottom:0px;--awb-padding-left:10px;--awb-bg-size:cover;--awb-width-large:100%;--awb-margin-top-large:0px;--awb-margin-bottom-large:2px;--awb-width-medium:100%;--awb-order-medium:0;--awb-width-small:100%;--awb-order-small:0;\"><div class=\"fusion-column-wrapper fusion-column-has-shadow fusion-flex-justify-content-center fusion-content-layout-row\"><div class=\"fusion-title title fusion-title-1 fusion-sep-none fusion-title-center fusion-title-text fusion-title-size-five\" style=\"--awb-margin-top-small:10px;--awb-margin-right-small:0px;--awb-margin-bottom-small:10px;--awb-margin-left-small:0px;\"><h5 class=\"fusion-title-heading title-heading-center\" style=\"margin:0;\"><span style=\"color: #ffffff;font-size: 24pt\"><strong><strong>ESPACE ENTREPRISES &#8211; SE FORMER<\/strong><\/strong><\/span><\/h5><\/div><\/div><\/div><\/div><\/div><div class=\"fusion-fullwidth fullwidth-box fusion-builder-row-2 fusion-flex-container has-pattern-background has-mask-background nonhundred-percent-fullwidth non-hundred-percent-height-scrolling\" style=\"--awb-border-radius-top-left:0px;--awb-border-radius-top-right:0px;--awb-border-radius-bottom-right:0px;--awb-border-radius-bottom-left:0px;--awb-flex-wrap:wrap;\" ><div class=\"fusion-builder-row fusion-row fusion-flex-align-items-flex-start fusion-flex-content-wrap\" style=\"max-width:calc( 1700px + );margin-left: calc(- \/ 2 );margin-right: calc(- \/ 2 );\"><div class=\"fusion-layout-column fusion_builder_column fusion-builder-column-1 fusion_builder_column_1_1 1_1 fusion-flex-column\" style=\"--awb-bg-size:cover;--awb-width-large:100%;--awb-margin-top-large:0px;--awb-margin-bottom-large:20px;--awb-width-medium:100%;--awb-order-medium:0;--awb-width-small:100%;--awb-order-small:0;\"><div class=\"fusion-column-wrapper fusion-column-has-shadow fusion-flex-justify-content-flex-start fusion-content-layout-column\"><div class=\"fusion-separator fusion-full-width-sep\" style=\"align-self: center;margin-left: auto;margin-right: auto;width:100%;\"><\/div><\/div><\/div><\/div><\/div><div class=\"fusion-fullwidth fullwidth-box fusion-builder-row-3 fusion-flex-container has-pattern-background has-mask-background nonhundred-percent-fullwidth non-hundred-percent-height-scrolling\" style=\"--awb-border-radius-top-left:0px;--awb-border-radius-top-right:0px;--awb-border-radius-bottom-right:0px;--awb-border-radius-bottom-left:0px;--awb-flex-wrap:wrap;\" ><div class=\"fusion-builder-row fusion-row fusion-flex-align-items-flex-start fusion-flex-content-wrap\" style=\"max-width:calc( 1700px + );margin-left: calc(- \/ 2 );margin-right: calc(- \/ 2 );\"><div class=\"fusion-layout-column fusion_builder_column fusion-builder-column-2 fusion_builder_column_1_1 1_1 fusion-flex-column\" style=\"--awb-bg-size:cover;--awb-width-large:100%;--awb-margin-top-large:0px;--awb-margin-bottom-large:20px;--awb-width-medium:100%;--awb-order-medium:0;--awb-width-small:100%;--awb-order-small:0;\"><div class=\"fusion-column-wrapper fusion-column-has-shadow fusion-flex-justify-content-flex-start fusion-content-layout-column\"><div class=\"fusion-separator fusion-full-width-sep\" style=\"align-self: center;margin-left: auto;margin-right: auto;width:100%;\"><\/div><\/div><\/div><\/div><\/div><div class=\"fusion-fullwidth fullwidth-box fusion-builder-row-4 fusion-flex-container has-pattern-background has-mask-background nonhundred-percent-fullwidth non-hundred-percent-height-scrolling\" style=\"--awb-border-radius-top-left:10px;--awb-border-radius-top-right:10px;--awb-border-radius-bottom-right:10px;--awb-border-radius-bottom-left:10px;--awb-overflow:hidden;--awb-background-color:var(--awb-color1);--awb-flex-wrap:wrap;\" ><div class=\"fusion-builder-row fusion-row fusion-flex-align-items-flex-start fusion-flex-content-wrap\" style=\"max-width:calc( 1700px + );margin-left: calc(- \/ 2 );margin-right: calc(- \/ 2 );\"><div class=\"fusion-layout-column fusion_builder_column fusion-builder-column-3 fusion_builder_column_1_1 1_1 fusion-flex-column\" style=\"--awb-bg-size:cover;--awb-width-large:100%;--awb-margin-top-large:0px;--awb-margin-bottom-large:20px;--awb-width-medium:100%;--awb-order-medium:0;--awb-width-small:100%;--awb-order-small:0;\"><div class=\"fusion-column-wrapper fusion-column-has-shadow fusion-flex-justify-content-flex-start fusion-content-layout-column\"><div class=\"fusion-text fusion-text-1\"><p style=\"text-align: center\"><img decoding=\"async\" class=\"aligncenter size-medium wp-image-933\" src=\"https:\/\/www.service-public.pf\/marchespublics\/wp-content\/uploads\/sites\/29\/2025\/05\/Capture-decran-2025-05-01-a-08.08.20-300x62.png\" alt=\"\" width=\"300\" height=\"62\" srcset=\"https:\/\/www.service-public.pf\/marchespublics\/wp-content\/uploads\/sites\/29\/2025\/05\/Capture-decran-2025-05-01-a-08.08.20-200x41.png 200w, https:\/\/www.service-public.pf\/marchespublics\/wp-content\/uploads\/sites\/29\/2025\/05\/Capture-decran-2025-05-01-a-08.08.20-300x62.png 300w, https:\/\/www.service-public.pf\/marchespublics\/wp-content\/uploads\/sites\/29\/2025\/05\/Capture-decran-2025-05-01-a-08.08.20-400x82.png 400w, https:\/\/www.service-public.pf\/marchespublics\/wp-content\/uploads\/sites\/29\/2025\/05\/Capture-decran-2025-05-01-a-08.08.20.png 592w\" sizes=\"(max-width: 300px) 100vw, 300px\" \/><\/p>\n<p><span style=\"font-size: 14pt\">\u2705 <strong>Gr\u00e2ce au partenariat entre la Direction de la Commande Publique et le GREPFOC<\/strong>, une <strong>offre de formation p\u00e9renne <\/strong>est disponible depuis 2024 pour accompagner <strong>les entreprises polyn\u00e9siennes dans la r\u00e9ponse aux march\u00e9s publics.<\/strong><\/span><\/p>\n<p><span style=\"font-size: 14pt\">\ud83c\udf3a <strong>Au programme\u202f:<\/strong> une initiation pratique et accessible au <strong>droit polyn\u00e9sien des march\u00e9s publics<\/strong>, pour vous permettre de mieux comprendre les r\u00e8gles, de s\u00e9curiser vos d\u00e9marches et de saisir de nouvelles opportunit\u00e9s.<\/span><\/p>\n<p><span style=\"font-size: 14pt\">\ud83d\udc49 <strong>Formez-vous, montez en comp\u00e9tence et d\u00e9veloppez votre activit\u00e9 sur les march\u00e9s publics\u202f!<\/strong><\/span><\/p>\n<p><img decoding=\"async\" class=\"aligncenter size-full wp-image-3295\" src=\"https:\/\/www.service-public.pf\/marchespublics\/wp-content\/uploads\/sites\/29\/2025\/06\/CaptureAA.jpg\" alt=\"\" width=\"1324\" height=\"548\" srcset=\"https:\/\/www.service-public.pf\/marchespublics\/wp-content\/uploads\/sites\/29\/2025\/06\/CaptureAA-200x83.jpg 200w, https:\/\/www.service-public.pf\/marchespublics\/wp-content\/uploads\/sites\/29\/2025\/06\/CaptureAA-300x124.jpg 300w, https:\/\/www.service-public.pf\/marchespublics\/wp-content\/uploads\/sites\/29\/2025\/06\/CaptureAA-400x166.jpg 400w, https:\/\/www.service-public.pf\/marchespublics\/wp-content\/uploads\/sites\/29\/2025\/06\/CaptureAA-600x248.jpg 600w, https:\/\/www.service-public.pf\/marchespublics\/wp-content\/uploads\/sites\/29\/2025\/06\/CaptureAA-768x318.jpg 768w, https:\/\/www.service-public.pf\/marchespublics\/wp-content\/uploads\/sites\/29\/2025\/06\/CaptureAA-800x331.jpg 800w, https:\/\/www.service-public.pf\/marchespublics\/wp-content\/uploads\/sites\/29\/2025\/06\/CaptureAA-1024x424.jpg 1024w, https:\/\/www.service-public.pf\/marchespublics\/wp-content\/uploads\/sites\/29\/2025\/06\/CaptureAA-1200x497.jpg 1200w, https:\/\/www.service-public.pf\/marchespublics\/wp-content\/uploads\/sites\/29\/2025\/06\/CaptureAA.jpg 1324w\" sizes=\"(max-width: 1324px) 100vw, 1324px\" \/><\/p>\n<\/div><div style=\"text-align:center;\"><a class=\"fusion-button button-flat fusion-button-default-size button-custom fusion-button-default button-1 fusion-button-default-span fusion-button-default-type\" style=\"--button_accent_color:var(--awb-color1);--button_accent_hover_color:var(--awb-color1);--button_border_hover_color:var(--awb-color1);--button_gradient_top_color:var(--awb-custom_color_5);--button_gradient_bottom_color:var(--awb-custom_color_5);--button_gradient_top_color_hover:hsla(var(--awb-color5-h),calc(var(--awb-color5-s) - 5%),calc(var(--awb-color5-l) - 10%),var(--awb-color5-a));--button_gradient_bottom_color_hover:hsla(var(--awb-color5-h),calc(var(--awb-color5-s) - 5%),calc(var(--awb-color5-l) - 10%),var(--awb-color5-a));\" target=\"_self\" href=\"https:\/\/www.grepfoc.pf\/code-polynesien-des-marches-publics-2\/\"><i class=\"fa-eye fas awb-button__icon awb-button__icon--default button-icon-left\" aria-hidden=\"true\"><\/i><span class=\"fusion-button-text awb-button__text awb-button__text--default\">En savoir plus <\/span><\/a><\/div><\/div><\/div><\/div><\/div><div class=\"fusion-fullwidth fullwidth-box fusion-builder-row-5 fusion-flex-container has-pattern-background has-mask-background nonhundred-percent-fullwidth non-hundred-percent-height-scrolling\" style=\"--awb-border-radius-top-left:0px;--awb-border-radius-top-right:0px;--awb-border-radius-bottom-right:0px;--awb-border-radius-bottom-left:0px;--awb-flex-wrap:wrap;\" ><div class=\"fusion-builder-row fusion-row fusion-flex-align-items-flex-start fusion-flex-content-wrap\" style=\"max-width:calc( 1700px + );margin-left: calc(- \/ 2 );margin-right: calc(- \/ 2 );\"><div class=\"fusion-layout-column fusion_builder_column fusion-builder-column-4 fusion_builder_column_1_1 1_1 fusion-flex-column\" style=\"--awb-bg-size:cover;--awb-width-large:100%;--awb-margin-top-large:0px;--awb-margin-bottom-large:20px;--awb-width-medium:100%;--awb-order-medium:0;--awb-width-small:100%;--awb-order-small:0;\"><div class=\"fusion-column-wrapper fusion-column-has-shadow fusion-flex-justify-content-flex-start fusion-content-layout-column\"><div class=\"fusion-separator fusion-full-width-sep\" style=\"align-self: center;margin-left: auto;margin-right: auto;width:100%;\"><\/div><\/div><\/div><\/div><\/div><div class=\"fusion-fullwidth fullwidth-box fusion-builder-row-6 fusion-flex-container has-pattern-background has-mask-background nonhundred-percent-fullwidth non-hundred-percent-height-scrolling\" style=\"--awb-border-radius-top-left:0px;--awb-border-radius-top-right:0px;--awb-border-radius-bottom-right:0px;--awb-border-radius-bottom-left:0px;--awb-flex-wrap:wrap;\" ><div class=\"fusion-builder-row fusion-row fusion-flex-align-items-flex-start fusion-flex-content-wrap\" style=\"max-width:calc( 1700px + );margin-left: calc(- \/ 2 );margin-right: calc(- \/ 2 );\"><div class=\"fusion-layout-column fusion_builder_column fusion-builder-column-5 fusion_builder_column_1_1 1_1 fusion-flex-column\" style=\"--awb-bg-size:cover;--awb-width-large:100%;--awb-margin-top-large:0px;--awb-margin-bottom-large:20px;--awb-width-medium:100%;--awb-order-medium:0;--awb-width-small:100%;--awb-order-small:0;\"><div class=\"fusion-column-wrapper fusion-column-has-shadow fusion-flex-justify-content-flex-start fusion-content-layout-column\"><div class=\"fusion-separator fusion-full-width-sep\" style=\"align-self: center;margin-left: auto;margin-right: auto;width:100%;\"><\/div><\/div><\/div><\/div><\/div><\/p>\n","protected":false},"excerpt":{"rendered":"","protected":false},"author":381,"featured_media":0,"parent":0,"menu_order":0,"comment_status":"closed","ping_status":"closed","template":"","meta":{"_seopress_robots_primary_cat":"","_seopress_titles_title":"","_seopress_titles_desc":"","_seopress_robots_index":"","footnotes":""},"class_list":["post-2412","page","type-page","status-publish","hentry"],"_links":{"self":[{"href":"https:\/\/www.service-public.pf\/marchespublics\/wp-json\/wp\/v2\/pages\/2412","targetHints":{"allow":["GET"]}}],"collection":[{"href":"https:\/\/www.service-public.pf\/marchespublics\/wp-json\/wp\/v2\/pages"}],"about":[{"href":"https:\/\/www.service-public.pf\/marchespublics\/wp-json\/wp\/v2\/types\/page"}],"author":[{"embeddable":true,"href":"https:\/\/www.service-public.pf\/marchespublics\/wp-json\/wp\/v2\/users\/381"}],"replies":[{"embeddable":true,"href":"https:\/\/www.service-public.pf\/marchespublics\/wp-json\/wp\/v2\/comments?post=2412"}],"version-history":[{"count":66,"href":"https:\/\/www.service-public.pf\/marchespublics\/wp-json\/wp\/v2\/pages\/2412\/revisions"}],"predecessor-version":[{"id":6768,"href":"https:\/\/www.service-public.pf\/marchespublics\/wp-json\/wp\/v2\/pages\/2412\/revisions\/6768"}],"wp:attachment":[{"href":"https:\/\/www.service-public.pf\/marchespublics\/wp-json\/wp\/v2\/media?parent=2412"}],"curies":[{"name":"wp","href":"https:\/\/api.w.org\/{rel}","templated":true}]}}