{"id":5092,"date":"2025-08-29T12:02:00","date_gmt":"2025-08-29T22:02:00","guid":{"rendered":"https:\/\/www.service-public.pf\/marchespublics\/?page_id=5092"},"modified":"2025-09-04T14:00:26","modified_gmt":"2025-09-05T00:00:26","slug":"inscription-au-site-acheteurs-publics-polynesiens","status":"publish","type":"page","link":"https:\/\/www.service-public.pf\/marchespublics\/inscription-au-site-acheteurs-publics-polynesiens\/","title":{"rendered":"Inscription au site acheteurs publics polyn\u00e9siens"},"content":{"rendered":"<p><div class=\"fusion-fullwidth fullwidth-box fusion-builder-row-1 fusion-flex-container has-pattern-background has-mask-background nonhundred-percent-fullwidth non-hundred-percent-height-scrolling\" style=\"--awb-border-radius-top-left:0px;--awb-border-radius-top-right:0px;--awb-border-radius-bottom-right:0px;--awb-border-radius-bottom-left:0px;--awb-background-color:var(--awb-color1);--awb-flex-wrap:wrap;\" ><div class=\"fusion-builder-row fusion-row fusion-flex-align-items-flex-start fusion-flex-content-wrap\" style=\"max-width:calc( 1700px + );margin-left: calc(- \/ 2 );margin-right: calc(- \/ 2 );\"><div class=\"fusion-layout-column fusion_builder_column fusion-builder-column-0 fusion_builder_column_1_1 1_1 fusion-flex-column\" style=\"--awb-bg-size:cover;--awb-width-large:100%;--awb-margin-top-large:0px;--awb-margin-bottom-large:20px;--awb-width-medium:100%;--awb-order-medium:0;--awb-width-small:100%;--awb-order-small:0;\"><div class=\"fusion-column-wrapper fusion-column-has-shadow fusion-flex-justify-content-flex-start fusion-content-layout-column\"><div class=\"fusion-title title fusion-title-1 fusion-sep-none fusion-title-center fusion-title-text fusion-title-size-one\" style=\"--awb-margin-top-small:10px;--awb-margin-right-small:0px;--awb-margin-bottom-small:10px;--awb-margin-left-small:0px;\"><h1 class=\"fusion-title-heading title-heading-center\" style=\"margin:0;\"><h1><span style=\"color: #000000\"><strong>Acheteurs publics\u00a0<\/strong><\/span><\/h1><\/h1><\/div><div class=\"fusion-text fusion-text-1\"><p style=\"text-align: center\"><span style=\"font-family: georgia, palatino, serif;font-size: 18pt\">Pour acc\u00e9der aux pages qui sont r\u00e9serv\u00e9es aux <strong>acheteurs publics polyn\u00e9siens<\/strong>, veuillez demander votre inscription en remplissant le formulaire en bas de page.&nbsp;<\/span><\/p>\n<\/div><div class=\"awb-gallery-wrapper awb-gallery-wrapper-1 button-span-no\" style=\"--more-btn-alignment:center;\"><div style=\"margin:-5px;--awb-bordersize:0px;\" class=\"fusion-gallery fusion-gallery-container fusion-grid-3 fusion-columns-total-4 fusion-gallery-layout-grid fusion-gallery-1\"><div style=\"padding:5px;\" class=\"fusion-grid-column fusion-gallery-column fusion-gallery-column-3 hover-type-none\"><div class=\"fusion-gallery-image\"><a href=\"https:\/\/www.service-public.pf\/marchespublics\/wp-content\/uploads\/sites\/29\/2025\/09\/Capture1.jpg\" rel=\"noreferrer\" data-rel=\"iLightbox[gallery_image_1]\" class=\"fusion-lightbox\" target=\"_self\"><img decoding=\"async\" src=\"https:\/\/www.service-public.pf\/marchespublics\/wp-content\/uploads\/sites\/29\/2025\/09\/Capture1.jpg\" width=\"567\" height=\"903\" alt=\"\" title=\"Capture1\" aria-label=\"Capture1\" class=\"img-responsive wp-image-5621\" srcset=\"https:\/\/www.service-public.pf\/marchespublics\/wp-content\/uploads\/sites\/29\/2025\/09\/Capture1-200x319.jpg 200w, https:\/\/www.service-public.pf\/marchespublics\/wp-content\/uploads\/sites\/29\/2025\/09\/Capture1-400x637.jpg 400w, https:\/\/www.service-public.pf\/marchespublics\/wp-content\/uploads\/sites\/29\/2025\/09\/Capture1.jpg 567w\" sizes=\"(min-width: 2200px) 100vw, (min-width: 784px) 563px, (min-width: 712px) 784px, (min-width: 640px) 712px, \" \/><\/a><\/div><\/div><div style=\"padding:5px;\" class=\"fusion-grid-column fusion-gallery-column fusion-gallery-column-3 hover-type-none\"><div class=\"fusion-gallery-image\"><a href=\"https:\/\/www.service-public.pf\/marchespublics\/wp-content\/uploads\/sites\/29\/2025\/09\/Capture2.jpg\" rel=\"noreferrer\" data-rel=\"iLightbox[gallery_image_1]\" class=\"fusion-lightbox\" target=\"_self\"><img decoding=\"async\" src=\"https:\/\/www.service-public.pf\/marchespublics\/wp-content\/uploads\/sites\/29\/2025\/09\/Capture2.jpg\" width=\"572\" height=\"633\" alt=\"\" title=\"Capture2\" aria-label=\"Capture2\" class=\"img-responsive wp-image-5622\" srcset=\"https:\/\/www.service-public.pf\/marchespublics\/wp-content\/uploads\/sites\/29\/2025\/09\/Capture2-200x221.jpg 200w, https:\/\/www.service-public.pf\/marchespublics\/wp-content\/uploads\/sites\/29\/2025\/09\/Capture2-400x443.jpg 400w, https:\/\/www.service-public.pf\/marchespublics\/wp-content\/uploads\/sites\/29\/2025\/09\/Capture2.jpg 572w\" sizes=\"(min-width: 2200px) 100vw, (min-width: 784px) 563px, (min-width: 712px) 784px, (min-width: 640px) 712px, \" \/><\/a><\/div><\/div><div style=\"padding:5px;\" class=\"fusion-grid-column fusion-gallery-column fusion-gallery-column-3 hover-type-none\"><div class=\"fusion-gallery-image\"><a href=\"https:\/\/www.service-public.pf\/marchespublics\/wp-content\/uploads\/sites\/29\/2025\/09\/Capture3.jpg\" rel=\"noreferrer\" data-rel=\"iLightbox[gallery_image_1]\" class=\"fusion-lightbox\" target=\"_self\"><img decoding=\"async\" src=\"https:\/\/www.service-public.pf\/marchespublics\/wp-content\/uploads\/sites\/29\/2025\/09\/Capture3.jpg\" width=\"568\" height=\"913\" alt=\"\" title=\"Capture3\" aria-label=\"Capture3\" class=\"img-responsive wp-image-5623\" srcset=\"https:\/\/www.service-public.pf\/marchespublics\/wp-content\/uploads\/sites\/29\/2025\/09\/Capture3-200x321.jpg 200w, https:\/\/www.service-public.pf\/marchespublics\/wp-content\/uploads\/sites\/29\/2025\/09\/Capture3-400x643.jpg 400w, https:\/\/www.service-public.pf\/marchespublics\/wp-content\/uploads\/sites\/29\/2025\/09\/Capture3.jpg 568w\" sizes=\"(min-width: 2200px) 100vw, (min-width: 784px) 563px, (min-width: 712px) 784px, (min-width: 640px) 712px, \" \/><\/a><\/div><\/div><div class=\"clearfix\"><\/div><div style=\"padding:5px;\" class=\"fusion-grid-column fusion-gallery-column fusion-gallery-column-3 hover-type-none\"><div class=\"fusion-gallery-image\"><a href=\"https:\/\/www.service-public.pf\/marchespublics\/wp-content\/uploads\/sites\/29\/2025\/09\/Capture4.jpg\" rel=\"noreferrer\" data-rel=\"iLightbox[gallery_image_1]\" class=\"fusion-lightbox\" target=\"_self\"><img decoding=\"async\" src=\"https:\/\/www.service-public.pf\/marchespublics\/wp-content\/uploads\/sites\/29\/2025\/09\/Capture4.jpg\" width=\"573\" height=\"909\" alt=\"\" title=\"Capture4\" aria-label=\"Capture4\" class=\"img-responsive wp-image-5624\" srcset=\"https:\/\/www.service-public.pf\/marchespublics\/wp-content\/uploads\/sites\/29\/2025\/09\/Capture4-200x317.jpg 200w, https:\/\/www.service-public.pf\/marchespublics\/wp-content\/uploads\/sites\/29\/2025\/09\/Capture4-400x635.jpg 400w, https:\/\/www.service-public.pf\/marchespublics\/wp-content\/uploads\/sites\/29\/2025\/09\/Capture4.jpg 573w\" sizes=\"(min-width: 2200px) 100vw, (min-width: 784px) 563px, (min-width: 712px) 784px, (min-width: 640px) 712px, \" \/><\/a><\/div><\/div><\/div><\/div><div class=\"fusion-separator fusion-full-width-sep\" style=\"align-self: center;margin-left: auto;margin-right: auto;margin-top:50px;width:100%;\"><\/div><div class=\"fusion-text fusion-text-2\"><p style=\"text-align: center\"><strong><span style=\"font-family: georgia, palatino, serif\"><span style=\"font-size: 24px\">FORMULAIRE DE DEMANDE D&rsquo;INSCRIPTION&nbsp;<\/span><\/span><\/strong><\/p>\n<\/div><div class=\"fusion-separator fusion-full-width-sep\" style=\"align-self: center;margin-left: auto;margin-right: auto;width:100%;\"><div class=\"fusion-separator-border sep-single sep-solid\" style=\"--awb-height:20px;--awb-amount:20px;--awb-sep-color:var(--awb-color8);border-color:var(--awb-color8);border-top-width:3px;\"><\/div><\/div><div class=\"fusion-separator fusion-full-width-sep\" style=\"align-self: center;margin-left: auto;margin-right: auto;margin-top:10px;margin-bottom:10px;width:100%;\"><\/div><\/div><\/div><\/div><\/div><div class=\"fusion-fullwidth fullwidth-box fusion-builder-row-2 fusion-flex-container has-pattern-background has-mask-background nonhundred-percent-fullwidth non-hundred-percent-height-scrolling\" style=\"--awb-border-radius-top-left:0px;--awb-border-radius-top-right:0px;--awb-border-radius-bottom-right:0px;--awb-border-radius-bottom-left:0px;--awb-background-color:var(--awb-color1);--awb-flex-wrap:wrap;\" ><div class=\"fusion-builder-row fusion-row fusion-flex-align-items-flex-start fusion-flex-content-wrap\" style=\"max-width:calc( 1700px + );margin-left: calc(- \/ 2 );margin-right: calc(- \/ 2 );\"><div class=\"fusion-layout-column fusion_builder_column fusion-builder-column-1 fusion_builder_column_1_1 1_1 fusion-flex-column\" style=\"--awb-bg-size:cover;--awb-width-large:100%;--awb-margin-top-large:0px;--awb-margin-bottom-large:20px;--awb-width-medium:100%;--awb-order-medium:0;--awb-width-small:100%;--awb-order-small:0;\"><div class=\"fusion-column-wrapper fusion-column-has-shadow fusion-flex-justify-content-flex-start fusion-content-layout-column\"><div class=\"fusion-text fusion-text-3\">\n\n<div class=\"mp_wrapper\">\n  <form name=\"mepr_signup_form\" id=\"mepr_signup_form\" class=\"mepr-signup-form mepr-form\" method=\"post\" action=\"\/marchespublics\/wp-json\/wp\/v2\/pages\/5092#mepr_jump\" enctype=\"multipart\/form-data\" novalidate>\n    <input type=\"hidden\" name=\"mepr_process_signup_form\" value=\"Y\" \/>\n    <input type=\"hidden\" name=\"mepr_product_id\" value=\"5007\" \/>\n\n    \n    \n    \n    \n    \n          <div class=\"mp-form-row mepr_first_name mepr-field-required\">\n        <div class=\"mp-form-label\">\n          <label for=\"user_first_name1\">Pr\u00e9nom*<\/label>\n          <span class=\"cc-error\">First Name Required<\/span>\n        <\/div>\n        <input type=\"text\" name=\"user_first_name\" id=\"user_first_name1\" class=\"mepr-form-input\" value=\"\" required \/>\n      <\/div>\n      <div class=\"mp-form-row mepr_last_name mepr-field-required\">\n        <div class=\"mp-form-label\">\n          <label for=\"user_last_name1\">Nom*<\/label>\n          <span class=\"cc-error\">Last Name Required<\/span>\n        <\/div>\n        <input type=\"text\" name=\"user_last_name\" id=\"user_last_name1\" class=\"mepr-form-input\" value=\"\" required \/>\n      <\/div>\n    \n    \n    \n<div class=\"mp-form-row mepr_custom_field mepr_mepr_nom_de_lacheteur_public mepr-field-required\">\n      <div class=\"mp-form-label\">\n      <label for=\"mepr_nom_de_lacheteur_public1\">\n          Nom de l'acheteur public d'appartenance:*      <\/label>\n              <span class=\"cc-error\">\n          Nom de l'acheteur public d'appartenance is Required      <\/span>\n    <\/div>\n    <input type=\"text\" name=\"mepr_nom_de_lacheteur_public\" id=\"mepr_nom_de_lacheteur_public1\" class=\"mepr-form-input \" value=\"\"  required \/><\/div>\n\n<div class=\"mp-form-row mepr_custom_field mepr_mepr_fonction\">\n      <div class=\"mp-form-label\">\n      <label for=\"mepr_fonction1\">\n          Fonction:      <\/label>\n              <span class=\"cc-error\">\n          Fonction is not valid      <\/span>\n    <\/div>\n    <input type=\"text\" name=\"mepr_fonction\" id=\"mepr_fonction1\" class=\"mepr-form-input \" value=\"\"   \/><\/div>\n\n<div class=\"mp-form-row mepr_custom_field mepr_mepr_telephone\">\n      <div class=\"mp-form-label\">\n      <label for=\"mepr_telephone1\">\n          T\u00e9l\u00e9phone professionnel:      <\/label>\n              <span class=\"cc-error\">\n          T\u00e9l\u00e9phone professionnel is not valid      <\/span>\n    <\/div>\n    <input type=\"tel\" name=\"mepr_telephone\" id=\"mepr_telephone1\" value=\"\" class=\"mepr-tel-input mepr-form-input \"   \/><\/div>\n\n<div class=\"mp-form-row mepr_custom_field mepr_mepr_texte_rgpd mepr-field-required\">\n            <label for=\"mepr_texte_rgpd1\" class=\"mepr-checkbox-field mepr-form-input \"  required>\n          <input type=\"checkbox\" name=\"mepr_texte_rgpd\" id=\"mepr_texte_rgpd1\"  \/>\n                J'accepte la politique de confidentialit\u00e9 et de gestion de mes donn\u00e9es personnelles *        <\/label>\n                <\/div>\n\n    \n          <input type=\"hidden\" class=\"mepr-geo-country\" name=\"mepr-geo-country\" value=\"\" \/>\n\n              <div class=\"mp-form-row mepr_email mepr-field-required\">\n        <div class=\"mp-form-label\">\n          <label for=\"user_email1\">Email:*<\/label>\n          <span class=\"cc-error\">Invalid Email<\/span>\n        <\/div>\n        <input type=\"email\" name=\"user_email\" id=\"user_email1\" class=\"mepr-form-input\" value=\"\" required \/>\n      <\/div>\n      <div class=\"mp-form-row mepr_email_stripe mepr-field-required mepr-hidden\">\n      <\/div>\n                                <div class=\"mp-form-row mepr_password mepr-field-required\">\n          <div class=\"mp-form-label\">\n            <label for=\"mepr_user_password1\">Mot de passe:*<\/label>\n            <span class=\"cc-error\">Invalid Password<\/span>\n          <\/div>\n          <div class=\"mp-hide-pw\">\n            <input type=\"password\" name=\"mepr_user_password\" id=\"mepr_user_password1\" class=\"mepr-form-input mepr-password\" value=\"\" required \/>\n            <button type=\"button\" class=\"button mp-hide-pw hide-if-no-js\" data-toggle=\"0\" aria-label=\"Show password\">\n              <span class=\"dashicons dashicons-visibility\" aria-hidden=\"true\"><\/span>\n            <\/button>\n          <\/div>\n          <\/div>\n        <div class=\"mp-form-row mepr_password_confirm mepr-field-required\">\n          <div class=\"mp-form-label\">\n            <label for=\"mepr_user_password_confirm1\">Confirmation du mot de passe:*<\/label>\n            <span class=\"cc-error\">Password Confirmation Doesn't Match<\/span>\n          <\/div>\n          <div class=\"mp-hide-pw\">\n            <input type=\"password\" name=\"mepr_user_password_confirm\" id=\"mepr_user_password_confirm1\" class=\"mepr-form-input mepr-password-confirm\" value=\"\" required \/>\n            <button type=\"button\" class=\"button mp-hide-pw hide-if-no-js\" data-toggle=\"0\" aria-label=\"Show password\">\n              <span class=\"dashicons dashicons-visibility\" aria-hidden=\"true\"><\/span>\n            <\/button>\n          <\/div>\n        <\/div>\n                <div class=\"mp-form-row mp-password-strength-area\">\n      <span class=\"mp-password-strength-display mp-nopass\">Password Strength<\/span>\n\n                <span>&nbsp;<small><em>Password must be \"Very Strong\" or stronger<\/em><\/small><\/span>\n        \n      <input type=\"hidden\" name=\"mp-pass-strength\" class=\"mp-pass-strength\" value=\"0\" \/>\n    <\/div>\n                                \n        \n    \n          <input type=\"hidden\" name=\"mepr_coupon_code\" value=\"\" \/>\n    \n    \n    \n        \n    <div class=\"mepr_spacer\">&nbsp;<\/div>\n\n    <div class=\"mp-form-submit\">\n            <label for=\"mepr_no_val\" class=\"mepr-visuallyhidden\">No val<\/label>\n      <input type=\"text\" id=\"mepr_no_val\" name=\"mepr_no_val\" class=\"mepr-form-input mepr-visuallyhidden mepr_no_val mepr-hidden\" autocomplete=\"off\" \/>\n\n              <input type=\"submit\" class=\"mepr-submit\" value=\"S'inscrire\" \/>\n            <img decoding=\"async\" src=\"https:\/\/www.service-public.pf\/marchespublics\/wp-admin\/images\/loading.gif\" alt=\"Loading...\" style=\"display: none;\" class=\"mepr-loading-gif\" title=\"Loading icon\" \/>\n      <span class=\"mepr-form-has-errors\">Please fix the errors above<\/span>\n\n    <\/div>\n  <\/form>\n<\/div>\n\n<\/div><\/div><\/div><\/div><\/div><\/p>\n","protected":false},"excerpt":{"rendered":"","protected":false},"author":381,"featured_media":0,"parent":0,"menu_order":0,"comment_status":"closed","ping_status":"closed","template":"","meta":{"_seopress_robots_primary_cat":"","_seopress_titles_title":"","_seopress_titles_desc":"","_seopress_robots_index":"","footnotes":""},"class_list":["post-5092","page","type-page","status-publish","hentry"],"_links":{"self":[{"href":"https:\/\/www.service-public.pf\/marchespublics\/wp-json\/wp\/v2\/pages\/5092","targetHints":{"allow":["GET"]}}],"collection":[{"href":"https:\/\/www.service-public.pf\/marchespublics\/wp-json\/wp\/v2\/pages"}],"about":[{"href":"https:\/\/www.service-public.pf\/marchespublics\/wp-json\/wp\/v2\/types\/page"}],"author":[{"embeddable":true,"href":"https:\/\/www.service-public.pf\/marchespublics\/wp-json\/wp\/v2\/users\/381"}],"replies":[{"embeddable":true,"href":"https:\/\/www.service-public.pf\/marchespublics\/wp-json\/wp\/v2\/comments?post=5092"}],"version-history":[{"count":19,"href":"https:\/\/www.service-public.pf\/marchespublics\/wp-json\/wp\/v2\/pages\/5092\/revisions"}],"predecessor-version":[{"id":5673,"href":"https:\/\/www.service-public.pf\/marchespublics\/wp-json\/wp\/v2\/pages\/5092\/revisions\/5673"}],"wp:attachment":[{"href":"https:\/\/www.service-public.pf\/marchespublics\/wp-json\/wp\/v2\/media?parent=5092"}],"curies":[{"name":"wp","href":"https:\/\/api.w.org\/{rel}","templated":true}]}}