{"id":1520,"date":"2022-08-17T17:12:09","date_gmt":"2022-08-18T03:12:09","guid":{"rendered":"https:\/\/www.service-public.pf\/sde\/?page_id=1520"},"modified":"2023-10-31T15:43:07","modified_gmt":"2023-11-01T01:43:07","slug":"nos-missions","status":"publish","type":"page","link":"https:\/\/www.service-public.pf\/sde\/nos-missions\/","title":{"rendered":"Nos missions"},"content":{"rendered":"<p><div class=\"fusion-fullwidth fullwidth-box fusion-builder-row-1 fusion-flex-container has-pattern-background has-mask-background fusion-parallax-none nonhundred-percent-fullwidth non-hundred-percent-height-scrolling vct_border_bottom\" style=\"--awb-border-radius-top-left:0px;--awb-border-radius-top-right:0px;--awb-border-radius-bottom-right:0px;--awb-border-radius-bottom-left:0px;--awb-padding-top:6%;--awb-padding-bottom:6%;--awb-background-image:url(&quot;https:\/\/www.service-public.pf\/sde\/wp-content\/uploads\/sites\/15\/2022\/11\/Header-Notre-organisation3.png&quot;);--awb-background-size:cover;--awb-flex-wrap:wrap;\" ><div class=\"fusion-builder-row fusion-row fusion-flex-align-items-flex-start fusion-flex-content-wrap\" style=\"max-width:104%;margin-left: calc(-4% \/ 2 );margin-right: calc(-4% \/ 2 );\"><div class=\"fusion-layout-column fusion_builder_column fusion-builder-column-0 fusion_builder_column_1_1 1_1 fusion-flex-column\" style=\"--awb-bg-size:cover;--awb-width-large:100%;--awb-margin-top-large:0px;--awb-spacing-right-large:1.92%;--awb-margin-bottom-large:20px;--awb-spacing-left-large:1.92%;--awb-width-medium:100%;--awb-order-medium:0;--awb-spacing-right-medium:1.92%;--awb-spacing-left-medium:1.92%;--awb-width-small:100%;--awb-order-small:0;--awb-spacing-right-small:1.92%;--awb-spacing-left-small:1.92%;\"><div class=\"fusion-column-wrapper fusion-column-has-shadow fusion-flex-justify-content-flex-start fusion-content-layout-column\"><div class=\"fusion-title title fusion-title-1 fusion-sep-none fusion-title-text fusion-title-size-two\" style=\"--awb-text-color:#ffffff;--awb-margin-top-small:0px;--awb-margin-right-small:0px;--awb-margin-bottom-small:20px;--awb-margin-left-small:0px;--awb-font-size:50px;\"><h2 class=\"fusion-title-heading title-heading-left\" style=\"margin:0;font-size:1em;\"><\/h2><\/div><\/div><\/div><\/div><\/div><div class=\"fusion-fullwidth fullwidth-box fusion-builder-row-2 fusion-flex-container nonhundred-percent-fullwidth non-hundred-percent-height-scrolling\" style=\"--awb-border-radius-top-left:0px;--awb-border-radius-top-right:0px;--awb-border-radius-bottom-right:0px;--awb-border-radius-bottom-left:0px;--awb-padding-top:30px;--awb-flex-wrap:wrap;--awb-box-shadow:1px 2px 5px 0px #00000029;\" ><div class=\"fusion-builder-row fusion-row fusion-flex-align-items-flex-start fusion-flex-content-wrap\" style=\"max-width:104%;margin-left: calc(-4% \/ 2 );margin-right: calc(-4% \/ 2 );\"><div class=\"fusion-layout-column fusion_builder_column fusion-builder-column-1 fusion_builder_column_1_1 1_1 fusion-flex-column\" style=\"--awb-bg-size:cover;--awb-width-large:100%;--awb-margin-top-large:0px;--awb-spacing-right-large:9.6%;--awb-margin-bottom-large:20px;--awb-spacing-left-large:1.92%;--awb-width-medium:100%;--awb-order-medium:0;--awb-spacing-right-medium:1.92%;--awb-spacing-left-medium:1.92%;--awb-width-small:100%;--awb-order-small:0;--awb-spacing-right-small:1.92%;--awb-spacing-left-small:1.92%;\"><div class=\"fusion-column-wrapper fusion-column-has-shadow fusion-flex-justify-content-flex-start fusion-content-layout-column\"><div ><a class=\"fusion-button button-flat fusion-button-default-size button-custom fusion-button-default button-1 fusion-button-default-span fusion-button-default-type vct_button_title\" style=\"--awb-margin-bottom:4%;--button_accent_color:#ffffff;--button_accent_hover_color:#ffffff;--button_border_hover_color:#ffffff;--button-border-radius-top-left:6px;--button-border-radius-top-right:6px;--button-border-radius-bottom-right:6px;--button-border-radius-bottom-left:6px;--button_gradient_top_color:#e51c24;--button_gradient_bottom_color:#e51c24;--button_gradient_top_color_hover:#e51c24;--button_gradient_bottom_color_hover:#e51c24;\" target=\"_self\" href=\"#\"><i class=\"fa-list-alt fas awb-button__icon awb-button__icon--default button-icon-left\" aria-hidden=\"true\"><\/i><span class=\"fusion-button-text awb-button__text awb-button__text--default\">NOS MISSIONS<\/span><\/a><\/div><div class=\"fusion-text fusion-text-1\"><p>La direction polyn\u00e9sienne de l&rsquo;\u00e9nergies, anciennement service de l\u2019\u00e9nergie et des mines, a \u00e9t\u00e9 cr\u00e9\u00e9 en 1982 par la <a href=\"http:\/\/lexpol.cloud.pf\/LexpolAfficheTexte.php?texte=261836\">d\u00e9lib\u00e9ration n\u00b087-82 du 10 septembre 1982 (modifi\u00e9e)<\/a>.<\/p>\n<p>L&rsquo;<a href=\"https:\/\/lexpol.cloud.pf\/LexpolAfficheTexte.php?texte=979210&amp;idr=1162&amp;np=1\" target=\"_blank\" rel=\"noopener\">arr\u00eat\u00e9 n\u00b0 1790 CM du 6 octobre 2023<\/a> d\u00e9finit ses missions ainsi que ses r\u00e8gles d&rsquo;organisation et de fonctionnement.<\/p>\n<p>Elles peuvent \u00eatre ainsi r\u00e9sum\u00e9es\u00a0:<\/p>\n<\/div><div class=\"accordian fusion-accordian vct_toggle\" style=\"--awb-border-size:1px;--awb-icon-size:13px;--awb-content-font-size:16px;--awb-icon-alignment:left;--awb-hover-color:#f9f9f9;--awb-border-color:#cccccc;--awb-background-color:#ffffff;--awb-divider-color:#e0dede;--awb-divider-hover-color:#e0dede;--awb-icon-color:#ffffff;--awb-title-color:#333333;--awb-content-color:#747474;--awb-icon-box-color:#333333;--awb-toggle-hover-accent-color:#bdd547;--awb-title-font-family:&quot;PT Sans&quot;;--awb-title-font-weight:400;--awb-title-font-style:normal;--awb-title-font-size:13px;--awb-content-font-family:&quot;PT Sans&quot;;--awb-content-font-style:normal;--awb-content-font-weight:400;\"><div class=\"panel-group fusion-toggle-icon-boxed\" id=\"accordion-1520-1\"><div class=\"fusion-panel panel-default panel-f701907610094d390 fusion-toggle-has-divider\" style=\"--awb-title-color:#333333;--awb-content-color:#747474;\"><div class=\"panel-heading\"><h4 class=\"panel-title toggle\" id=\"toggle_f701907610094d390\"><a aria-expanded=\"false\" aria-controls=\"f701907610094d390\" role=\"button\" data-toggle=\"collapse\" data-parent=\"#accordion-1520-1\" data-target=\"#f701907610094d390\" href=\"#f701907610094d390\"><span class=\"fusion-toggle-icon-wrapper\" aria-hidden=\"true\"><i class=\"fa-fusion-box active-icon awb-icon-minus\" aria-hidden=\"true\"><\/i><i class=\"fa-fusion-box inactive-icon awb-icon-plus\" aria-hidden=\"true\"><\/i><\/span><span class=\"fusion-toggle-heading\">R\u00e9glementer et contr\u00f4ler le secteur de l\u2019\u00e9lectricit\u00e9<\/span><\/a><\/h4><\/div><div id=\"f701907610094d390\" class=\"panel-collapse collapse \" aria-labelledby=\"toggle_f701907610094d390\"><div class=\"panel-body toggle-content fusion-clearfix\">\n<table style=\"width: 98.1642%\">\n<tbody>\n<tr>\n<td style=\"width: 72.1767%\"><em>&#8211; <\/em>Assurer le secr\u00e9tariat des commissions consultatives pr\u00e9alables aux autorisations administratives d\u00e9livr\u00e9es par le Conseil des ministres (commission de l&rsquo;\u00e9nergie, commission d&rsquo;implantation des stations de distribution de carburant, commission des forces hydrauliques) ;<\/p>\n<p>&#8211; Assurer la tutelle des concessions accord\u00e9es (concession de distribution de l\u2019\u00e9lectricit\u00e9 (EDT), 1 concession de transport de l\u2019\u00e9lectricit\u00e9 (TEP), 7 concessions d&rsquo;hydro\u00e9lectricit\u00e9 (Marama Nui)), notamment le suivi technique, les audits comptables et financiers.<\/td>\n<td style=\"width: 105.941%\"><img decoding=\"async\" class=\"img-responsive wp-image-225 aligncenter\" title=\"R\u00e9seau \u00e9lec centre Tahiri\" src=\"https:\/\/www.service-public.pf\/sde\/wp-content\/uploads\/sites\/15\/2016\/09\/R\u00e9seau-\u00e9lec-centre-Tahiri-300x200.jpg\" alt=\"\" width=\"281\" height=\"187\" srcset=\"https:\/\/www.service-public.pf\/sde\/wp-content\/uploads\/sites\/15\/2016\/09\/R\u00e9seau-\u00e9lec-centre-Tahiri-200x133.jpg 200w, https:\/\/www.service-public.pf\/sde\/wp-content\/uploads\/sites\/15\/2016\/09\/R\u00e9seau-\u00e9lec-centre-Tahiri-300x200.jpg 300w, https:\/\/www.service-public.pf\/sde\/wp-content\/uploads\/sites\/15\/2016\/09\/R\u00e9seau-\u00e9lec-centre-Tahiri-400x267.jpg 400w, https:\/\/www.service-public.pf\/sde\/wp-content\/uploads\/sites\/15\/2016\/09\/R\u00e9seau-\u00e9lec-centre-Tahiri-600x400.jpg 600w, https:\/\/www.service-public.pf\/sde\/wp-content\/uploads\/sites\/15\/2016\/09\/R\u00e9seau-\u00e9lec-centre-Tahiri-768x512.jpg 768w, https:\/\/www.service-public.pf\/sde\/wp-content\/uploads\/sites\/15\/2016\/09\/R\u00e9seau-\u00e9lec-centre-Tahiri-800x533.jpg 800w, https:\/\/www.service-public.pf\/sde\/wp-content\/uploads\/sites\/15\/2016\/09\/R\u00e9seau-\u00e9lec-centre-Tahiri-1024x683.jpg 1024w, https:\/\/www.service-public.pf\/sde\/wp-content\/uploads\/sites\/15\/2016\/09\/R\u00e9seau-\u00e9lec-centre-Tahiri-1200x800.jpg 1200w\" sizes=\"(max-width: 281px) 100vw, 281px\" \/><\/td>\n<\/tr>\n<\/tbody>\n<\/table>\n<\/div><\/div><\/div><div class=\"fusion-panel panel-default panel-8d61fff32c8fdcd18 fusion-toggle-has-divider\" style=\"--awb-title-color:#333333;--awb-content-color:#747474;\"><div class=\"panel-heading\"><h4 class=\"panel-title toggle\" id=\"toggle_8d61fff32c8fdcd18\"><a aria-expanded=\"false\" aria-controls=\"8d61fff32c8fdcd18\" role=\"button\" data-toggle=\"collapse\" data-parent=\"#accordion-1520-1\" data-target=\"#8d61fff32c8fdcd18\" href=\"#8d61fff32c8fdcd18\"><span class=\"fusion-toggle-icon-wrapper\" aria-hidden=\"true\"><i class=\"fa-fusion-box active-icon awb-icon-minus\" aria-hidden=\"true\"><\/i><i class=\"fa-fusion-box inactive-icon awb-icon-plus\" aria-hidden=\"true\"><\/i><\/span><span class=\"fusion-toggle-heading\">Assurer une veille technologique et promouvoir le d\u00e9veloppement des \u00e9nergies renouvelables (EnR)<\/span><\/a><\/h4><\/div><div id=\"8d61fff32c8fdcd18\" class=\"panel-collapse collapse \" aria-labelledby=\"toggle_8d61fff32c8fdcd18\"><div class=\"panel-body toggle-content fusion-clearfix\">\n<table style=\"border-collapse: collapse;width: 100%;height: 304px\">\n<tbody>\n<tr>\n<td style=\"width: 29.0738%\"><img decoding=\"async\" class=\"img-responsive wp-image-57\" title=\"FANGATAU_26_02_2011_094528\" src=\"https:\/\/www.service-public.pf\/sde\/wp-content\/uploads\/sites\/15\/2016\/09\/FANGATAU_26_02_2011_094528-1024x683.jpg\" alt=\"\" width=\"245\" height=\"163\" \/><\/p>\n<p><img decoding=\"async\" class=\"img-responsive wp-image-226 alignleft\" title=\"Eoliennes Maupiti\" src=\"https:\/\/www.service-public.pf\/sde\/wp-content\/uploads\/sites\/15\/2016\/09\/Eoliennes-Maupiti-300x226.png\" alt=\"\" width=\"244\" height=\"184\" srcset=\"https:\/\/www.service-public.pf\/sde\/wp-content\/uploads\/sites\/15\/2016\/09\/Eoliennes-Maupiti-200x151.png 200w, https:\/\/www.service-public.pf\/sde\/wp-content\/uploads\/sites\/15\/2016\/09\/Eoliennes-Maupiti-300x226.png 300w, https:\/\/www.service-public.pf\/sde\/wp-content\/uploads\/sites\/15\/2016\/09\/Eoliennes-Maupiti-400x301.png 400w, https:\/\/www.service-public.pf\/sde\/wp-content\/uploads\/sites\/15\/2016\/09\/Eoliennes-Maupiti.png 495w\" sizes=\"(max-width: 244px) 100vw, 244px\" \/><\/td>\n<td style=\"width: 70.9263%\">&#8211; Produire les textes relatifs aux sp\u00e9cifications techniques relatives \u00e0 la production d\u2019\u00e9nergie renouvelable ;<\/p>\n<p>&#8211; D\u00e9finir les tarifs incitatifs de rachat des \u00e9nergies renouvelables (photovolta\u00efque, \u00e9olien, hydrauliques\u2026), ainsi que les clauses techniques de raccordement au r\u00e9seau ;<\/p>\n<p>&#8211; Etudier les opportunit\u00e9s d&rsquo;implantation de nouveaux projets d&rsquo;\u00e9nergies renouvelables ;<\/p>\n<p>&#8211; Assurer une veille technologique relative \u00e0 l\u2019ensemble des nouvelles fili\u00e8res d&rsquo;\u00e9nergies renouvelables.<\/td>\n<\/tr>\n<tr>\n<td><\/td>\n<\/tr>\n<\/tbody>\n<\/table>\n<\/div><\/div><\/div><div class=\"fusion-panel panel-default panel-c401c393840840c56 fusion-toggle-has-divider\" style=\"--awb-title-color:#333333;--awb-content-color:#747474;\"><div class=\"panel-heading\"><h4 class=\"panel-title toggle\" id=\"toggle_c401c393840840c56\"><a aria-expanded=\"false\" aria-controls=\"c401c393840840c56\" role=\"button\" data-toggle=\"collapse\" data-parent=\"#accordion-1520-1\" data-target=\"#c401c393840840c56\" href=\"#c401c393840840c56\"><span class=\"fusion-toggle-icon-wrapper\" aria-hidden=\"true\"><i class=\"fa-fusion-box active-icon awb-icon-minus\" aria-hidden=\"true\"><\/i><i class=\"fa-fusion-box inactive-icon awb-icon-plus\" aria-hidden=\"true\"><\/i><\/span><span class=\"fusion-toggle-heading\">Inciter \u00e0 la ma\u00eetrise de l\u2019\u00e9nergie<\/span><\/a><\/h4><\/div><div id=\"c401c393840840c56\" class=\"panel-collapse collapse \" aria-labelledby=\"toggle_c401c393840840c56\"><div class=\"panel-body toggle-content fusion-clearfix\">\n<table style=\"border-collapse: collapse;width: 100%\">\n<tbody>\n<tr>\n<td style=\"width: 80.446%\">&#8211; Sensibiliser la population (campagne de communication, \u00e9ducation\u2026) ;<\/p>\n<p>&#8211; Promouvoir de nouvelles normes visant \u00e0 augmenter la sobri\u00e9t\u00e9 et l\u2019efficacit\u00e9 \u00e9nerg\u00e9tique dans les secteurs de l\u2019habitat et des transports notamment.<\/td>\n<td style=\"width: 19.554%\"><img decoding=\"async\" class=\"img-responsive wp-image-110\" title=\"invest to energy concept \u2013 euro in bulb \u2013 piggybank\" src=\"https:\/\/www.service-public.pf\/sde\/wp-content\/uploads\/sites\/15\/2016\/09\/MDE-150x150.jpg\" alt=\"\" width=\"150\" height=\"150\" srcset=\"https:\/\/www.service-public.pf\/sde\/wp-content\/uploads\/sites\/15\/2016\/09\/MDE-66x66.jpg 66w, https:\/\/www.service-public.pf\/sde\/wp-content\/uploads\/sites\/15\/2016\/09\/MDE-150x150.jpg 150w\" sizes=\"(max-width: 150px) 100vw, 150px\" \/><\/td>\n<\/tr>\n<\/tbody>\n<\/table>\n<\/div><\/div><\/div><div class=\"fusion-panel panel-default panel-a0d62f00c355e5e66 fusion-toggle-has-divider\" style=\"--awb-title-color:#333333;--awb-content-color:#747474;\"><div class=\"panel-heading\"><h4 class=\"panel-title toggle\" id=\"toggle_a0d62f00c355e5e66\"><a aria-expanded=\"false\" aria-controls=\"a0d62f00c355e5e66\" role=\"button\" data-toggle=\"collapse\" data-parent=\"#accordion-1520-1\" data-target=\"#a0d62f00c355e5e66\" href=\"#a0d62f00c355e5e66\"><span class=\"fusion-toggle-icon-wrapper\" aria-hidden=\"true\"><i class=\"fa-fusion-box active-icon awb-icon-minus\" aria-hidden=\"true\"><\/i><i class=\"fa-fusion-box inactive-icon awb-icon-plus\" aria-hidden=\"true\"><\/i><\/span><span class=\"fusion-toggle-heading\">R\u00e9glementer et contr\u00f4ler le secteur des hydrocarbures<\/span><\/a><\/h4><\/div><div id=\"a0d62f00c355e5e66\" class=\"panel-collapse collapse \" aria-labelledby=\"toggle_a0d62f00c355e5e66\"><div class=\"panel-body toggle-content fusion-clearfix\">\n<table style=\"border-collapse: collapse;width: 100%\">\n<tbody>\n<tr>\n<td style=\"width: 27.53%\"><img decoding=\"async\" class=\"img-responsive wp-image-231\" title=\"Stockage Petropol\" src=\"https:\/\/www.service-public.pf\/sde\/wp-content\/uploads\/sites\/15\/2016\/09\/Stockage-Petropol-300x264.jpg\" alt=\"\" width=\"245\" height=\"216\" srcset=\"https:\/\/www.service-public.pf\/sde\/wp-content\/uploads\/sites\/15\/2016\/09\/Stockage-Petropol-200x176.jpg 200w, https:\/\/www.service-public.pf\/sde\/wp-content\/uploads\/sites\/15\/2016\/09\/Stockage-Petropol-300x264.jpg 300w, https:\/\/www.service-public.pf\/sde\/wp-content\/uploads\/sites\/15\/2016\/09\/Stockage-Petropol-400x352.jpg 400w, https:\/\/www.service-public.pf\/sde\/wp-content\/uploads\/sites\/15\/2016\/09\/Stockage-Petropol-600x527.jpg 600w, https:\/\/www.service-public.pf\/sde\/wp-content\/uploads\/sites\/15\/2016\/09\/Stockage-Petropol-768x675.jpg 768w, https:\/\/www.service-public.pf\/sde\/wp-content\/uploads\/sites\/15\/2016\/09\/Stockage-Petropol-800x703.jpg 800w, https:\/\/www.service-public.pf\/sde\/wp-content\/uploads\/sites\/15\/2016\/09\/Stockage-Petropol.jpg 1024w\" sizes=\"(max-width: 245px) 100vw, 245px\" \/><\/p>\n<p><img decoding=\"async\" class=\"img-responsive wp-image-232\" title=\"Gaz-de-Tahiti\" src=\"https:\/\/www.service-public.pf\/sde\/wp-content\/uploads\/sites\/15\/2016\/09\/Gaz-de-Tahiti-300x192.jpg\" alt=\"\" width=\"245\" height=\"157\" srcset=\"https:\/\/www.service-public.pf\/sde\/wp-content\/uploads\/sites\/15\/2016\/09\/Gaz-de-Tahiti-200x128.jpg 200w, https:\/\/www.service-public.pf\/sde\/wp-content\/uploads\/sites\/15\/2016\/09\/Gaz-de-Tahiti-300x192.jpg 300w, https:\/\/www.service-public.pf\/sde\/wp-content\/uploads\/sites\/15\/2016\/09\/Gaz-de-Tahiti-400x256.jpg 400w, https:\/\/www.service-public.pf\/sde\/wp-content\/uploads\/sites\/15\/2016\/09\/Gaz-de-Tahiti-460x295.jpg 460w, https:\/\/www.service-public.pf\/sde\/wp-content\/uploads\/sites\/15\/2016\/09\/Gaz-de-Tahiti-600x384.jpg 600w, https:\/\/www.service-public.pf\/sde\/wp-content\/uploads\/sites\/15\/2016\/09\/Gaz-de-Tahiti-768x492.jpg 768w, https:\/\/www.service-public.pf\/sde\/wp-content\/uploads\/sites\/15\/2016\/09\/Gaz-de-Tahiti.jpg 800w\" sizes=\"(max-width: 245px) 100vw, 245px\" \/><\/td>\n<td style=\"width: 72.47%\">&#8211; R\u00e9aliser le contr\u00f4le de la qualit\u00e9 de produits distribu\u00e9s dans les stations services\u00a0;<\/p>\n<p>&#8211; Assurer un suivi des modalit\u00e9s d\u2019approvisionnement en hydrocarbures\u00a0;<\/p>\n<p>&#8211; \u00c9valuer les projets de stockage d\u2019hydrocarbure ;<\/p>\n<p>&#8211; Assurer le secr\u00e9tariat de la Commission d\u2019Implantation des Stations de Distribution de Carburants (CISDC) (donne un avis sur les cr\u00e9ations ou extensions du r\u00e9seau des stations de distribution de carburants \u00e0 Tahiti et dans les \u00eeles).<\/td>\n<\/tr>\n<tr>\n<td><\/td>\n<\/tr>\n<\/tbody>\n<\/table>\n<\/div><\/div><\/div><div class=\"fusion-panel panel-default panel-bad83ea420b9e38e7 fusion-toggle-has-divider\" style=\"--awb-title-color:#333333;--awb-content-color:#747474;\"><div class=\"panel-heading\"><h4 class=\"panel-title toggle\" id=\"toggle_bad83ea420b9e38e7\"><a aria-expanded=\"false\" aria-controls=\"bad83ea420b9e38e7\" role=\"button\" data-toggle=\"collapse\" data-parent=\"#accordion-1520-1\" data-target=\"#bad83ea420b9e38e7\" href=\"#bad83ea420b9e38e7\"><span class=\"fusion-toggle-icon-wrapper\" aria-hidden=\"true\"><i class=\"fa-fusion-box active-icon awb-icon-minus\" aria-hidden=\"true\"><\/i><i class=\"fa-fusion-box inactive-icon awb-icon-plus\" aria-hidden=\"true\"><\/i><\/span><span class=\"fusion-toggle-heading\">Dans tous les secteurs de sa comp\u00e9tence<\/span><\/a><\/h4><\/div><div id=\"bad83ea420b9e38e7\" class=\"panel-collapse collapse \" aria-labelledby=\"toggle_bad83ea420b9e38e7\"><div class=\"panel-body toggle-content fusion-clearfix\">\n<p>&#8211; Assurer l&rsquo;activit\u00e9 de r\u00e9gulation du secteur de l&rsquo;\u00e9nergie, notamment par la mise en place et le maintien de l&rsquo;\u00e9quilibre \u00e9conomique entre les diff\u00e9rents acteurs du secteur, de mani\u00e8re transparente<\/p>\n<p>&#8211; R\u00e9aliser la consignation de toutes les donn\u00e9es statistiques relatives aux diff\u00e9rents secteurs (niveau de stocks, importations, productions, consommations\u2026);<\/p>\n<p>&#8211; Mettre \u00e0 jour tous les textes r\u00e9glementaires et l\u00e9gislatifs devenus obsol\u00e8tes et difficilement applicables.<\/p>\n<\/div><\/div><\/div><\/div><\/div><\/div><\/div><\/div><\/div><\/p>\n","protected":false},"excerpt":{"rendered":"","protected":false},"author":310,"featured_media":0,"parent":0,"menu_order":0,"comment_status":"closed","ping_status":"closed","template":"","meta":{"_seopress_robots_primary_cat":"","_seopress_titles_title":"","_seopress_titles_desc":"","_seopress_robots_index":"","footnotes":""},"class_list":["post-1520","page","type-page","status-publish","hentry"],"_links":{"self":[{"href":"https:\/\/www.service-public.pf\/sde\/wp-json\/wp\/v2\/pages\/1520","targetHints":{"allow":["GET"]}}],"collection":[{"href":"https:\/\/www.service-public.pf\/sde\/wp-json\/wp\/v2\/pages"}],"about":[{"href":"https:\/\/www.service-public.pf\/sde\/wp-json\/wp\/v2\/types\/page"}],"author":[{"embeddable":true,"href":"https:\/\/www.service-public.pf\/sde\/wp-json\/wp\/v2\/users\/310"}],"replies":[{"embeddable":true,"href":"https:\/\/www.service-public.pf\/sde\/wp-json\/wp\/v2\/comments?post=1520"}],"version-history":[{"count":0,"href":"https:\/\/www.service-public.pf\/sde\/wp-json\/wp\/v2\/pages\/1520\/revisions"}],"wp:attachment":[{"href":"https:\/\/www.service-public.pf\/sde\/wp-json\/wp\/v2\/media?parent=1520"}],"curies":[{"name":"wp","href":"https:\/\/api.w.org\/{rel}","templated":true}]}}