{"id":1579,"date":"2022-08-18T16:16:10","date_gmt":"2022-08-19T02:16:10","guid":{"rendered":"https:\/\/www.service-public.pf\/sde\/?page_id=1579"},"modified":"2023-04-20T14:43:57","modified_gmt":"2023-04-21T00:43:57","slug":"textes-reglementaires","status":"publish","type":"page","link":"https:\/\/www.service-public.pf\/sde\/textes-reglementaires\/","title":{"rendered":"Textes r\u00e9glementaires"},"content":{"rendered":"<p><div class=\"fusion-fullwidth fullwidth-box fusion-builder-row-1 fusion-flex-container has-pattern-background has-mask-background fusion-parallax-none nonhundred-percent-fullwidth non-hundred-percent-height-scrolling vct_border_bottom\" style=\"--awb-border-radius-top-left:0px;--awb-border-radius-top-right:0px;--awb-border-radius-bottom-right:0px;--awb-border-radius-bottom-left:0px;--awb-padding-top:5%;--awb-padding-bottom:5%;--awb-background-image:url(&quot;https:\/\/www.service-public.pf\/sde\/wp-content\/uploads\/sites\/15\/2022\/12\/Header-REBPf-test4.png&quot;);--awb-background-size:cover;--awb-flex-wrap:wrap;\" ><div class=\"fusion-builder-row fusion-row fusion-flex-align-items-flex-start fusion-flex-content-wrap\" style=\"max-width:104%;margin-left: calc(-4% \/ 2 );margin-right: calc(-4% \/ 2 );\"><div class=\"fusion-layout-column fusion_builder_column fusion-builder-column-0 fusion_builder_column_1_1 1_1 fusion-flex-column\" style=\"--awb-bg-size:cover;--awb-width-large:100%;--awb-margin-top-large:0px;--awb-spacing-right-large:1.92%;--awb-margin-bottom-large:0px;--awb-spacing-left-large:1.92%;--awb-width-medium:100%;--awb-order-medium:0;--awb-spacing-right-medium:1.92%;--awb-spacing-left-medium:1.92%;--awb-width-small:100%;--awb-order-small:0;--awb-spacing-right-small:1.92%;--awb-spacing-left-small:1.92%;\"><div class=\"fusion-column-wrapper fusion-column-has-shadow fusion-flex-justify-content-flex-start fusion-content-layout-column\"><div class=\"fusion-title title fusion-title-1 fusion-sep-none fusion-title-text fusion-title-size-two\" style=\"--awb-text-color:#ffffff;--awb-margin-bottom:0px;--awb-margin-top-small:0px;--awb-margin-right-small:0px;--awb-margin-bottom-small:20px;--awb-margin-left-small:0px;--awb-font-size:30px;\"><h2 class=\"fusion-title-heading title-heading-left\" style=\"margin:0;font-size:1em;\"><a href=\"https:\/\/www.service-public.pf\/sde\/la-reglementation-energetique-des-batiments-2\/\" class=\"awb-custom-text-color awb-custom-text-hover-color\" target=\"_self\"><p><span style=\"color: #95c349\"><strong>La r\u00e9glementation \u00e9nerg\u00e9tique <\/strong><strong>des b\u00e2timents<\/strong><\/span><\/p>\n<p><span style=\"color: #c4e28e\"><strong>en Polyn\u00e9sie fran\u00e7aise (REBPf)<\/strong><\/span><\/p><\/a><\/h2><\/div><\/div><\/div><\/div><\/div><div class=\"fusion-fullwidth fullwidth-box fusion-builder-row-2 fusion-flex-container nonhundred-percent-fullwidth non-hundred-percent-height-scrolling\" style=\"--awb-border-radius-top-left:0px;--awb-border-radius-top-right:0px;--awb-border-radius-bottom-right:0px;--awb-border-radius-bottom-left:0px;--awb-padding-top:30px;--awb-flex-wrap:wrap;\" ><div class=\"fusion-builder-row fusion-row fusion-flex-align-items-flex-start fusion-flex-content-wrap\" style=\"max-width:104%;margin-left: calc(-4% \/ 2 );margin-right: calc(-4% \/ 2 );\"><div class=\"fusion-layout-column fusion_builder_column fusion-builder-column-1 fusion_builder_column_3_4 3_4 fusion-flex-column\" style=\"--awb-bg-size:cover;--awb-width-large:75%;--awb-margin-top-large:0px;--awb-spacing-right-large:2.56%;--awb-margin-bottom-large:20px;--awb-spacing-left-large:2.56%;--awb-width-medium:100%;--awb-order-medium:0;--awb-spacing-right-medium:1.92%;--awb-spacing-left-medium:1.92%;--awb-width-small:100%;--awb-order-small:0;--awb-spacing-right-small:1.92%;--awb-spacing-left-small:1.92%;\"><div class=\"fusion-column-wrapper fusion-column-has-shadow fusion-flex-justify-content-flex-start fusion-content-layout-column\"><div ><a class=\"fusion-button button-flat fusion-button-default-size button-custom fusion-button-default button-1 fusion-button-default-span fusion-button-default-type vct_button_title\" style=\"--awb-margin-bottom:20px;--button_accent_color:#ffffff;--button_accent_hover_color:#ffffff;--button_border_hover_color:#ffffff;--button-border-radius-top-left:6px;--button-border-radius-top-right:6px;--button-border-radius-bottom-right:6px;--button-border-radius-bottom-left:6px;--button_gradient_top_color:#fac710;--button_gradient_bottom_color:#fac710;--button_gradient_top_color_hover:#fac710;--button_gradient_bottom_color_hover:#fac710;\" target=\"_self\" href=\"#\"><i class=\"fa-file-alt fas awb-button__icon awb-button__icon--default button-icon-left\" aria-hidden=\"true\"><\/i><span class=\"fusion-button-text awb-button__text awb-button__text--default\">TEXTES REGLEMENTAIRES<\/span><\/a><\/div><div class=\"fusion-text fusion-text-1\"><p>La r\u00e9glementation \u00e9nerg\u00e9tique des b\u00e2timents a \u00e9t\u00e9 adopt\u00e9e au travers de diff\u00e9rents textes r\u00e9f\u00e9renc\u00e9s ci-apr\u00e8s. Elle est <strong>applicable \u00e0 compter du 1er juillet 2023<\/strong>.<\/p>\n<ul>\n<li data-list=\"bullet\">Une <strong>loi du pays<\/strong>, qui fixe le domaine d&rsquo;application du texte (p\u00e9rim\u00e8tre g\u00e9ographique et typologique), les dispositions sur lesquelles il porte (protection solaire, &#8230;) ainsi que le cadre des conditions d&rsquo;application et de contr\u00f4le ;<\/li>\n<\/ul>\n<p><a href=\"http:\/\/lexpol.cloud.pf\/LexpolAfficheTexte.php?texte=581645&amp;mkey=65586597&amp;key=177934\" target=\"_blank\" rel=\"noopener\"><strong>Loi du pays n\u00b0 2022-08\/APF du 24 janvier 2022 portant cr\u00e9ation de la r\u00e9glementation \u00e9nerg\u00e9tique des b\u00e2timents et modifiant le Livre II du code de l&rsquo;am\u00e9nagement de la Polyn\u00e9sie fran\u00e7aise<\/strong><\/a><\/p>\n<ul>\n<li data-list=\"bullet\">Une <strong>d\u00e9lib\u00e9ration<\/strong>, qui d\u00e9finit, pour chaque disposition, le p\u00e9rim\u00e8tre d&rsquo;application et les r\u00e8gles \u00e0 suivre (seuil, conception, &#8230;) ainsi que les cas d\u00e9rogatoires ;<\/li>\n<\/ul>\n<p><a href=\"http:\/\/lexpol.cloud.pf\/LexpolAfficheTexte.php?texte=585347&amp;idr=138&amp;np=1\" target=\"_blank\" rel=\"noopener\"><strong>D\u00e9lib\u00e9ration n\u00b0 2022-46\/APF du 26 avril 2022 compl\u00e9tant les titres 2 \u00e0 6 du livre II de la premi\u00e8re partie du code de l\u2019am\u00e9nagement de la Polyn\u00e9sie fran\u00e7aise, relatif \u00e0 la r\u00e9glementation \u00e9nerg\u00e9tique des b\u00e2timents<\/strong><\/a><\/p>\n<ul>\n<li data-list=\"bullet\">Un <strong>arr\u00eat\u00e9 d\u2019application<\/strong>, qui pr\u00e9cise les documents attendus lors de la demande de permis de construire et de certificat de conformit\u00e9, et fixe les conditions de mise en \u0153uvre ainsi que les m\u00e9thodes de calcul pour le respect des seuils \u00e0 atteindre. Cet arr\u00eat\u00e9 a \u00e9t\u00e9 modifi\u00e9 par arr\u00eat\u00e9, notamment pour faire \u00e9voluer l&rsquo;annexe n\u00b01 du texte initial concernant la destination des b\u00e2timents vis\u00e9s par la r\u00e9glementation.<\/li>\n<\/ul>\n<p><strong><a href=\"https:\/\/lexpol.cloud.pf\/LexpolAfficheTexte.php?texte=592898&amp;mkey=68190298&amp;key=177934\">Arr\u00eat\u00e9 n\u00b0 2028 CM du 30 septembre 2022 portant dispositions d\u2019application du livre II du code de l\u2019am\u00e9nagement de Polyn\u00e9sie fran\u00e7aise relatif \u00e0 la r\u00e9glementation \u00e9nerg\u00e9tique des b\u00e2timents<\/a><\/strong><\/p>\n<p><strong><a href=\"https:\/\/lexpol.cloud.pf\/LexpolAfficheTexte.php?texte=676918&amp;mkey=69866918&amp;key=177934\">Arr\u00eat\u00e9 n\u00b0 373 CM du 10 mars 2023 portant modification du livre II de la partie r\u00e9glementaire du code de l&rsquo;am\u00e9nagement en Polyn\u00e9sie fran\u00e7aise relatif \u00e0 la r\u00e9glementation \u00e9nerg\u00e9tique des b\u00e2timents<\/a><\/strong><\/p>\n<p>Ces textes constituent le livre II du <a href=\"https:\/\/lexpol.cloud.pf\/LexpolAfficheTexte.php?texte=114683\" target=\"_blank\" rel=\"noopener\"><strong>code de l\u2019am\u00e9nagement de Polyn\u00e9sie fran\u00e7aise<\/strong><\/a>.<\/p>\n<p><span style=\"color: #ffffff\">.<\/span><\/p>\n<p>De plus, les missions, les conditions et modalit\u00e9s d&rsquo;<strong>agr\u00e9ment des organismes en charge de la v\u00e9rification<\/strong> de l&rsquo;application de la r\u00e9glementation ont \u00e9galement \u00e9t\u00e9 fix\u00e9es par arr\u00eat\u00e9 pris en conseil des ministres.<\/p>\n<p><strong><a href=\"https:\/\/lexpol.cloud.pf\/LexpolAfficheTexte.php?texte=672611&amp;mkey=69117191&amp;key=177934\">Arr\u00eat\u00e9 n\u00b02907 CM du 29 d\u00e9cembre 2022 relatif aux comp\u00e9tences et \u00e0 la proc\u00e9dure d&rsquo;agr\u00e9ment des organismes en charge de contr\u00f4ler l&rsquo;application de la r\u00e9glementation \u00e9nerg\u00e9tique des b\u00e2timents du livre II du code de l&rsquo;am\u00e9nagement de la Polyn\u00e9sie fran\u00e7aise<\/a><\/strong><\/p>\n<\/div><\/div><\/div><div class=\"fusion-layout-column fusion_builder_column fusion-builder-column-2 fusion_builder_column_1_4 1_4 fusion-flex-column\" style=\"--awb-bg-size:cover;--awb-width-large:25%;--awb-margin-top-large:0px;--awb-spacing-right-large:7.68%;--awb-margin-bottom-large:20px;--awb-spacing-left-large:7.68%;--awb-width-medium:100%;--awb-order-medium:0;--awb-spacing-right-medium:1.92%;--awb-spacing-left-medium:1.92%;--awb-width-small:100%;--awb-order-small:0;--awb-spacing-right-small:1.92%;--awb-spacing-left-small:1.92%;\"><div class=\"fusion-column-wrapper fusion-column-has-shadow fusion-flex-justify-content-flex-start fusion-content-layout-column\"><div class=\"fusion-builder-row fusion-builder-row-inner fusion-row fusion-flex-align-items-flex-start fusion-flex-content-wrap\" style=\"--awb-flex-grow:0;--awb-flex-grow-medium:0;--awb-flex-grow-small:0;--awb-flex-shrink:0;--awb-flex-shrink-medium:0;--awb-flex-shrink-small:0;width:104% !important;max-width:104% !important;margin-left: calc(-4% \/ 2 );margin-right: calc(-4% \/ 2 );\"><div class=\"fusion-layout-column fusion_builder_column_inner fusion-builder-nested-column-0 fusion-flex-column fusion-column-inner-bg-wrapper\" style=\"--awb-padding-right:20px;--awb-padding-left:20px;--awb-overflow:hidden;--awb-inner-bg-color:#e41b23;--awb-inner-bg-color-hover:#e41b23;--awb-inner-bg-size:cover;--awb-border-radius:12px 12px 12px 12px;--awb-inner-bg-border-radius:12px 12px 12px 12px;--awb-inner-bg-overflow:hidden;--awb-width-large:85%;--awb-margin-top-large:50px;--awb-spacing-right-large:2.2588235294118%;--awb-margin-bottom-large:20px;--awb-spacing-left-large:2.2588235294118%;--awb-width-medium:100%;--awb-order-medium:0;--awb-spacing-right-medium:1.92%;--awb-spacing-left-medium:1.92%;--awb-width-small:100%;--awb-order-small:0;--awb-spacing-right-small:1.92%;--awb-spacing-left-small:1.92%;\"><span class=\"fusion-column-inner-bg hover-type-none\"><a class=\"fusion-column-anchor\" href=\"https:\/\/www.service-public.pf\/sde\/simulateur\"><span class=\"fusion-column-inner-bg-image\"><\/span><\/a><\/span><div class=\"fusion-column-wrapper fusion-column-has-shadow fusion-flex-justify-content-flex-start fusion-content-layout-column\"><div class=\"fusion-text fusion-text-2\" style=\"--awb-content-alignment:center;--awb-font-size:20px;--awb-text-color:#ffffff;--awb-margin-top:20px;\"><p><strong>SIMULATEUR :<br \/>\nQUELLES DISPOSITIONS APPLIQUER ?<\/strong><\/p>\n<\/div><\/div><\/div><div class=\"fusion-layout-column fusion_builder_column_inner fusion-builder-nested-column-1 fusion-flex-column fusion-column-inner-bg-wrapper\" style=\"--awb-padding-right:20px;--awb-padding-left:20px;--awb-overflow:hidden;--awb-inner-bg-color:#fac710;--awb-inner-bg-color-hover:#fac710;--awb-inner-bg-size:cover;--awb-border-radius:12px 12px 12px 12px;--awb-inner-bg-border-radius:12px 12px 12px 12px;--awb-inner-bg-overflow:hidden;--awb-width-large:85%;--awb-margin-top-large:0px;--awb-spacing-right-large:2.2588235294118%;--awb-margin-bottom-large:20px;--awb-spacing-left-large:2.2588235294118%;--awb-width-medium:100%;--awb-order-medium:0;--awb-spacing-right-medium:1.92%;--awb-spacing-left-medium:1.92%;--awb-width-small:100%;--awb-order-small:0;--awb-spacing-right-small:1.92%;--awb-spacing-left-small:1.92%;\"><span class=\"fusion-column-inner-bg hover-type-none\"><a class=\"fusion-column-anchor\" href=\"https:\/\/www.service-public.pf\/sde\/la-reglementation-energetique-des-batiments-en-polynesie-francaise-rebpf\/presentation\/\"><span class=\"fusion-column-inner-bg-image\"><\/span><\/a><\/span><div class=\"fusion-column-wrapper fusion-column-has-shadow fusion-flex-justify-content-flex-start fusion-content-layout-column\"><div class=\"fusion-text fusion-text-3\" style=\"--awb-content-alignment:center;--awb-font-size:20px;--awb-text-color:#ffffff;--awb-margin-top:20px;\"><p><strong>PR\u00c9SENTATION<\/strong><\/p>\n<\/div><\/div><\/div><div class=\"fusion-layout-column fusion_builder_column_inner fusion-builder-nested-column-2 fusion-flex-column fusion-column-inner-bg-wrapper\" style=\"--awb-padding-right:20px;--awb-padding-left:20px;--awb-overflow:hidden;--awb-inner-bg-color:#fac710;--awb-inner-bg-color-hover:#fac710;--awb-inner-bg-size:cover;--awb-border-radius:12px 12px 12px 12px;--awb-inner-bg-border-radius:12px 12px 12px 12px;--awb-inner-bg-overflow:hidden;--awb-width-large:85%;--awb-margin-top-large:0px;--awb-spacing-right-large:2.2588235294118%;--awb-margin-bottom-large:20px;--awb-spacing-left-large:2.2588235294118%;--awb-width-medium:100%;--awb-order-medium:0;--awb-spacing-right-medium:1.92%;--awb-spacing-left-medium:1.92%;--awb-width-small:100%;--awb-order-small:0;--awb-spacing-right-small:1.92%;--awb-spacing-left-small:1.92%;\"><span class=\"fusion-column-inner-bg hover-type-none\"><a class=\"fusion-column-anchor\" href=\"https:\/\/www.service-public.pf\/sde\/textes-reglementaires\/\"><span class=\"fusion-column-inner-bg-image\"><\/span><\/a><\/span><div class=\"fusion-column-wrapper fusion-column-has-shadow fusion-flex-justify-content-flex-start fusion-content-layout-column\"><div class=\"fusion-text fusion-text-4\" style=\"--awb-content-alignment:center;--awb-font-size:20px;--awb-text-color:#ffffff;--awb-margin-top:20px;\"><p><strong>TEXTES R\u00c9GLEMENTAIRES<br \/>\n<\/strong><\/p>\n<\/div><\/div><\/div><div class=\"fusion-layout-column fusion_builder_column_inner fusion-builder-nested-column-3 fusion-flex-column fusion-column-inner-bg-wrapper\" style=\"--awb-padding-right:20px;--awb-padding-left:20px;--awb-overflow:hidden;--awb-inner-bg-color:#fac710;--awb-inner-bg-color-hover:#fac710;--awb-inner-bg-size:cover;--awb-border-radius:12px 12px 12px 12px;--awb-inner-bg-border-radius:12px 12px 12px 12px;--awb-inner-bg-overflow:hidden;--awb-width-large:85%;--awb-margin-top-large:0px;--awb-spacing-right-large:2.2588235294118%;--awb-margin-bottom-large:20px;--awb-spacing-left-large:2.2588235294118%;--awb-width-medium:100%;--awb-order-medium:0;--awb-spacing-right-medium:1.92%;--awb-spacing-left-medium:1.92%;--awb-width-small:100%;--awb-order-small:0;--awb-spacing-right-small:1.92%;--awb-spacing-left-small:1.92%;\"><span class=\"fusion-column-inner-bg hover-type-none\"><a class=\"fusion-column-anchor\" href=\"https:\/\/www.service-public.pf\/sde\/supports-daccompagnement2\"><span class=\"fusion-column-inner-bg-image\"><\/span><\/a><\/span><div class=\"fusion-column-wrapper fusion-column-has-shadow fusion-flex-justify-content-flex-start fusion-content-layout-column\"><div class=\"fusion-text fusion-text-5\" style=\"--awb-content-alignment:center;--awb-font-size:20px;--awb-text-color:#ffffff;--awb-margin-top:20px;\"><p><strong>SUPPORTS D&rsquo;ACCOMPAGNEMENT<br \/>\n<\/strong><\/p>\n<\/div><\/div><\/div><div class=\"fusion-layout-column fusion_builder_column_inner fusion-builder-nested-column-4 fusion-flex-column fusion-column-inner-bg-wrapper\" style=\"--awb-padding-right:20px;--awb-padding-left:20px;--awb-overflow:hidden;--awb-inner-bg-color:#fac710;--awb-inner-bg-color-hover:#fac710;--awb-inner-bg-size:cover;--awb-border-radius:12px 12px 12px 12px;--awb-inner-bg-border-radius:12px 12px 12px 12px;--awb-inner-bg-overflow:hidden;--awb-width-large:85%;--awb-margin-top-large:0px;--awb-spacing-right-large:2.2588235294118%;--awb-margin-bottom-large:20px;--awb-spacing-left-large:2.2588235294118%;--awb-width-medium:100%;--awb-order-medium:0;--awb-spacing-right-medium:1.92%;--awb-spacing-left-medium:1.92%;--awb-width-small:100%;--awb-order-small:0;--awb-spacing-right-small:1.92%;--awb-spacing-left-small:1.92%;\"><span class=\"fusion-column-inner-bg hover-type-none\"><a class=\"fusion-column-anchor\" href=\"https:\/\/www.service-public.pf\/sde\/organismes-agrees\/\"><span class=\"fusion-column-inner-bg-image\"><\/span><\/a><\/span><div class=\"fusion-column-wrapper fusion-column-has-shadow fusion-flex-justify-content-flex-start fusion-content-layout-column\"><div class=\"fusion-text fusion-text-6\" style=\"--awb-content-alignment:center;--awb-font-size:20px;--awb-text-color:#ffffff;--awb-margin-top:20px;\"><p><strong>ORGANISMES AGREES<\/strong><\/p>\n<\/div><\/div><\/div><div class=\"fusion-layout-column fusion_builder_column_inner fusion-builder-nested-column-5 fusion-flex-column fusion-column-inner-bg-wrapper\" style=\"--awb-padding-right:20px;--awb-padding-left:20px;--awb-overflow:hidden;--awb-inner-bg-color:#27a449;--awb-inner-bg-color-hover:#27a449;--awb-inner-bg-size:cover;--awb-border-radius:12px 12px 12px 12px;--awb-inner-bg-border-radius:12px 12px 12px 12px;--awb-inner-bg-overflow:hidden;--awb-width-large:85%;--awb-margin-top-large:0px;--awb-spacing-right-large:2.2588235294118%;--awb-margin-bottom-large:20px;--awb-spacing-left-large:2.2588235294118%;--awb-width-medium:100%;--awb-order-medium:0;--awb-spacing-right-medium:1.92%;--awb-spacing-left-medium:1.92%;--awb-width-small:100%;--awb-order-small:0;--awb-spacing-right-small:1.92%;--awb-spacing-left-small:1.92%;\"><span class=\"fusion-column-inner-bg hover-type-none\"><a class=\"fusion-column-anchor\" href=\"https:\/\/www.service-public.pf\/sde\/formulaires-pour-la-demande-de-permis-de-construire\/\"><span class=\"fusion-column-inner-bg-image\"><\/span><\/a><\/span><div class=\"fusion-column-wrapper fusion-column-has-shadow fusion-flex-justify-content-flex-start fusion-content-layout-column\"><div class=\"fusion-text fusion-text-7 fusion-text-no-margin\" style=\"--awb-content-alignment:center;--awb-font-size:20px;--awb-text-color:#ffffff;--awb-margin-top:20px;--awb-margin-bottom:20px;\"><p><strong>FORMULAIRES POUR LA DEMANDE DE PERMIS DE CONSTRUIRE<br \/>\n<\/strong><\/p>\n<\/div><\/div><\/div><\/div><\/div><\/div><\/div><\/div><\/p>\n","protected":false},"excerpt":{"rendered":"","protected":false},"author":310,"featured_media":0,"parent":0,"menu_order":0,"comment_status":"closed","ping_status":"closed","template":"","meta":{"_seopress_robots_primary_cat":"","_seopress_titles_title":"","_seopress_titles_desc":"","_seopress_robots_index":"","footnotes":""},"class_list":["post-1579","page","type-page","status-publish","hentry"],"_links":{"self":[{"href":"https:\/\/www.service-public.pf\/sde\/wp-json\/wp\/v2\/pages\/1579","targetHints":{"allow":["GET"]}}],"collection":[{"href":"https:\/\/www.service-public.pf\/sde\/wp-json\/wp\/v2\/pages"}],"about":[{"href":"https:\/\/www.service-public.pf\/sde\/wp-json\/wp\/v2\/types\/page"}],"author":[{"embeddable":true,"href":"https:\/\/www.service-public.pf\/sde\/wp-json\/wp\/v2\/users\/310"}],"replies":[{"embeddable":true,"href":"https:\/\/www.service-public.pf\/sde\/wp-json\/wp\/v2\/comments?post=1579"}],"version-history":[{"count":0,"href":"https:\/\/www.service-public.pf\/sde\/wp-json\/wp\/v2\/pages\/1579\/revisions"}],"wp:attachment":[{"href":"https:\/\/www.service-public.pf\/sde\/wp-json\/wp\/v2\/media?parent=1579"}],"curies":[{"name":"wp","href":"https:\/\/api.w.org\/{rel}","templated":true}]}}