{"id":2644,"date":"2022-10-06T15:33:40","date_gmt":"2022-10-07T01:33:40","guid":{"rendered":"https:\/\/www.service-public.pf\/sde\/?page_id=2644"},"modified":"2026-02-09T13:14:39","modified_gmt":"2026-02-09T23:14:39","slug":"production-delectricite-sur-tahiti-2","status":"publish","type":"page","link":"https:\/\/www.service-public.pf\/sde\/production-delectricite-sur-tahiti-2\/","title":{"rendered":"Production d&rsquo;\u00e9lectricit\u00e9 sur Tahiti 2"},"content":{"rendered":"<p><div class=\"fusion-fullwidth fullwidth-box fusion-builder-row-1 fusion-flex-container has-pattern-background has-mask-background fusion-parallax-none nonhundred-percent-fullwidth non-hundred-percent-height-scrolling vct_border_bottom\" style=\"--awb-border-radius-top-left:0px;--awb-border-radius-top-right:0px;--awb-border-radius-bottom-right:0px;--awb-border-radius-bottom-left:0px;--awb-padding-top:6%;--awb-padding-bottom:6%;--awb-background-image:url(&quot;https:\/\/www.service-public.pf\/sde\/wp-content\/uploads\/sites\/15\/2022\/08\/pexels-pixabay-272980@2x-1.png&quot;);--awb-background-size:cover;--awb-flex-wrap:wrap;\" ><div class=\"fusion-builder-row fusion-row fusion-flex-align-items-flex-start fusion-flex-content-wrap\" style=\"max-width:104%;margin-left: calc(-4% \/ 2 );margin-right: calc(-4% \/ 2 );\"><div class=\"fusion-layout-column fusion_builder_column fusion-builder-column-0 fusion_builder_column_1_1 1_1 fusion-flex-column\" style=\"--awb-bg-size:cover;--awb-width-large:100%;--awb-margin-top-large:0px;--awb-spacing-right-large:1.92%;--awb-margin-bottom-large:20px;--awb-spacing-left-large:1.92%;--awb-width-medium:100%;--awb-order-medium:0;--awb-spacing-right-medium:1.92%;--awb-spacing-left-medium:1.92%;--awb-width-small:100%;--awb-order-small:0;--awb-spacing-right-small:1.92%;--awb-spacing-left-small:1.92%;\"><div class=\"fusion-column-wrapper fusion-column-has-shadow fusion-flex-justify-content-flex-start fusion-content-layout-column\"><\/div><\/div><\/div><\/div><div class=\"fusion-fullwidth fullwidth-box fusion-builder-row-2 fusion-flex-container nonhundred-percent-fullwidth non-hundred-percent-height-scrolling\" style=\"--awb-border-radius-top-left:0px;--awb-border-radius-top-right:0px;--awb-border-radius-bottom-right:0px;--awb-border-radius-bottom-left:0px;--awb-padding-top:30px;--awb-flex-wrap:wrap;\" ><div class=\"fusion-builder-row fusion-row fusion-flex-align-items-flex-start fusion-flex-content-wrap\" style=\"max-width:104%;margin-left: calc(-4% \/ 2 );margin-right: calc(-4% \/ 2 );\"><div class=\"fusion-layout-column fusion_builder_column fusion-builder-column-1 fusion_builder_column_3_4 3_4 fusion-flex-column\" style=\"--awb-bg-blend:overlay;--awb-bg-size:cover;--awb-width-large:75%;--awb-margin-top-large:0px;--awb-spacing-right-large:3.84%;--awb-margin-bottom-large:0px;--awb-spacing-left-large:2.56%;--awb-width-medium:100%;--awb-spacing-right-medium:1.92%;--awb-spacing-left-medium:1.92%;--awb-width-small:100%;--awb-spacing-right-small:1.92%;--awb-spacing-left-small:1.92%;\"><div class=\"fusion-column-wrapper fusion-flex-justify-content-flex-start fusion-content-layout-column\"><div ><a class=\"fusion-button button-flat fusion-button-default-size button-custom fusion-button-default button-1 fusion-button-default-span fusion-button-default-type vct_button_title\" style=\"--awb-margin-bottom:4%;--button_accent_color:#ffffff;--button_accent_hover_color:#ffffff;--button_border_hover_color:#ffffff;--button-border-radius-top-left:6px;--button-border-radius-top-right:6px;--button-border-radius-bottom-right:6px;--button-border-radius-bottom-left:6px;--button_gradient_top_color:#fac711;--button_gradient_bottom_color:#fac711;--button_gradient_top_color_hover:#fac711;--button_gradient_bottom_color_hover:#fac711;\" target=\"_self\" href=\"#\"><i class=\"fa-address-card fas awb-button__icon awb-button__icon--default button-icon-left\" aria-hidden=\"true\"><\/i><span class=\"fusion-button-text awb-button__text awb-button__text--default\">PRODUCTION D&rsquo;ELECTRICITE SUR TAHITI<\/span><\/a><\/div><div class=\"fusion-text fusion-text-1\"><p>Enregistrements des productions d&rsquo;\u00e9lectricit\u00e9 sur Tahiti (pas de temps de 10 minutes) :<\/p>\n<p><a href=\"https:\/\/www.service-public.pf\/sde\/wp-content\/uploads\/sites\/15\/2026\/02\/Donnees-Production-2024-TAHITI.xlsx\">Donn\u00e9es Production 2024 TAHITI<\/a><\/p>\n<p><a href=\"https:\/\/www.service-public.pf\/sde\/wp-content\/uploads\/sites\/15\/2024\/08\/11-Donnees_Productions_2023.xlsx\" target=\"_blank\" rel=\"noopener\">Donn\u00e9es Production 2023 TAHITI<\/a><\/p>\n<p><a href=\"https:\/\/www.service-public.pf\/sde\/wp-content\/uploads\/sites\/15\/2023\/01\/10-EDT-donnees_Productions_-2022-TAHITI.xlsx\" target=\"_blank\" rel=\"noopener noreferrer\">Donn\u00e9es Production 2022 TAHITI<\/a><\/p>\n<p><a href=\"https:\/\/www.service-public.pf\/sde\/wp-content\/uploads\/sites\/15\/2022\/05\/08-EDT-donnees-production-2021-TAHITI.xlsx\" target=\"_blank\" rel=\"noopener noreferrer\">Donn\u00e9es Production 2021 TAHITI<\/a><\/p>\n<p><a href=\"https:\/\/www.service-public.pf\/sde\/wp-content\/uploads\/sites\/15\/2021\/04\/donnees-production-2020.xlsx\" target=\"_blank\" rel=\"noopener noreferrer\">Donn\u00e9es Production 2020 TAHITI<\/a><\/p>\n<p><a href=\"https:\/\/www.service-public.pf\/sde\/wp-content\/uploads\/sites\/15\/2020\/05\/EDT-donn\u00e9es-production-2018-19-TAHITI.xlsx\" target=\"_blank\" rel=\"noopener noreferrer\">Donn\u00e9es Production 2018-2019 TAHITI<\/a><\/p>\n<p><a href=\"https:\/\/www.service-public.pf\/sde\/wp-content\/uploads\/sites\/15\/2019\/05\/06-EDT-donn\u00e9es-production-2018-TAHITI.xlsx\" target=\"_blank\" rel=\"noopener noreferrer\">Donn\u00e9es Production 2018 TAHITI<\/a><\/p>\n<p><a href=\"https:\/\/www.service-public.pf\/sde\/wp-content\/uploads\/sites\/15\/2019\/05\/05-EDT-donn\u00e9es-production-2017-TAHITI.xlsx\" target=\"_blank\" rel=\"noopener noreferrer\">Donn\u00e9es Production 2017 TAHITI<\/a><\/p>\n<p><a href=\"https:\/\/www.service-public.pf\/sde\/wp-content\/uploads\/sites\/15\/2019\/05\/04-EDT-donn\u00e9es-production-2016-TAHITI.xlsx\" target=\"_blank\" rel=\"noopener noreferrer\">Donn\u00e9es Production 2016 TAHITI<\/a><\/p>\n<p><a href=\"https:\/\/www.service-public.pf\/sde\/wp-content\/uploads\/sites\/15\/2019\/05\/03-EDT-donn\u00e9es-production-2015-TAHITI.xlsx\" target=\"_blank\" rel=\"noopener noreferrer\">Donn\u00e9es Production 2015 TAHITI<\/a><\/p>\n<p>Production des centrales photovolta\u00efques \u00e9quip\u00e9es de DEIE sur l&rsquo;\u00eele de Tahiti (pas de temps 10 minutes) :<\/p>\n<p><a href=\"https:\/\/www.service-public.pf\/sde\/wp-content\/uploads\/sites\/15\/2026\/02\/Mesures_solaires_2024.xlsx\">Donn\u00e9es Mesures solaires 2024<\/a><\/p>\n<p><a href=\"https:\/\/www.service-public.pf\/sde\/wp-content\/uploads\/sites\/15\/2026\/02\/Mesures_solaires_2023.xlsx\">Donn\u00e9es Mesures solaires 2023<\/a><\/p>\n<p><a href=\"https:\/\/www.service-public.pf\/sde\/wp-content\/uploads\/sites\/15\/2026\/02\/Mesures_solaires_2022.xlsx\">Donn\u00e9es Mesures solaires 2022<\/a><\/p>\n<p><a href=\"https:\/\/www.service-public.pf\/sde\/wp-content\/uploads\/sites\/15\/2026\/02\/Mesures_solaires_2021.xlsx\">Donn\u00e9es Mesures solaires 2021<\/a><\/p>\n<p><a href=\"https:\/\/www.service-public.pf\/sde\/wp-content\/uploads\/sites\/15\/2026\/02\/Mesures_solaires_2020.xlsx\">Donn\u00e9es Mesures solaires 2020<\/a><\/p>\n<p><a href=\"https:\/\/www.service-public.pf\/sde\/wp-content\/uploads\/sites\/15\/2026\/02\/Mesures_solaires_2019.xlsx\">Donn\u00e9es Mesures solaires 2019<\/a><\/p>\n<p><a href=\"https:\/\/www.service-public.pf\/sde\/wp-content\/uploads\/sites\/15\/2026\/02\/Mesures_solaires_2018.xlsx\">Donn\u00e9es Mesures solaires 2018<\/a><\/p>\n<\/div><\/div><\/div><div class=\"fusion-layout-column fusion_builder_column fusion-builder-column-2 fusion_builder_column_1_4 1_4 fusion-flex-column\" style=\"--awb-bg-size:cover;--awb-width-large:25%;--awb-margin-top-large:0px;--awb-spacing-right-large:7.68%;--awb-margin-bottom-large:20px;--awb-spacing-left-large:3.84%;--awb-width-medium:100%;--awb-order-medium:0;--awb-spacing-right-medium:1.92%;--awb-spacing-left-medium:1.92%;--awb-width-small:100%;--awb-order-small:0;--awb-spacing-right-small:1.92%;--awb-spacing-left-small:1.92%;\"><div class=\"fusion-column-wrapper fusion-column-has-shadow fusion-flex-justify-content-flex-start fusion-content-layout-column\"><div class=\"fusion-builder-row fusion-builder-row-inner fusion-row fusion-flex-align-items-flex-start fusion-flex-content-wrap\" style=\"--awb-flex-grow:0;--awb-flex-grow-medium:0;--awb-flex-grow-small:0;--awb-flex-shrink:0;--awb-flex-shrink-medium:0;--awb-flex-shrink-small:0;width:104% !important;max-width:104% !important;margin-left: calc(-4% \/ 2 );margin-right: calc(-4% \/ 2 );\"><div class=\"fusion-layout-column fusion_builder_column_inner fusion-builder-nested-column-0 fusion_builder_column_inner_1_1 1_1 fusion-flex-column fusion-column-inner-bg-wrapper\" style=\"--awb-padding-top:40px;--awb-padding-right:30px;--awb-padding-left:30px;--awb-overflow:hidden;--awb-inner-bg-color:#fac710;--awb-inner-bg-color-hover:#fac710;--awb-inner-bg-size:cover;--awb-box-shadow:1px 2px 5px 0px #747474;;--awb-border-radius:12px 12px 12px 12px;--awb-inner-bg-border-radius:12px 12px 12px 12px;--awb-inner-bg-overflow:hidden;--awb-width-large:100%;--awb-margin-top-large:10px;--awb-spacing-right-large:1.92%;--awb-margin-bottom-large:20px;--awb-spacing-left-large:1.92%;--awb-width-medium:100%;--awb-order-medium:0;--awb-spacing-right-medium:1.92%;--awb-spacing-left-medium:1.92%;--awb-width-small:100%;--awb-order-small:0;--awb-spacing-right-small:1.92%;--awb-spacing-left-small:1.92%;\"><span class=\"fusion-column-inner-bg hover-type-none\"><a class=\"fusion-column-anchor\" href=\"https:\/\/www.edt.pf\/transition-energetique-innovation\"><span class=\"fusion-column-inner-bg-image\"><\/span><\/a><\/span><div class=\"fusion-column-wrapper fusion-column-has-shadow fusion-flex-justify-content-flex-start fusion-content-layout-column\"><div class=\"fusion-image-element \" style=\"--awb-margin-bottom:30px;--awb-caption-title-font-family:var(--h2_typography-font-family);--awb-caption-title-font-weight:var(--h2_typography-font-weight);--awb-caption-title-font-style:var(--h2_typography-font-style);--awb-caption-title-size:var(--h2_typography-font-size);--awb-caption-title-transform:var(--h2_typography-text-transform);--awb-caption-title-line-height:var(--h2_typography-line-height);--awb-caption-title-letter-spacing:var(--h2_typography-letter-spacing);\"><span class=\" fusion-imageframe imageframe-none imageframe-1 hover-type-none\"><img decoding=\"async\" width=\"300\" height=\"248\" title=\"Production Electrique\" src=\"https:\/\/www.service-public.pf\/sde\/wp-content\/uploads\/sites\/15\/2022\/08\/production-electrique-300x248.png\" alt class=\"img-responsive wp-image-1279\" srcset=\"https:\/\/www.service-public.pf\/sde\/wp-content\/uploads\/sites\/15\/2022\/08\/production-electrique-200x165.png 200w, https:\/\/www.service-public.pf\/sde\/wp-content\/uploads\/sites\/15\/2022\/08\/production-electrique-400x330.png 400w, https:\/\/www.service-public.pf\/sde\/wp-content\/uploads\/sites\/15\/2022\/08\/production-electrique.png 534w\" sizes=\"(max-width: 1024px) 100vw, (max-width: 640px) 100vw, 300px\" \/><\/span><\/div><div class=\"fusion-text fusion-text-2\" style=\"--awb-content-alignment:center;--awb-text-color:#000000;\"><p><strong>Voir la production \u00e9lectrique de Tahiti en direct avec\u00a0 <img decoding=\"async\" class=\"wp-image-1510 alignnone\" src=\"https:\/\/www.service-public.pf\/sde\/wp-content\/uploads\/sites\/15\/2022\/08\/Image-5@2x.png\" alt=\"\" width=\"81\" height=\"37\" srcset=\"https:\/\/www.service-public.pf\/sde\/wp-content\/uploads\/sites\/15\/2022\/08\/Image-5@2x-200x91.png 200w, https:\/\/www.service-public.pf\/sde\/wp-content\/uploads\/sites\/15\/2022\/08\/Image-5@2x-300x136.png 300w, https:\/\/www.service-public.pf\/sde\/wp-content\/uploads\/sites\/15\/2022\/08\/Image-5@2x.png 374w\" sizes=\"(max-width: 81px) 100vw, 81px\" \/><\/strong><\/p>\n<\/div><\/div><\/div><\/div><\/div><\/div>\n\n<\/div><\/div><\/p>\n","protected":false},"excerpt":{"rendered":"","protected":false},"author":310,"featured_media":0,"parent":0,"menu_order":0,"comment_status":"closed","ping_status":"closed","template":"","meta":{"_seopress_robots_primary_cat":"","_seopress_titles_title":"","_seopress_titles_desc":"","_seopress_robots_index":"","footnotes":""},"class_list":["post-2644","page","type-page","status-publish","hentry"],"_links":{"self":[{"href":"https:\/\/www.service-public.pf\/sde\/wp-json\/wp\/v2\/pages\/2644","targetHints":{"allow":["GET"]}}],"collection":[{"href":"https:\/\/www.service-public.pf\/sde\/wp-json\/wp\/v2\/pages"}],"about":[{"href":"https:\/\/www.service-public.pf\/sde\/wp-json\/wp\/v2\/types\/page"}],"author":[{"embeddable":true,"href":"https:\/\/www.service-public.pf\/sde\/wp-json\/wp\/v2\/users\/310"}],"replies":[{"embeddable":true,"href":"https:\/\/www.service-public.pf\/sde\/wp-json\/wp\/v2\/comments?post=2644"}],"version-history":[{"count":9,"href":"https:\/\/www.service-public.pf\/sde\/wp-json\/wp\/v2\/pages\/2644\/revisions"}],"predecessor-version":[{"id":4684,"href":"https:\/\/www.service-public.pf\/sde\/wp-json\/wp\/v2\/pages\/2644\/revisions\/4684"}],"wp:attachment":[{"href":"https:\/\/www.service-public.pf\/sde\/wp-json\/wp\/v2\/media?parent=2644"}],"curies":[{"name":"wp","href":"https:\/\/api.w.org\/{rel}","templated":true}]}}