{"id":3713,"date":"2023-03-01T16:36:40","date_gmt":"2023-03-02T02:36:40","guid":{"rendered":"https:\/\/www.service-public.pf\/sde\/?page_id=3713"},"modified":"2025-06-10T14:06:53","modified_gmt":"2025-06-11T00:06:53","slug":"organismes-agrees","status":"publish","type":"page","link":"https:\/\/www.service-public.pf\/sde\/organismes-agrees\/","title":{"rendered":"Organismes agr\u00e9\u00e9s"},"content":{"rendered":"<p><div class=\"fusion-fullwidth fullwidth-box fusion-builder-row-1 fusion-flex-container has-pattern-background has-mask-background fusion-parallax-none nonhundred-percent-fullwidth non-hundred-percent-height-scrolling vct_border_bottom\" style=\"--awb-border-radius-top-left:0px;--awb-border-radius-top-right:0px;--awb-border-radius-bottom-right:0px;--awb-border-radius-bottom-left:0px;--awb-padding-top:5%;--awb-padding-bottom:5%;--awb-background-image:url(&quot;https:\/\/www.service-public.pf\/sde\/wp-content\/uploads\/sites\/15\/2022\/12\/Header-REBPf-test4.png&quot;);--awb-background-size:cover;--awb-flex-wrap:wrap;\" ><div class=\"fusion-builder-row fusion-row fusion-flex-align-items-flex-start fusion-flex-content-wrap\" style=\"max-width:104%;margin-left: calc(-4% \/ 2 );margin-right: calc(-4% \/ 2 );\"><div class=\"fusion-layout-column fusion_builder_column fusion-builder-column-0 fusion_builder_column_1_1 1_1 fusion-flex-column\" style=\"--awb-bg-size:cover;--awb-width-large:100%;--awb-margin-top-large:0px;--awb-spacing-right-large:1.92%;--awb-margin-bottom-large:0px;--awb-spacing-left-large:1.92%;--awb-width-medium:100%;--awb-order-medium:0;--awb-spacing-right-medium:1.92%;--awb-spacing-left-medium:1.92%;--awb-width-small:100%;--awb-order-small:0;--awb-spacing-right-small:1.92%;--awb-spacing-left-small:1.92%;\"><div class=\"fusion-column-wrapper fusion-column-has-shadow fusion-flex-justify-content-flex-start fusion-content-layout-column\"><div class=\"fusion-title title fusion-title-1 fusion-sep-none fusion-title-text fusion-title-size-two\" style=\"--awb-text-color:#ffffff;--awb-margin-bottom:0px;--awb-margin-top-small:0px;--awb-margin-right-small:0px;--awb-margin-bottom-small:20px;--awb-margin-left-small:0px;--awb-font-size:30px;\"><h2 class=\"fusion-title-heading title-heading-left\" style=\"margin:0;font-size:1em;\"><a href=\"https:\/\/www.service-public.pf\/sde\/la-reglementation-energetique-des-batiments-2\/\" class=\"awb-custom-text-color awb-custom-text-hover-color\" target=\"_self\"><p><span style=\"color: #95c349\"><strong>La r\u00e9glementation \u00e9nerg\u00e9tique <\/strong><strong>des b\u00e2timents<\/strong><\/span><\/p>\n<p><span style=\"color: #c4e28e\"><strong>en Polyn\u00e9sie fran\u00e7aise (REBPf)<\/strong><\/span><\/p><\/a><\/h2><\/div><\/div><\/div><\/div><\/div><div class=\"fusion-fullwidth fullwidth-box fusion-builder-row-2 fusion-flex-container nonhundred-percent-fullwidth non-hundred-percent-height-scrolling\" style=\"--awb-border-radius-top-left:0px;--awb-border-radius-top-right:0px;--awb-border-radius-bottom-right:0px;--awb-border-radius-bottom-left:0px;--awb-padding-top:30px;--awb-padding-bottom:30px;--awb-flex-wrap:wrap;\" ><div class=\"fusion-builder-row fusion-row fusion-flex-align-items-flex-start fusion-flex-content-wrap\" style=\"max-width:104%;margin-left: calc(-4% \/ 2 );margin-right: calc(-4% \/ 2 );\"><div class=\"fusion-layout-column fusion_builder_column fusion-builder-column-1 fusion_builder_column_3_4 3_4 fusion-flex-column\" style=\"--awb-bg-size:cover;--awb-width-large:75%;--awb-margin-top-large:0px;--awb-spacing-right-large:2.56%;--awb-margin-bottom-large:20px;--awb-spacing-left-large:2.56%;--awb-width-medium:100%;--awb-order-medium:0;--awb-spacing-right-medium:1.92%;--awb-spacing-left-medium:1.92%;--awb-width-small:100%;--awb-order-small:0;--awb-spacing-right-small:1.92%;--awb-spacing-left-small:1.92%;\"><div class=\"fusion-column-wrapper fusion-column-has-shadow fusion-flex-justify-content-flex-start fusion-content-layout-column\"><div ><a class=\"fusion-button button-flat fusion-button-default-size button-custom fusion-button-default button-1 fusion-button-default-span fusion-button-default-type vct_button_title\" style=\"--awb-margin-bottom:30px;--button_accent_color:#ffffff;--button_accent_hover_color:#ffffff;--button_border_hover_color:#ffffff;--button-border-radius-top-left:6px;--button-border-radius-top-right:6px;--button-border-radius-bottom-right:6px;--button-border-radius-bottom-left:6px;--button_gradient_top_color:#fac710;--button_gradient_bottom_color:#fac710;--button_gradient_top_color_hover:#fac710;--button_gradient_bottom_color_hover:#fac710;\" target=\"_self\" href=\"#\"><i class=\"fa-file-signature fas awb-button__icon awb-button__icon--default button-icon-left\" aria-hidden=\"true\"><\/i><span class=\"fusion-button-text awb-button__text awb-button__text--default\">Organismes agr\u00e9\u00e9s<\/span><\/a><\/div><div class=\"fusion-text fusion-text-1\"><p>Les organismes agr\u00e9\u00e9s ont pour mission d&rsquo;\u00e9valuer la conformit\u00e9 des constructions vis\u00e9es par la REBPf.<\/p>\n<p>Les articles LP.211-4 et A.211-2 du <a href=\"https:\/\/lexpol.cloud.pf\/LexpolAfficheTexte.php?texte=114683\">code de l&rsquo;am\u00e9nagement<\/a> fixent leur cadre d&rsquo;intervention.<\/p>\n<p><strong>Lorsqu&rsquo;un projet de construction nouvelle porte sur une typologie de logement collectif, de bureaux, d&rsquo;enseignement, d&rsquo;h\u00f4tellerie ou d&rsquo;\u00e9tablissement de soin et que la surface construite cumul\u00e9e est sup\u00e9rieure ou \u00e9gale \u00e0 250 m\u00b2 de plancher, le p\u00e9titionnaire doit joindre \u00e0 sa demande de permis de construire et sa demande de certificat de conformit\u00e9 l&rsquo;avis d&rsquo;un organisme agr\u00e9\u00e9.<\/strong><\/p>\n<p>Les comp\u00e9tences ainsi que les conditions et la proc\u00e9dure d&rsquo;agr\u00e9ment des organismes agr\u00e9\u00e9s sont d\u00e9finies dans l&rsquo;<a href=\"https:\/\/lexpol.cloud.pf\/LexpolAfficheTexte.php?texte=672611&amp;mkey=69117191&amp;key=177934\">arr\u00eat\u00e9 n\u00b02907\/CM du 29 d\u00e9cembre 2022<\/a>. Cet arr\u00eat\u00e9 fixe \u00e9galement, \u00e0 l&rsquo;article 3, la liste des informations \u00e0 transmettre aux organismes afin qu&rsquo;ils puissent donner leur avis dans les meilleures conditions. Pour rappel, l&rsquo;avis de ces organismes est dit \u00ab\u00a0conforme\u00a0\u00bb, c&rsquo;est-\u00e0-dire qu&rsquo;il doit \u00eatre suivi.<\/p>\n<p>La liste des organismes agr\u00e9\u00e9s pour le contr\u00f4le de la REBPf des constructions vis\u00e9es est la suivante :<\/p>\n<\/div><div class=\"fusion-image-element \" style=\"text-align:center;--awb-caption-title-font-family:var(--h2_typography-font-family);--awb-caption-title-font-weight:var(--h2_typography-font-weight);--awb-caption-title-font-style:var(--h2_typography-font-style);--awb-caption-title-size:var(--h2_typography-font-size);--awb-caption-title-transform:var(--h2_typography-text-transform);--awb-caption-title-line-height:var(--h2_typography-line-height);--awb-caption-title-letter-spacing:var(--h2_typography-letter-spacing);\"><span class=\" fusion-imageframe imageframe-none imageframe-1 hover-type-none vct_no_icon\"><a class=\"fusion-no-lightbox\" href=\"https:\/\/www.service-public.pf\/sde\/wp-content\/uploads\/sites\/15\/2025\/06\/REBPf-2025-Liste-OA.pdf\" target=\"_self\" aria-label=\"Liste Organismes Agr\u00e9\u00e9s REBPf\"><img decoding=\"async\" width=\"321\" height=\"227\" src=\"https:\/\/www.service-public.pf\/sde\/wp-content\/uploads\/sites\/15\/2023\/06\/Liste-organismes-agrees-REBPf-1.png\" alt class=\"img-responsive wp-image-3952\" srcset=\"https:\/\/www.service-public.pf\/sde\/wp-content\/uploads\/sites\/15\/2023\/06\/Liste-organismes-agrees-REBPf-1-200x141.png 200w, https:\/\/www.service-public.pf\/sde\/wp-content\/uploads\/sites\/15\/2023\/06\/Liste-organismes-agrees-REBPf-1.png 321w\" sizes=\"(max-width: 1024px) 100vw, (max-width: 640px) 100vw, 321px\" \/><\/a><\/span><\/div><div class=\"fusion-text fusion-text-2\"><p><span style=\"color: #ffffff\">.<\/span><\/p>\n<p>Des informations compl\u00e9mentaires sont dispens\u00e9es dans la <a href=\"https:\/\/www.service-public.pf\/sde\/wp-content\/uploads\/sites\/15\/2023\/06\/Fiche-01-Perimetre-dapplication-de-la-reglementation.pdf\">fiche d&rsquo;application n\u00b01 : p\u00e9rim\u00e8tre d&rsquo;application<\/a>, et notamment au chapitre V.<\/p>\n<\/div><\/div><\/div><div class=\"fusion-layout-column fusion_builder_column fusion-builder-column-2 fusion_builder_column_1_4 1_4 fusion-flex-column\" style=\"--awb-bg-size:cover;--awb-width-large:25%;--awb-margin-top-large:0px;--awb-spacing-right-large:7.68%;--awb-margin-bottom-large:20px;--awb-spacing-left-large:7.68%;--awb-width-medium:100%;--awb-order-medium:0;--awb-spacing-right-medium:1.92%;--awb-spacing-left-medium:1.92%;--awb-width-small:100%;--awb-order-small:0;--awb-spacing-right-small:1.92%;--awb-spacing-left-small:1.92%;\"><div class=\"fusion-column-wrapper fusion-column-has-shadow fusion-flex-justify-content-flex-start fusion-content-layout-column\"><div class=\"fusion-builder-row fusion-builder-row-inner fusion-row fusion-flex-align-items-flex-start fusion-flex-content-wrap\" style=\"--awb-flex-grow:0;--awb-flex-grow-medium:0;--awb-flex-grow-small:0;--awb-flex-shrink:0;--awb-flex-shrink-medium:0;--awb-flex-shrink-small:0;width:104% !important;max-width:104% !important;margin-left: calc(-4% \/ 2 );margin-right: calc(-4% \/ 2 );\"><div class=\"fusion-layout-column fusion_builder_column_inner fusion-builder-nested-column-0 fusion-flex-column fusion-column-inner-bg-wrapper\" style=\"--awb-padding-right:20px;--awb-padding-left:20px;--awb-overflow:hidden;--awb-inner-bg-color:#e41b23;--awb-inner-bg-color-hover:#e41b23;--awb-inner-bg-size:cover;--awb-border-radius:12px 12px 12px 12px;--awb-inner-bg-border-radius:12px 12px 12px 12px;--awb-inner-bg-overflow:hidden;--awb-width-large:85%;--awb-margin-top-large:50px;--awb-spacing-right-large:2.2588235294118%;--awb-margin-bottom-large:20px;--awb-spacing-left-large:2.2588235294118%;--awb-width-medium:100%;--awb-order-medium:0;--awb-spacing-right-medium:1.92%;--awb-spacing-left-medium:1.92%;--awb-width-small:100%;--awb-order-small:0;--awb-spacing-right-small:1.92%;--awb-spacing-left-small:1.92%;\"><span class=\"fusion-column-inner-bg hover-type-none\"><a class=\"fusion-column-anchor\" href=\"https:\/\/www.service-public.pf\/sde\/simulateur\"><span class=\"fusion-column-inner-bg-image\"><\/span><\/a><\/span><div class=\"fusion-column-wrapper fusion-column-has-shadow fusion-flex-justify-content-flex-start fusion-content-layout-column\"><div class=\"fusion-text fusion-text-3\" style=\"--awb-content-alignment:center;--awb-font-size:20px;--awb-text-color:#ffffff;--awb-margin-top:20px;\"><p><strong>SIMULATEUR :<br \/>\nQUELLES DISPOSITIONS APPLIQUER ?<\/strong><\/p>\n<\/div><\/div><\/div><div class=\"fusion-layout-column fusion_builder_column_inner fusion-builder-nested-column-1 fusion-flex-column fusion-column-inner-bg-wrapper\" style=\"--awb-padding-right:20px;--awb-padding-left:20px;--awb-overflow:hidden;--awb-inner-bg-color:#fac710;--awb-inner-bg-color-hover:#fac710;--awb-inner-bg-size:cover;--awb-border-radius:12px 12px 12px 12px;--awb-inner-bg-border-radius:12px 12px 12px 12px;--awb-inner-bg-overflow:hidden;--awb-width-large:85%;--awb-margin-top-large:0px;--awb-spacing-right-large:2.2588235294118%;--awb-margin-bottom-large:20px;--awb-spacing-left-large:2.2588235294118%;--awb-width-medium:100%;--awb-order-medium:0;--awb-spacing-right-medium:1.92%;--awb-spacing-left-medium:1.92%;--awb-width-small:100%;--awb-order-small:0;--awb-spacing-right-small:1.92%;--awb-spacing-left-small:1.92%;\"><span class=\"fusion-column-inner-bg hover-type-none\"><a class=\"fusion-column-anchor\" href=\"https:\/\/www.service-public.pf\/sde\/la-reglementation-energetique-des-batiments-en-polynesie-francaise-rebpf\/presentation\/\"><span class=\"fusion-column-inner-bg-image\"><\/span><\/a><\/span><div class=\"fusion-column-wrapper fusion-column-has-shadow fusion-flex-justify-content-flex-start fusion-content-layout-column\"><div class=\"fusion-text fusion-text-4\" style=\"--awb-content-alignment:center;--awb-font-size:20px;--awb-text-color:#ffffff;--awb-margin-top:20px;\"><p><strong>PR\u00c9SENTATION<\/strong><\/p>\n<\/div><\/div><\/div><div class=\"fusion-layout-column fusion_builder_column_inner fusion-builder-nested-column-2 fusion-flex-column fusion-column-inner-bg-wrapper\" style=\"--awb-padding-right:20px;--awb-padding-left:20px;--awb-overflow:hidden;--awb-inner-bg-color:#fac710;--awb-inner-bg-color-hover:#fac710;--awb-inner-bg-size:cover;--awb-border-radius:12px 12px 12px 12px;--awb-inner-bg-border-radius:12px 12px 12px 12px;--awb-inner-bg-overflow:hidden;--awb-width-large:85%;--awb-margin-top-large:0px;--awb-spacing-right-large:2.2588235294118%;--awb-margin-bottom-large:20px;--awb-spacing-left-large:2.2588235294118%;--awb-width-medium:100%;--awb-order-medium:0;--awb-spacing-right-medium:1.92%;--awb-spacing-left-medium:1.92%;--awb-width-small:100%;--awb-order-small:0;--awb-spacing-right-small:1.92%;--awb-spacing-left-small:1.92%;\"><span class=\"fusion-column-inner-bg hover-type-none\"><a class=\"fusion-column-anchor\" href=\"https:\/\/www.service-public.pf\/sde\/textes-reglementaires\/\"><span class=\"fusion-column-inner-bg-image\"><\/span><\/a><\/span><div class=\"fusion-column-wrapper fusion-column-has-shadow fusion-flex-justify-content-flex-start fusion-content-layout-column\"><div class=\"fusion-text fusion-text-5\" style=\"--awb-content-alignment:center;--awb-font-size:20px;--awb-text-color:#ffffff;--awb-margin-top:20px;\"><p><strong>TEXTES R\u00c9GLEMENTAIRES<br \/>\n<\/strong><\/p>\n<\/div><\/div><\/div><div class=\"fusion-layout-column fusion_builder_column_inner fusion-builder-nested-column-3 fusion-flex-column fusion-column-inner-bg-wrapper\" style=\"--awb-padding-right:20px;--awb-padding-left:20px;--awb-overflow:hidden;--awb-inner-bg-color:#fac710;--awb-inner-bg-color-hover:#fac710;--awb-inner-bg-size:cover;--awb-border-radius:12px 12px 12px 12px;--awb-inner-bg-border-radius:12px 12px 12px 12px;--awb-inner-bg-overflow:hidden;--awb-width-large:85%;--awb-margin-top-large:0px;--awb-spacing-right-large:2.2588235294118%;--awb-margin-bottom-large:20px;--awb-spacing-left-large:2.2588235294118%;--awb-width-medium:100%;--awb-order-medium:0;--awb-spacing-right-medium:1.92%;--awb-spacing-left-medium:1.92%;--awb-width-small:100%;--awb-order-small:0;--awb-spacing-right-small:1.92%;--awb-spacing-left-small:1.92%;\"><span class=\"fusion-column-inner-bg hover-type-none\"><a class=\"fusion-column-anchor\" href=\"https:\/\/www.service-public.pf\/sde\/supports-daccompagnement2\"><span class=\"fusion-column-inner-bg-image\"><\/span><\/a><\/span><div class=\"fusion-column-wrapper fusion-column-has-shadow fusion-flex-justify-content-flex-start fusion-content-layout-column\"><div class=\"fusion-text fusion-text-6\" style=\"--awb-content-alignment:center;--awb-font-size:20px;--awb-text-color:#ffffff;--awb-margin-top:20px;\"><p><strong>SUPPORTS D&rsquo;ACCOMPAGNEMENT<br \/>\n<\/strong><\/p>\n<\/div><\/div><\/div><div class=\"fusion-layout-column fusion_builder_column_inner fusion-builder-nested-column-4 fusion-flex-column fusion-column-inner-bg-wrapper\" style=\"--awb-padding-right:20px;--awb-padding-left:20px;--awb-overflow:hidden;--awb-inner-bg-color:#fac710;--awb-inner-bg-color-hover:#fac710;--awb-inner-bg-size:cover;--awb-border-radius:12px 12px 12px 12px;--awb-inner-bg-border-radius:12px 12px 12px 12px;--awb-inner-bg-overflow:hidden;--awb-width-large:85%;--awb-margin-top-large:0px;--awb-spacing-right-large:2.2588235294118%;--awb-margin-bottom-large:20px;--awb-spacing-left-large:2.2588235294118%;--awb-width-medium:100%;--awb-order-medium:0;--awb-spacing-right-medium:1.92%;--awb-spacing-left-medium:1.92%;--awb-width-small:100%;--awb-order-small:0;--awb-spacing-right-small:1.92%;--awb-spacing-left-small:1.92%;\"><span class=\"fusion-column-inner-bg hover-type-none\"><a class=\"fusion-column-anchor\" href=\"https:\/\/www.service-public.pf\/sde\/organismes-agrees\/\"><span class=\"fusion-column-inner-bg-image\"><\/span><\/a><\/span><div class=\"fusion-column-wrapper fusion-column-has-shadow fusion-flex-justify-content-flex-start fusion-content-layout-column\"><div class=\"fusion-text fusion-text-7\" style=\"--awb-content-alignment:center;--awb-font-size:20px;--awb-text-color:#ffffff;--awb-margin-top:20px;\"><p><strong>ORGANISMES AGREES<br \/>\n<\/strong><\/p>\n<\/div><\/div><\/div><div class=\"fusion-layout-column fusion_builder_column_inner fusion-builder-nested-column-5 fusion-flex-column fusion-column-inner-bg-wrapper\" style=\"--awb-padding-right:20px;--awb-padding-left:20px;--awb-overflow:hidden;--awb-inner-bg-color:#27a449;--awb-inner-bg-color-hover:#27a449;--awb-inner-bg-size:cover;--awb-border-radius:12px 12px 12px 12px;--awb-inner-bg-border-radius:12px 12px 12px 12px;--awb-inner-bg-overflow:hidden;--awb-width-large:85%;--awb-margin-top-large:0px;--awb-spacing-right-large:2.2588235294118%;--awb-margin-bottom-large:20px;--awb-spacing-left-large:2.2588235294118%;--awb-width-medium:100%;--awb-order-medium:0;--awb-spacing-right-medium:1.92%;--awb-spacing-left-medium:1.92%;--awb-width-small:100%;--awb-order-small:0;--awb-spacing-right-small:1.92%;--awb-spacing-left-small:1.92%;\"><span class=\"fusion-column-inner-bg hover-type-none\"><a class=\"fusion-column-anchor\" href=\"https:\/\/www.service-public.pf\/sde\/formulaires-pour-la-demande-de-permis-de-construire\/\"><span class=\"fusion-column-inner-bg-image\"><\/span><\/a><\/span><div class=\"fusion-column-wrapper fusion-column-has-shadow fusion-flex-justify-content-flex-start fusion-content-layout-column\"><div class=\"fusion-text fusion-text-8 fusion-text-no-margin\" style=\"--awb-content-alignment:center;--awb-font-size:20px;--awb-text-color:#ffffff;--awb-margin-top:20px;--awb-margin-bottom:20px;\"><p><strong>FORMULAIRES POUR LA DEMANDE DE PERMIS DE CONSTRUIRE<br \/>\n<\/strong><\/p>\n<\/div><\/div><\/div><\/div><\/div><\/div><\/div><\/div><\/p>\n","protected":false},"excerpt":{"rendered":"","protected":false},"author":278,"featured_media":0,"parent":0,"menu_order":0,"comment_status":"closed","ping_status":"closed","template":"","meta":{"_seopress_robots_primary_cat":"","_seopress_titles_title":"","_seopress_titles_desc":"","_seopress_robots_index":"","footnotes":""},"class_list":["post-3713","page","type-page","status-publish","hentry"],"_links":{"self":[{"href":"https:\/\/www.service-public.pf\/sde\/wp-json\/wp\/v2\/pages\/3713","targetHints":{"allow":["GET"]}}],"collection":[{"href":"https:\/\/www.service-public.pf\/sde\/wp-json\/wp\/v2\/pages"}],"about":[{"href":"https:\/\/www.service-public.pf\/sde\/wp-json\/wp\/v2\/types\/page"}],"author":[{"embeddable":true,"href":"https:\/\/www.service-public.pf\/sde\/wp-json\/wp\/v2\/users\/278"}],"replies":[{"embeddable":true,"href":"https:\/\/www.service-public.pf\/sde\/wp-json\/wp\/v2\/comments?post=3713"}],"version-history":[{"count":2,"href":"https:\/\/www.service-public.pf\/sde\/wp-json\/wp\/v2\/pages\/3713\/revisions"}],"predecessor-version":[{"id":4511,"href":"https:\/\/www.service-public.pf\/sde\/wp-json\/wp\/v2\/pages\/3713\/revisions\/4511"}],"wp:attachment":[{"href":"https:\/\/www.service-public.pf\/sde\/wp-json\/wp\/v2\/media?parent=3713"}],"curies":[{"name":"wp","href":"https:\/\/api.w.org\/{rel}","templated":true}]}}