{"id":604,"date":"2019-04-25T21:10:08","date_gmt":"2019-04-25T20:10:08","guid":{"rendered":"https:\/\/www.service-public.pf\/sde\/?page_id=604"},"modified":"2023-08-07T12:49:10","modified_gmt":"2023-08-07T22:49:10","slug":"contrats-concessions","status":"publish","type":"page","link":"https:\/\/www.service-public.pf\/sde\/contrats-concessions\/","title":{"rendered":"Contrats concessions"},"content":{"rendered":"<div class=\"fusion-fullwidth fullwidth-box fusion-builder-row-1 nonhundred-percent-fullwidth non-hundred-percent-height-scrolling\" style=\"--awb-border-radius-top-left:0px;--awb-border-radius-top-right:0px;--awb-border-radius-bottom-right:0px;--awb-border-radius-bottom-left:0px;--awb-flex-wrap:wrap;\" ><div class=\"fusion-builder-row fusion-row\"><div class=\"fusion-layout-column fusion_builder_column fusion-builder-column-0 fusion_builder_column_1_1 1_1 fusion-one-full fusion-column-first fusion-column-last\" style=\"--awb-bg-size:cover;--awb-margin-bottom:0px;\"><div class=\"fusion-column-wrapper fusion-flex-column-wrapper-legacy\"><div class=\"fusion-text fusion-text-1\"><p><em>Contrat de concession EDT Nord :<\/em><\/p>\n<p><a href=\"http:\/\/lexpol.cloud.pf\/LexpolAfficheTexte.php?texte=442540\" target=\"_blank\" rel=\"noopener noreferrer\">Convention n\u00b0 60-10 du 27 septembre 1960 et cahier des charges du 20 septembre 1960 relatifs \u00e0 la concession de distribution publique d&rsquo;\u00e9nergie \u00e9lectrique de Tahiti et ses avenants<\/a><\/p>\n<p><em>Agr\u00e9ment des compteurs par l&rsquo;autorit\u00e9 conc\u00e9dante, conform\u00e9ment \u00e0 l&rsquo;article 16 du cahier des charges de la concession EDT Nord :<\/em><\/p>\n<p><a href=\"https:\/\/www.service-public.pf\/sde\/wp-content\/uploads\/sites\/15\/2023\/08\/INS02-Analyseur-de-re\u0301seaux-e\u0301lectriques-QUALISTAR-CA-8336-06-23.pdf\" target=\"_blank\" rel=\"noopener\">&#8211; Analyseur de re\u0301seaux e\u0301lectriques QUALISTAR CA-8336-06-23<\/a><\/p>\n<p><a href=\"https:\/\/www.service-public.pf\/sde\/wp-content\/uploads\/sites\/15\/2020\/09\/2020-119-RAPPORT-DE-VERIFICATION-E350-s\u00e9rie-2-version-n\u00b02.pdf\" target=\"_blank\" rel=\"noopener\">&#8211; Rapport du 10\/08\/2020 : Inspection compteur E350 s\u00e9rie 2 Landis &amp; Gyr<\/a> et <a href=\"https:\/\/www.service-public.pf\/sde\/wp-content\/uploads\/sites\/15\/2020\/09\/Note-m\u00e9thodologique-controle-compteur-Tech-Data-E350-ZMF-INSPELEC-v.2.pdf\" target=\"_blank\" rel=\"noopener noreferrer\">note m\u00e9thodologique<\/a><\/p>\n<p><a href=\"https:\/\/www.service-public.pf\/sde\/wp-content\/uploads\/sites\/15\/2023\/08\/2023-157.02-RAPPORT-DE-VERIFICATION-Lan-dys-Gir-ref-L30C4-G3.pdf\" target=\"_blank\" rel=\"noopener\">&#8211; Rapport du 19\/07\/2023 : Inspection compteur L30C4 G3 Landis &amp; Gyr<\/a> et <a href=\"https:\/\/www.service-public.pf\/sde\/wp-content\/uploads\/sites\/15\/2023\/08\/Note-me\u0301thodologique-controle-compteur-Landys-Gir-L30C4G3-INSPELEC.pdf\" target=\"_blank\" rel=\"noopener\">note m\u00e9thodologique<\/a><\/p>\n<p><a href=\"https:\/\/www.service-public.pf\/sde\/wp-content\/uploads\/sites\/15\/2023\/08\/2023-157.01-RAPPORT-DE-VERIFICATION-Lan-dys-Gir-ref-L20C4-G3.pdf\" target=\"_blank\" rel=\"noopener\">&#8211; Rapport du 19\/07\/2023 : Inspection compteur L20C4 G3 Landis &amp; Gyr<\/a> et <a href=\"https:\/\/www.service-public.pf\/sde\/wp-content\/uploads\/sites\/15\/2023\/08\/Note-me\u0301thodologique-controle-compteur-Landys-Gir-L20C4G3-INSPELEC.pdf\" target=\"_blank\" rel=\"noopener\">note m\u00e9thodologique<\/a><\/p>\n<p>* * *<\/p>\n<p><em>Contrat de concession TEP :<\/em><\/p>\n<p><a href=\"http:\/\/lexpol.cloud.pf\/LexpolAfficheTexte.php?texte=154718&amp;idr=454&amp;np=1\" target=\"_blank\" rel=\"noopener noreferrer\">Arr\u00eat\u00e9 n\u00b0 717 CM du 9 juin 1989 portant approbation d&rsquo;une convention et du cahier des charges de la concession de transport d&rsquo;\u00e9nergie \u00e9lectrique \u00e0 Tahiti<\/a>\u00a0et sa <a href=\"https:\/\/www.service-public.pf\/sde\/wp-content\/uploads\/sites\/15\/2019\/04\/CV-Concession_TEP.pdf\" target=\"_blank\" rel=\"noopener noreferrer\">Convention<\/a><\/p>\n<p>-&gt; <a href=\"https:\/\/www.service-public.pf\/sde\/wp-content\/uploads\/sites\/15\/2019\/04\/Avenant-n\u00b0-10117-du-23_12_20161.pdf\" target=\"_blank\" rel=\"noopener noreferrer\">Avenant n\u00b01\u00a0TEP<\/a><\/p>\n<p>-&gt; <a href=\"https:\/\/www.service-public.pf\/sde\/wp-content\/uploads\/sites\/15\/2019\/06\/Avenant-N2-TEP.pdf\" target=\"_blank\" rel=\"noopener noreferrer\">Avenant n\u00b02\u00a0TEP<\/a><\/p>\n<\/div><div class=\"fusion-clearfix\"><\/div><\/div><\/div><\/div><\/div>\n","protected":false},"excerpt":{"rendered":"","protected":false},"author":90,"featured_media":0,"parent":0,"menu_order":0,"comment_status":"closed","ping_status":"closed","template":"side-navigation.php","meta":{"_seopress_robots_primary_cat":"","_seopress_titles_title":"","_seopress_titles_desc":"","_seopress_robots_index":"","footnotes":""},"class_list":["post-604","page","type-page","status-publish","hentry"],"_links":{"self":[{"href":"https:\/\/www.service-public.pf\/sde\/wp-json\/wp\/v2\/pages\/604","targetHints":{"allow":["GET"]}}],"collection":[{"href":"https:\/\/www.service-public.pf\/sde\/wp-json\/wp\/v2\/pages"}],"about":[{"href":"https:\/\/www.service-public.pf\/sde\/wp-json\/wp\/v2\/types\/page"}],"author":[{"embeddable":true,"href":"https:\/\/www.service-public.pf\/sde\/wp-json\/wp\/v2\/users\/90"}],"replies":[{"embeddable":true,"href":"https:\/\/www.service-public.pf\/sde\/wp-json\/wp\/v2\/comments?post=604"}],"version-history":[{"count":0,"href":"https:\/\/www.service-public.pf\/sde\/wp-json\/wp\/v2\/pages\/604\/revisions"}],"wp:attachment":[{"href":"https:\/\/www.service-public.pf\/sde\/wp-json\/wp\/v2\/media?parent=604"}],"curies":[{"name":"wp","href":"https:\/\/api.w.org\/{rel}","templated":true}]}}