{"id":1896,"date":"2022-06-02T13:52:32","date_gmt":"2022-06-02T23:52:32","guid":{"rendered":"https:\/\/www.service-public.pf\/sefi\/?page_id=1896"},"modified":"2022-07-18T14:11:51","modified_gmt":"2022-07-19T00:11:51","slug":"stage-handicape-sith","status":"publish","type":"page","link":"https:\/\/www.service-public.pf\/sefi\/demandeur-demploi\/stage-handicape-sith\/","title":{"rendered":"Stage d\u2019Insertion Travailleur Handicap\u00e9 (SITH)\u00a0"},"content":{"rendered":"<p><div class=\"fusion-fullwidth fullwidth-box fusion-builder-row-1 fusion-flex-container nonhundred-percent-fullwidth non-hundred-percent-height-scrolling\" style=\"--awb-border-radius-top-left:0px;--awb-border-radius-top-right:0px;--awb-border-radius-bottom-right:0px;--awb-border-radius-bottom-left:0px;--awb-flex-wrap:wrap;\" ><div class=\"fusion-builder-row fusion-row fusion-flex-align-items-flex-start fusion-flex-content-wrap\" style=\"max-width:2059.2px;margin-left: calc(-4% \/ 2 );margin-right: calc(-4% \/ 2 );\"><div class=\"fusion-layout-column fusion_builder_column fusion-builder-column-0 fusion_builder_column_1_4 1_4 fusion-flex-column fusion-flex-align-self-stretch\" style=\"--awb-bg-size:cover;--awb-width-large:25%;--awb-margin-top-large:0px;--awb-spacing-right-large:0%;--awb-margin-bottom-large:20px;--awb-spacing-left-large:288.768%;--awb-width-medium:100%;--awb-order-medium:0;--awb-spacing-right-medium:1.92%;--awb-spacing-left-medium:1.92%;--awb-width-small:100%;--awb-order-small:0;--awb-spacing-right-small:1.92%;--awb-spacing-left-small:1.92%;\"><div class=\"fusion-column-wrapper fusion-column-has-shadow fusion-flex-justify-content-space-around fusion-content-layout-column\"><div class=\"fusion-audio fusion-audio-1\" style=\"--awb-progress-color:#ffffff;--awb-border-color:var(--awb-color1);--awb-background-color:#222222;--awb-max-width:100%;--awb-border-size:0;--awb-border-top-left-radius:25;--awb-border-top-right-radius:25;--awb-border-bottom-right-radius:25;--awb-border-bottom-left-radius:25;\"><audio class=\"wp-audio-shortcode\" id=\"audio-1896-1\" preload=\"none\" style=\"width: 100%;\" controls=\"controls\"><source type=\"audio\/mpeg\" src=\"https:\/\/www.service-public.pf\/sefi\/wp-content\/uploads\/sites\/30\/2022\/07\/ITV-SERVICE-DE-LEMPLOI-API-FM-020-SITH-N\u00b01.mp3?_=1\" \/><a href=\"https:\/\/www.service-public.pf\/sefi\/wp-content\/uploads\/sites\/30\/2022\/07\/ITV-SERVICE-DE-LEMPLOI-API-FM-020-SITH-N\u00b01.mp3\">https:\/\/www.service-public.pf\/sefi\/wp-content\/uploads\/sites\/30\/2022\/07\/ITV-SERVICE-DE-LEMPLOI-API-FM-020-SITH-N\u00b01.mp3<\/a><\/audio><\/div><div class=\"fusion-audio fusion-audio-2\" style=\"--awb-progress-color:#ffffff;--awb-border-color:var(--awb-color1);--awb-background-color:#222222;--awb-max-width:100%;--awb-border-size:1;--awb-border-top-left-radius:25;--awb-border-top-right-radius:25;--awb-border-bottom-right-radius:25;--awb-border-bottom-left-radius:25;\"><audio class=\"wp-audio-shortcode\" id=\"audio-1896-2\" preload=\"none\" style=\"width: 100%;\" controls=\"controls\"><source type=\"audio\/mpeg\" src=\"https:\/\/www.service-public.pf\/sefi\/wp-content\/uploads\/sites\/30\/2022\/07\/ITV-SERVICE-DE-LEMPLOI-API-FM-021-SITH-N\u00b02.mp3?_=2\" \/><a href=\"https:\/\/www.service-public.pf\/sefi\/wp-content\/uploads\/sites\/30\/2022\/07\/ITV-SERVICE-DE-LEMPLOI-API-FM-021-SITH-N\u00b02.mp3\">https:\/\/www.service-public.pf\/sefi\/wp-content\/uploads\/sites\/30\/2022\/07\/ITV-SERVICE-DE-LEMPLOI-API-FM-021-SITH-N\u00b02.mp3<\/a><\/audio><\/div><\/div><\/div><\/div><\/div><div class=\"fusion-fullwidth fullwidth-box fusion-builder-row-2 fusion-flex-container nonhundred-percent-fullwidth non-hundred-percent-height-scrolling\" style=\"--awb-border-radius-top-left:0px;--awb-border-radius-top-right:0px;--awb-border-radius-bottom-right:0px;--awb-border-radius-bottom-left:0px;--awb-flex-wrap:wrap;\" ><div class=\"fusion-builder-row fusion-row fusion-flex-align-items-flex-start fusion-flex-content-wrap\" style=\"max-width:2059.2px;margin-left: calc(-4% \/ 2 );margin-right: calc(-4% \/ 2 );\"><div class=\"fusion-layout-column fusion_builder_column fusion-builder-column-1 fusion_builder_column_3_5 3_5 fusion-flex-column\" style=\"--awb-bg-size:cover;--awb-width-large:60%;--awb-margin-top-large:0px;--awb-spacing-right-large:3.84%;--awb-margin-bottom-large:0px;--awb-spacing-left-large:3.2%;--awb-width-medium:100%;--awb-spacing-right-medium:1.92%;--awb-spacing-left-medium:1.92%;--awb-width-small:100%;--awb-spacing-right-small:1.92%;--awb-spacing-left-small:1.92%;\"><div class=\"fusion-column-wrapper fusion-flex-justify-content-flex-start fusion-content-layout-column\"><div class=\"fusion-text fusion-text-1\"><h2>Pour quoi ?<\/h2>\n<p>Le SITH est un dispositif de stage en faveur des personnes reconnues travailleur handicap\u00e9 par la COTOREP. L\u2019objectif est d\u2019ins\u00e9rer professionnellement ces personnes en tenant compte de leurs difficult\u00e9s et leur degr\u00e9 de handicap indiqu\u00e9 sur la notification de la COTOREP.<\/p>\n<h2>Quelles sont les conditions pour le candidat ?<\/h2>\n<p>Vous \u00eates \u00e9ligible si :<\/p>\n<ul style=\"list-style-type: disc\">\n<li>Vous \u00eates reconnu Travailleur Handicap\u00e9 par la COTOREP<\/li>\n<li>Vous avez entre 18 et 60 ans<\/li>\n<li>Vous \u00eates inscrit au Service de l\u2019Emploi<\/li>\n<\/ul>\n<h2>O\u00f9 puis-je faire le SITH?<\/h2>\n<ul style=\"list-style-type: disc\">\n<li>Entreprises priv\u00e9es<\/li>\n<li>Coop\u00e9ratives<\/li>\n<li>Associations 1901 justifiant d\u2019un an d&rsquo;existence<\/li>\n<li>Communes et groupements de communes<\/li>\n<li>Services et \u00e9tablissements publics de la Polyn\u00e9sie fran\u00e7aise<\/li>\n<\/ul>\n<h2>Quel est le montant de l&rsquo;indemnit\u00e9 ?<\/h2>\n<p>Versement au stagiaire d\u2019une indemnit\u00e9 mensuelle de :<br \/>. 80 000 FCFP brut : moins de 30 ans<br \/>. 100 000 FCFP brut : 30 ans et plus<\/p>\n<\/div><div class=\"fusion-alert alert notice alert-warning fusion-alert-center fusion-alert-capitalize awb-alert-native-link-color alert-dismissable awb-alert-close-boxed\" role=\"alert\"><div class=\"fusion-alert-content-wrapper\"><span class=\"alert-icon\"><i class=\"awb-icon-cog\" aria-hidden=\"true\"><\/i><\/span><span class=\"fusion-alert-content\">L&rsquo;indemnit\u00e9 mensuelle est d\u00e9termin\u00e9e en fonction de l&rsquo;\u00e2ge au moment du d\u00e9marrage du stage, elle est maintenue jusqu&rsquo;au terme du stage.<\/span><\/div><button type=\"button\" class=\"close toggle-alert\" data-dismiss=\"alert\" aria-label=\"Close\">&times;<\/button><\/div><div class=\"fusion-text fusion-text-2\"><p class=\"\">Une absence non justifi\u00e9e un vendredi et\/ou le lundi suivant entra\u00eene une non indemnisation de la journ\u00e9e du samedi et du dimanche.<\/p>\n<\/div><\/div><\/div><div class=\"fusion-layout-column fusion_builder_column fusion-builder-column-2 fusion_builder_column_2_5 2_5 fusion-flex-column\" style=\"--awb-bg-size:cover;--awb-width-large:40%;--awb-margin-top-large:0px;--awb-spacing-right-large:0%;--awb-margin-bottom-large:20px;--awb-spacing-left-large:2.16%;--awb-width-medium:100%;--awb-order-medium:0;--awb-spacing-right-medium:1.92%;--awb-spacing-left-medium:1.92%;--awb-width-small:100%;--awb-order-small:0;--awb-spacing-right-small:1.92%;--awb-spacing-left-small:1.92%;\"><div class=\"fusion-column-wrapper fusion-column-has-shadow fusion-flex-justify-content-flex-start fusion-content-layout-column\"><div class=\"fusion-image-element \" style=\"--awb-caption-title-font-family:var(--h2_typography-font-family);--awb-caption-title-font-weight:var(--h2_typography-font-weight);--awb-caption-title-font-style:var(--h2_typography-font-style);--awb-caption-title-size:var(--h2_typography-font-size);--awb-caption-title-transform:var(--h2_typography-text-transform);--awb-caption-title-line-height:var(--h2_typography-line-height);--awb-caption-title-letter-spacing:var(--h2_typography-letter-spacing);\"><span class=\" fusion-imageframe imageframe-none imageframe-1 hover-type-none\"><img decoding=\"async\" width=\"1024\" height=\"1024\" title=\"SITH\" src=\"https:\/\/www.service-public.pf\/sefi\/wp-content\/uploads\/sites\/30\/2022\/06\/SITH-1024x1024.png\" alt class=\"img-responsive wp-image-2280\" srcset=\"https:\/\/www.service-public.pf\/sefi\/wp-content\/uploads\/sites\/30\/2022\/06\/SITH-200x200.png 200w, https:\/\/www.service-public.pf\/sefi\/wp-content\/uploads\/sites\/30\/2022\/06\/SITH-400x400.png 400w, https:\/\/www.service-public.pf\/sefi\/wp-content\/uploads\/sites\/30\/2022\/06\/SITH-600x600.png 600w, https:\/\/www.service-public.pf\/sefi\/wp-content\/uploads\/sites\/30\/2022\/06\/SITH-800x800.png 800w, https:\/\/www.service-public.pf\/sefi\/wp-content\/uploads\/sites\/30\/2022\/06\/SITH-1200x1200.png 1200w\" sizes=\"(max-width: 1024px) 100vw, (max-width: 640px) 100vw, 800px\" \/><\/span><\/div><div class=\"fusion-text fusion-text-3\"><h2>Quels sont les avantages ?\u00a0<\/h2>\n<\/div><div class=\"fusion-progressbar\" style=\"--awb-filledcolor:#009970;--awb-maximum-value-wrapper-width:16%;\"><div class=\"fusion-progressbar-bar progress-bar\"><div class=\"progress progress-bar-content not-animated\" role=\"progressbar\" aria-labelledby=\"awb-progressbar-label-1\" aria-valuemin=\"0\" aria-valuemax=\"100\" aria-valuenow=\"84\" data-filling-speed=\"600\"><span class=\"progress-title awb-on-bar\"><span class=\"fusion-progressbar-text\" id=\"awb-progressbar-label-1\">Une exp\u00e9rience professionnelle<\/span><\/span><\/div><span class=\"awb-pb-max-value-wrap awb-on-bar\"><span class=\"awb-pb-max-value-text\"><\/span><\/span><\/div><\/div><div class=\"fusion-progressbar\" style=\"--awb-filledcolor:#009970;--awb-maximum-value-wrapper-width:16%;\"><div class=\"fusion-progressbar-bar progress-bar\"><div class=\"progress progress-bar-content not-animated\" role=\"progressbar\" aria-labelledby=\"awb-progressbar-label-2\" aria-valuemin=\"0\" aria-valuemax=\"100\" aria-valuenow=\"84\" data-filling-speed=\"600\"><span class=\"progress-title awb-on-bar\"><span class=\"fusion-progressbar-text\" id=\"awb-progressbar-label-2\">Faire ses preuves<\/span><\/span><\/div><span class=\"awb-pb-max-value-wrap awb-on-bar\"><span class=\"awb-pb-max-value-text\"><\/span><\/span><\/div><\/div><div class=\"fusion-progressbar\" style=\"--awb-filledcolor:#009970;--awb-maximum-value-wrapper-width:16%;\"><div class=\"fusion-progressbar-bar progress-bar\"><div class=\"progress progress-bar-content not-animated\" role=\"progressbar\" aria-labelledby=\"awb-progressbar-label-3\" aria-valuemin=\"0\" aria-valuemax=\"100\" aria-valuenow=\"84\" data-filling-speed=\"600\"><span class=\"progress-title awb-on-bar\"><span class=\"fusion-progressbar-text\" id=\"awb-progressbar-label-3\">Evaluation valorisante en fin de stage<\/span><\/span><\/div><span class=\"awb-pb-max-value-wrap awb-on-bar\"><span class=\"awb-pb-max-value-text\"><\/span><\/span><\/div><\/div><div class=\"fusion-text fusion-text-4\"><h2>Quelle est la dur\u00e9e du SITH ?<\/h2>\n<p>6 mois dont 35 h par semaine \u00e0 r\u00e9partir sur 5 jours (2 jours de repos cons\u00e9cutifs dont le dimanche)<\/p>\n<p><b><u>Pas de travail les jours f\u00e9ri\u00e9s, pas d\u2019heures suppl\u00e9mentaires, pas d\u2019horaires de nuit (de 20 h \u00e0 6h)<br \/><\/u><\/b><\/p>\n<p>Renouvelable 3 fois ( soit 2 ans max dans le m\u00eame organisme d&rsquo;accueil )<\/p>\n<\/div><div class=\"fusion-alert alert error alert-danger fusion-alert-center fusion-alert-capitalize awb-alert-native-link-color alert-dismissable awb-alert-close-boxed\" role=\"alert\"><div class=\"fusion-alert-content-wrapper\"><span class=\"alert-icon\"><i class=\"awb-icon-exclamation-triangle\" aria-hidden=\"true\"><\/i><\/span><span class=\"fusion-alert-content\"><p style=\"text-align: center\">\u00c0 noter :<\/p>\n<ul>\n<li style=\"text-align: center\">D\u00e9sormais le cumul des allocations de la CPS et l&rsquo;indemnit\u00e9 vers\u00e9e dans le cadre du SITH est possible.<\/li>\n<\/ul>\n<p>\u00a0<\/p>\n<p>Tout stagiaire ITH percevant l\u2019allocation aux adultes handicap\u00e9s (AAH) et l\u2019allocation compensatrice (AC1 ou AC2), conservera ces allocations.<\/p><\/span><\/div><button type=\"button\" class=\"close toggle-alert\" data-dismiss=\"alert\" aria-label=\"Close\">&times;<\/button><\/div><\/div><\/div><\/div><\/div><div class=\"fusion-fullwidth fullwidth-box fusion-builder-row-3 fusion-flex-container nonhundred-percent-fullwidth non-hundred-percent-height-scrolling\" style=\"--awb-border-radius-top-left:0px;--awb-border-radius-top-right:0px;--awb-border-radius-bottom-right:0px;--awb-border-radius-bottom-left:0px;--awb-flex-wrap:wrap;\" ><div class=\"fusion-builder-row fusion-row fusion-flex-align-items-flex-start fusion-flex-content-wrap\" style=\"max-width:2059.2px;margin-left: calc(-4% \/ 2 );margin-right: calc(-4% \/ 2 );\"><\/div><\/div><div class=\"fusion-fullwidth fullwidth-box fusion-builder-row-4 fusion-flex-container nonhundred-percent-fullwidth non-hundred-percent-height-scrolling\" style=\"--awb-border-radius-top-left:0px;--awb-border-radius-top-right:0px;--awb-border-radius-bottom-right:0px;--awb-border-radius-bottom-left:0px;--awb-flex-wrap:wrap;\" ><div class=\"fusion-builder-row fusion-row fusion-flex-align-items-flex-start fusion-flex-content-wrap\" style=\"max-width:2059.2px;margin-left: calc(-4% \/ 2 );margin-right: calc(-4% \/ 2 );\"><div class=\"fusion-layout-column fusion_builder_column fusion-builder-column-3 fusion_builder_column_1_2 1_2 fusion-flex-column fusion-flex-align-self-flex-start\" style=\"--awb-bg-size:cover;--awb-width-large:50%;--awb-margin-top-large:0px;--awb-spacing-right-large:0%;--awb-margin-bottom-large:20px;--awb-spacing-left-large:0%;--awb-width-medium:100%;--awb-order-medium:0;--awb-spacing-right-medium:1.92%;--awb-spacing-left-medium:1.92%;--awb-width-small:100%;--awb-order-small:0;--awb-spacing-right-small:1.92%;--awb-spacing-left-small:1.92%;\"><div class=\"fusion-column-wrapper fusion-column-has-shadow fusion-flex-justify-content-space-evenly fusion-content-layout-column\"><div class=\"fusion-text fusion-text-5\"><h2>Comment l&#8217;employeur doit faire pour mon dossier SITH ?<\/h2>\n<\/div><ul style=\"--awb-line-height:23.8px;--awb-icon-width:23.8px;--awb-icon-height:23.8px;--awb-icon-margin:9.8px;--awb-content-margin:33.6px;--awb-circlecolor:#009970;--awb-circle-yes-font-size:12.32px;\" class=\"fusion-checklist fusion-checklist-1 fusion-checklist-default fusion-checklist-divider type-icons\"><li class=\"fusion-li-item\" style=\"\"><span class=\"icon-wrapper circle-yes\"><i class=\"fusion-li-icon awb-icon-check\" aria-hidden=\"true\"><\/i><\/span><div class=\"fusion-li-item-content\">\n<p class=\"\">1- Compl\u00e9ter et signer une demande d&rsquo;agr\u00e9ment.<\/p>\n<p>&nbsp;<\/div><\/li><li class=\"fusion-li-item\" style=\"\"><span class=\"icon-wrapper circle-yes\"><i class=\"fusion-li-icon awb-icon-check\" aria-hidden=\"true\"><\/i><\/span><div class=\"fusion-li-item-content\">\n<p class=\"\">2- Signer une convention de stage, <strong>en quatre exemplaires originaux<\/strong>, de 6 mois<\/p>\n<p class=\"\">renouvelables avec le candidat et le Service de l&rsquo;Emploi<\/p>\n<\/div><\/li><li class=\"fusion-li-item\" style=\"\"><span class=\"icon-wrapper circle-yes\"><i class=\"fusion-li-icon awb-icon-check\" aria-hidden=\"true\"><\/i><\/span><div class=\"fusion-li-item-content\">\n<p class=\"\">3- Joindre une copie de la pi\u00e8ce d\u2019identit\u00e9 du candidat.<\/p>\n<p class=\"\"><\/p>\n<\/div><\/li><li class=\"fusion-li-item\" style=\"\"><span class=\"icon-wrapper circle-yes\"><i class=\"fusion-li-icon awb-icon-check\" aria-hidden=\"true\"><\/i><\/span><div class=\"fusion-li-item-content\">\n<p class=\"\">4- Joindre la notification COTOREP du candidat, \u00e0 jour.<\/p>\n<p class=\"\"><\/p>\n<\/div><\/li><li class=\"fusion-li-item\" style=\"\"><span class=\"icon-wrapper circle-yes\"><i class=\"fusion-li-icon awb-icon-check\" aria-hidden=\"true\"><\/i><\/span><div class=\"fusion-li-item-content\">\n<p class=\"\">5- Joindre un R.I .B du candidat.<\/p>\n<p class=\"\"><\/p>\n<\/div><\/li><li class=\"fusion-li-item\" style=\"\"><span class=\"icon-wrapper circle-yes\"><i class=\"fusion-li-icon awb-icon-check\" aria-hidden=\"true\"><\/i><\/span><div class=\"fusion-li-item-content\">\n<p class=\"\">6- Joindre une fiche d&rsquo;inscription au Service de l\u2019emploi renseign\u00e9 par le demandeur <\/p>\n<p class=\"\">d&#8217;emploi (si non inscrit au Service de l\u2019emploi).<\/p>\n<p class=\"\">\n<\/div><\/li><li class=\"fusion-li-item\" style=\"\"><span class=\"icon-wrapper circle-yes\"><i class=\"fusion-li-icon awb-icon-check\" aria-hidden=\"true\"><\/i><\/span><div class=\"fusion-li-item-content\">\n<p class=\"\">7- Joindre une fiche de prise d&rsquo;offre d&#8217;emploi d\u00e9crivant le poste propos\u00e9.<\/p>\n<p class=\"\">\n<\/div><\/li><li class=\"fusion-li-item\" style=\"\"><span class=\"icon-wrapper circle-yes\"><i class=\"fusion-li-icon awb-icon-check\" aria-hidden=\"true\"><\/i><\/span><div class=\"fusion-li-item-content\">\n<p class=\"\">8- Accueillir le stagiaire et assurer son encadrement par un ma\u00eetre de stage.<\/p>\n<p class=\"\">\n<\/div><\/li><li class=\"fusion-li-item\" style=\"\"><span class=\"icon-wrapper circle-yes\"><i class=\"fusion-li-icon awb-icon-check\" aria-hidden=\"true\"><\/i><\/span><div class=\"fusion-li-item-content\">\n<p class=\"\">9- Adresser au Service de l\u2019emploi les feuilles de pr\u00e9sence nous parviennent le plus <\/p>\n<p class=\"\">t\u00f4t possible (t\u00e9l\u00e9copieur accept\u00e9 : 40 46 12 24 ou par mail \u00e0 <\/p>\n<p class=\"\">compta.indemnite@sefi.pf) <strong>avant le 5 du mois suivant.<\/strong><\/p>\n<p class=\"\">\n<\/div><\/li><li class=\"fusion-li-item\" style=\"\"><span class=\"icon-wrapper circle-yes\"><i class=\"fusion-li-icon awb-icon-check\" aria-hidden=\"true\"><\/i><\/span><div class=\"fusion-li-item-content\">\n<p class=\"\">10- <strong>Dans le cadre d&rsquo;un renouvellement, joindre au dossier la grille d&rsquo;\u00e9valuation et de <\/strong><strong style=\"letter-spacing: 0px\">suivi du 4\u00e8me mois.<\/strong><\/p>\n<p class=\"\">\n<\/div><\/li><\/ul><\/div><\/div><div class=\"fusion-layout-column fusion_builder_column fusion-builder-column-4 fusion_builder_column_1_2 1_2 fusion-flex-column fusion-flex-align-self-center\" style=\"--awb-bg-size:cover;--awb-width-large:50%;--awb-margin-top-large:0px;--awb-spacing-right-large:0%;--awb-margin-bottom-large:20px;--awb-spacing-left-large:20.352%;--awb-width-medium:100%;--awb-order-medium:0;--awb-spacing-right-medium:1.92%;--awb-spacing-left-medium:1.92%;--awb-width-small:100%;--awb-order-small:0;--awb-spacing-right-small:1.92%;--awb-spacing-left-small:1.92%;\"><div class=\"fusion-column-wrapper fusion-column-has-shadow fusion-flex-justify-content-flex-start fusion-content-layout-column\"><div class=\"fusion-alert alert custom alert-custom fusion-alert-center fusion-alert-capitalize awb-alert-native-link-color alert-dismissable awb-alert-close-boxed\" style=\"--awb-background-color:#ffffff;--awb-accent-color:#808080;--awb-border-size:7px;--awb-border-top-left-radius:0px;--awb-border-top-right-radius:0px;--awb-border-bottom-left-radius:0px;--awb-border-bottom-right-radius:0px;\" role=\"alert\"><div class=\"fusion-alert-content-wrapper\"><span class=\"fusion-alert-content\"><p class=\"\">Versement de l\u2019indemnit\u00e9 en fin de contrat de stage :<\/p>\n<ul data-rte-list=\"default\">\n<li>\n<p class=\"\"><strong>Lorsqu\u2019un contrat de stage se termine en fin de mois<\/strong>, les indemnit\u00e9s du dernier mois sont trait\u00e9es au \u00ab\u00a0service fait\u00a0\u00bb, c\u2019est \u00e0 dire au temps de pr\u00e9sence effective, et non par avance comme les mois pr\u00e9c\u00e9dents.<br \/>Exemple : Pour un SITH qui se termine le 31\/07, les indemnit\u00e9s du mois de juillet seront trait\u00e9es \u00e0 la fin de ce mois.<\/p>\n<\/li>\n<li>\n<p class=\"\"><strong>Lorsqu\u2019un contrat de stage se termine en cours de mois<\/strong>, les indemnit\u00e9s du dernier mois et de celui qui pr\u00e9c\u00e8de sont trait\u00e9es au \u00ab\u00a0service fait\u00a0\u00bb et non par avance comme les mois pr\u00e9c\u00e9dents.<br \/>Exemple : Pour un SITH qui se termine le 20\/08, les indemnit\u00e9s du mois de juillet et du mois d&rsquo;ao\u00fbt seront trait\u00e9es \u00e0 la fin de chaque mois.<\/p>\n<\/li>\n<\/ul><\/span><\/div><button style=\"color:#808080;border-color:#808080;\" type=\"button\" class=\"close toggle-alert\" data-dismiss=\"alert\" aria-label=\"Close\">&times;<\/button><\/div><\/div><\/div><\/div><\/div><div class=\"fusion-fullwidth fullwidth-box fusion-builder-row-5 fusion-flex-container nonhundred-percent-fullwidth non-hundred-percent-height-scrolling\" style=\"--awb-border-radius-top-left:0px;--awb-border-radius-top-right:0px;--awb-border-radius-bottom-right:0px;--awb-border-radius-bottom-left:0px;--awb-flex-wrap:wrap;\" ><div class=\"fusion-builder-row fusion-row fusion-flex-align-items-flex-start fusion-flex-content-wrap\" style=\"max-width:2059.2px;margin-left: calc(-4% \/ 2 );margin-right: calc(-4% \/ 2 );\"><div class=\"fusion-layout-column fusion_builder_column fusion-builder-column-5 fusion_builder_column_1_2 1_2 fusion-flex-column\" style=\"--awb-bg-size:cover;--awb-width-large:50%;--awb-margin-top-large:0px;--awb-spacing-right-large:0%;--awb-margin-bottom-large:0px;--awb-spacing-left-large:0%;--awb-width-medium:100%;--awb-order-medium:0;--awb-spacing-right-medium:1.92%;--awb-spacing-left-medium:1.92%;--awb-width-small:100%;--awb-order-small:0;--awb-spacing-right-small:1.92%;--awb-spacing-left-small:1.92%;\"><div class=\"fusion-column-wrapper fusion-column-has-shadow fusion-flex-justify-content-flex-start fusion-content-layout-column\"><div class=\"fusion-alert alert custom alert-custom fusion-alert-center fusion-alert-capitalize awb-alert-native-link-color alert-dismissable awb-alert-close-boxed\" style=\"--awb-background-color:#ffff;--awb-accent-color:#d61b26;--awb-border-size:1px;--awb-border-top-left-radius:0px;--awb-border-top-right-radius:0px;--awb-border-bottom-left-radius:0px;--awb-border-bottom-right-radius:0px;\" role=\"alert\"><div class=\"fusion-alert-content-wrapper\"><span class=\"alert-icon\"><i class=\"fa-exclamation-circle fas\" aria-hidden=\"true\"><\/i><\/span><span class=\"fusion-alert-content\"><p>IMPORTANT<\/p>\n<ul>\n<li>Toute demande de renouvellement doit \u00eatre d\u00e9pos\u00e9e compl\u00e8te au plus tard 60 jours avant la date de fin du stage.<\/li>\n<li>Vous ne devez pas faire d\u00e9marrer un stagiaire sans l&rsquo;accord du Service de l\u2019Emploi<\/li>\n<\/ul><\/span><\/div><button style=\"color:#d61b26;border-color:#d61b26;\" type=\"button\" class=\"close toggle-alert\" data-dismiss=\"alert\" aria-label=\"Close\">&times;<\/button><\/div><\/div><\/div><div class=\"fusion-layout-column fusion_builder_column fusion-builder-column-6 fusion_builder_column_1_2 1_2 fusion-flex-column\" style=\"--awb-bg-size:cover;--awb-width-large:50%;--awb-margin-top-large:0px;--awb-spacing-right-large:0%;--awb-margin-bottom-large:20px;--awb-spacing-left-large:18.432%;--awb-width-medium:100%;--awb-order-medium:0;--awb-spacing-right-medium:1.92%;--awb-spacing-left-medium:1.92%;--awb-width-small:100%;--awb-order-small:0;--awb-spacing-right-small:1.92%;--awb-spacing-left-small:1.92%;\"><div class=\"fusion-column-wrapper fusion-column-has-shadow fusion-flex-justify-content-flex-start fusion-content-layout-column\"><div class=\"fusion-text fusion-text-6\"><h2>Les documents \u00e0 t\u00e9l\u00e9charger :<\/h2>\n<\/div><div class=\"fusion-text fusion-text-7\"><p><span style=\"color: #fbb800\"><strong>1-Document pivot : <\/strong><\/span><\/p>\n<p>qui fixe les droits et obligations du stagiaire pendant la dur\u00e9e de la convention de stage, ainsi que celles de l\u2019organisme d\u2019accueil et du Pays.<\/p>\n<p><span style=\"color: #005795\">Obligations des parties<\/span> \u21d2<a href=\"https:\/\/www.service-public.pf\/sefi\/wp-content\/uploads\/sites\/30\/2022\/07\/Obligation-des-parties-Maj-150722.pdf\"> T\u00e9l\u00e9charger<\/a><\/p>\n<p><strong><span style=\"color: #fbb800\">2- Les documents pour faire un dossier SITH : <\/span><\/strong><\/p>\n<p><span style=\"color: #005795;font-family: arial, helvetica, sans-serif\">Fiche d&rsquo;inscription ( si non inscrit au Service de l&rsquo;Emploi ) <span style=\"color: #000000\">\u21d2 <a href=\"https:\/\/www.service-public.pf\/sefi\/wp-content\/uploads\/sites\/30\/2022\/07\/FI2022.pdf\">T\u00e9l\u00e9charger<\/a><\/span><\/span><\/p>\n<p><span style=\"color: #005795\">Fiche de prise d&rsquo;offre d&#8217;emploi<\/span> <span style=\"color: #005795;font-family: arial, helvetica, sans-serif\"><span style=\"color: #000000\">\u21d2 <a href=\"https:\/\/www.service-public.pf\/sefi\/wp-content\/uploads\/sites\/30\/2022\/07\/FichepriseOE2022-1.pdf\">T\u00e9l\u00e9charger<\/a><\/span><\/span><\/p>\n<p><span style=\"color: #005795\">Formulaire de demande SITH <\/span> \u21d2 <a href=\"https:\/\/www.service-public.pf\/sefi\/wp-content\/uploads\/sites\/30\/2022\/07\/SITH2022-Formulaire.pdf\">T\u00e9l\u00e9charger<\/a><\/p>\n<p><span style=\"color: #005795\">Grille d&rsquo;\u00e9valuation<\/span> \u21d2 <a href=\"https:\/\/www.service-public.pf\/sefi\/wp-content\/uploads\/sites\/30\/2022\/07\/Grille-evaluation-2022-2.pdf\">T\u00e9l\u00e9charger ( en papier) <\/a>ou<a href=\"https:\/\/www.mes-demarches.gov.pf\/commencer\/sefi-bilan-final-d-evaluation-de-stage-mae\"> D\u00e9poser en ligne ici<\/a><\/p>\n<p><span style=\"color: #005795\">Convention SITH ( 4 exemplaires )<\/span> \u21d2 <a href=\"https:\/\/www.service-public.pf\/sefi\/wp-content\/uploads\/sites\/30\/2022\/07\/SITH2022_Convention-en-4-exemplaires-1.pdf\">T\u00e9l\u00e9charger<\/a><\/p>\n<p><span style=\"color: #005795\">Instructions pour le SITH<\/span> \u21d2 <a href=\"https:\/\/www.service-public.pf\/sefi\/wp-content\/uploads\/sites\/30\/2022\/07\/SITH2022_Instructions-1.pdf\">T\u00e9l\u00e9charger<\/a><\/p>\n<p><span style=\"color: #005795\">Formulaire SITH<\/span> \u21d2 <a href=\"https:\/\/www.service-public.pf\/sefi\/wp-content\/uploads\/sites\/30\/2022\/07\/SITH2022-Formulaire-1.pdf\">T\u00e9l\u00e9charger<\/a><\/p>\n<\/div><\/div><\/div><\/div><\/div><\/p>\n","protected":false},"excerpt":{"rendered":"","protected":false},"author":255,"featured_media":0,"parent":570,"menu_order":0,"comment_status":"closed","ping_status":"closed","template":"","meta":{"_seopress_robots_primary_cat":"","_seopress_titles_title":"","_seopress_titles_desc":"","_seopress_robots_index":"","footnotes":""},"class_list":["post-1896","page","type-page","status-publish","hentry"],"_links":{"self":[{"href":"https:\/\/www.service-public.pf\/sefi\/wp-json\/wp\/v2\/pages\/1896","targetHints":{"allow":["GET"]}}],"collection":[{"href":"https:\/\/www.service-public.pf\/sefi\/wp-json\/wp\/v2\/pages"}],"about":[{"href":"https:\/\/www.service-public.pf\/sefi\/wp-json\/wp\/v2\/types\/page"}],"author":[{"embeddable":true,"href":"https:\/\/www.service-public.pf\/sefi\/wp-json\/wp\/v2\/users\/255"}],"replies":[{"embeddable":true,"href":"https:\/\/www.service-public.pf\/sefi\/wp-json\/wp\/v2\/comments?post=1896"}],"version-history":[{"count":0,"href":"https:\/\/www.service-public.pf\/sefi\/wp-json\/wp\/v2\/pages\/1896\/revisions"}],"up":[{"embeddable":true,"href":"https:\/\/www.service-public.pf\/sefi\/wp-json\/wp\/v2\/pages\/570"}],"wp:attachment":[{"href":"https:\/\/www.service-public.pf\/sefi\/wp-json\/wp\/v2\/media?parent=1896"}],"curies":[{"name":"wp","href":"https:\/\/api.w.org\/{rel}","templated":true}]}}