{"id":2374,"date":"2022-06-23T15:56:42","date_gmt":"2022-06-24T01:56:42","guid":{"rendered":"https:\/\/www.service-public.pf\/sefi\/?page_id=2374"},"modified":"2022-06-27T13:44:32","modified_gmt":"2022-06-27T23:44:32","slug":"demander-autres-prestations","status":"publish","type":"page","link":"https:\/\/www.service-public.pf\/sefi\/employeur\/demander-autres-prestations\/","title":{"rendered":"Demander d&rsquo;autres prestations"},"content":{"rendered":"<p><div class=\"fusion-fullwidth fullwidth-box fusion-builder-row-1 fusion-flex-container nonhundred-percent-fullwidth non-hundred-percent-height-scrolling\" style=\"--awb-border-radius-top-left:0px;--awb-border-radius-top-right:0px;--awb-border-radius-bottom-right:0px;--awb-border-radius-bottom-left:0px;--awb-flex-wrap:wrap;\" ><div class=\"fusion-builder-row fusion-row fusion-flex-align-items-flex-start fusion-flex-content-wrap\" style=\"max-width:2059.2px;margin-left: calc(-4% \/ 2 );margin-right: calc(-4% \/ 2 );\"><div class=\"fusion-layout-column fusion_builder_column fusion-builder-column-0 fusion_builder_column_2_3 2_3 fusion-flex-column\" style=\"--awb-bg-size:cover;--awb-width-large:66.666666666667%;--awb-margin-top-large:0px;--awb-spacing-right-large:3.84%;--awb-margin-bottom-large:0px;--awb-spacing-left-large:2.88%;--awb-width-medium:100%;--awb-spacing-right-medium:1.92%;--awb-spacing-left-medium:1.92%;--awb-width-small:100%;--awb-spacing-right-small:1.92%;--awb-spacing-left-small:1.92%;\"><div class=\"fusion-column-wrapper fusion-flex-justify-content-flex-start fusion-content-layout-column\"><div class=\"fusion-text fusion-text-1\"><p><b>Vous ne disposez pas de locaux pour l\u2019organisation de vos entretiens d\u2019embauche ? <\/b><\/p>\n<p>Le Service de l\u2019Emploi peut vous mettre \u00e0 disposition gratuitement une ou plusieurs salles climatis\u00e9es, des tables, des chaises et du mat\u00e9riel de vid\u00e9o-projection.<\/p>\n<p><b>Vous \u00eates une entreprise bas\u00e9e en m\u00e9tropole et vous souhaitez recruter des Polyn\u00e9siens pr\u00eats \u00e0 tenter la vie en m\u00e9tropole ? <\/b><\/p>\n<p>Nous vous assistons dans le recrutement aupr\u00e8s des candidats potentiels locaux inscrits au Service de l&rsquo;Emploi :<\/p>\n<ul>\n<li>R\u00e9ception de votre offre d\u2019emploi.<\/li>\n<li>Promotion de votre offre aupr\u00e8s de nos demandeurs d\u2019emploi potentiel.<\/li>\n<li>Constitution et contr\u00f4le des pi\u00e8ces (CV, LM, dipl\u00f4mes, exp\u00e9riences, pr\u00e9requis,\u2026).<\/li>\n<li>Organisation d\u2019entretiens en visio et pr\u00e9paration des candidats pr\u00e9s\u00e9lectionn\u00e9).<\/li>\n<\/ul>\n<p>Contactez nos conseillers entreprises :<\/p>\n<p>Mail : entreprises@sefi.pf<\/p>\n<p>T\u00e9l. : (+689) 40 46 12 58<\/p>\n<\/div><\/div><\/div><div class=\"fusion-layout-column fusion_builder_column fusion-builder-column-1 fusion_builder_column_1_3 1_3 fusion-flex-column\" style=\"--awb-bg-size:cover;--awb-width-large:33.333333333333%;--awb-margin-top-large:0px;--awb-spacing-right-large:5.76%;--awb-margin-bottom-large:20px;--awb-spacing-left-large:3.84%;--awb-width-medium:100%;--awb-order-medium:0;--awb-spacing-right-medium:1.92%;--awb-spacing-left-medium:1.92%;--awb-width-small:100%;--awb-order-small:0;--awb-spacing-right-small:1.92%;--awb-spacing-left-small:1.92%;\"><div class=\"fusion-column-wrapper fusion-column-has-shadow fusion-flex-justify-content-flex-start fusion-content-layout-column\"><div class=\"fusion-image-element \" style=\"--awb-caption-title-font-family:var(--h2_typography-font-family);--awb-caption-title-font-weight:var(--h2_typography-font-weight);--awb-caption-title-font-style:var(--h2_typography-font-style);--awb-caption-title-size:var(--h2_typography-font-size);--awb-caption-title-transform:var(--h2_typography-text-transform);--awb-caption-title-line-height:var(--h2_typography-line-height);--awb-caption-title-letter-spacing:var(--h2_typography-letter-spacing);\"><span class=\" fusion-imageframe imageframe-none imageframe-1 hover-type-none\"><img decoding=\"async\" width=\"1024\" height=\"1024\" title=\"Demander D\u2019autres Prestations\" src=\"https:\/\/www.service-public.pf\/sefi\/wp-content\/uploads\/sites\/30\/2022\/06\/Demander-dautres-prestations-1024x1024.png\" alt class=\"img-responsive wp-image-2426\" srcset=\"https:\/\/www.service-public.pf\/sefi\/wp-content\/uploads\/sites\/30\/2022\/06\/Demander-dautres-prestations-200x200.png 200w, https:\/\/www.service-public.pf\/sefi\/wp-content\/uploads\/sites\/30\/2022\/06\/Demander-dautres-prestations-400x400.png 400w, https:\/\/www.service-public.pf\/sefi\/wp-content\/uploads\/sites\/30\/2022\/06\/Demander-dautres-prestations-600x600.png 600w, https:\/\/www.service-public.pf\/sefi\/wp-content\/uploads\/sites\/30\/2022\/06\/Demander-dautres-prestations-800x800.png 800w, https:\/\/www.service-public.pf\/sefi\/wp-content\/uploads\/sites\/30\/2022\/06\/Demander-dautres-prestations-1200x1200.png 1200w\" sizes=\"(max-width: 1024px) 100vw, (max-width: 640px) 100vw, 800px\" \/><\/span><\/div><\/div><\/div><\/div><\/div><div class=\"fusion-fullwidth fullwidth-box fusion-builder-row-2 fusion-flex-container nonhundred-percent-fullwidth non-hundred-percent-height-scrolling\" style=\"--awb-border-radius-top-left:0px;--awb-border-radius-top-right:0px;--awb-border-radius-bottom-right:0px;--awb-border-radius-bottom-left:0px;--awb-flex-wrap:wrap;\" ><div class=\"fusion-builder-row fusion-row fusion-flex-align-items-flex-start fusion-flex-content-wrap\" style=\"max-width:2059.2px;margin-left: calc(-4% \/ 2 );margin-right: calc(-4% \/ 2 );\"><\/div><\/div><\/p>\n","protected":false},"excerpt":{"rendered":"","protected":false},"author":234,"featured_media":0,"parent":907,"menu_order":0,"comment_status":"closed","ping_status":"closed","template":"","meta":{"_seopress_robots_primary_cat":"","_seopress_titles_title":"","_seopress_titles_desc":"","_seopress_robots_index":"","footnotes":""},"class_list":["post-2374","page","type-page","status-publish","hentry"],"_links":{"self":[{"href":"https:\/\/www.service-public.pf\/sefi\/wp-json\/wp\/v2\/pages\/2374","targetHints":{"allow":["GET"]}}],"collection":[{"href":"https:\/\/www.service-public.pf\/sefi\/wp-json\/wp\/v2\/pages"}],"about":[{"href":"https:\/\/www.service-public.pf\/sefi\/wp-json\/wp\/v2\/types\/page"}],"author":[{"embeddable":true,"href":"https:\/\/www.service-public.pf\/sefi\/wp-json\/wp\/v2\/users\/234"}],"replies":[{"embeddable":true,"href":"https:\/\/www.service-public.pf\/sefi\/wp-json\/wp\/v2\/comments?post=2374"}],"version-history":[{"count":0,"href":"https:\/\/www.service-public.pf\/sefi\/wp-json\/wp\/v2\/pages\/2374\/revisions"}],"up":[{"embeddable":true,"href":"https:\/\/www.service-public.pf\/sefi\/wp-json\/wp\/v2\/pages\/907"}],"wp:attachment":[{"href":"https:\/\/www.service-public.pf\/sefi\/wp-json\/wp\/v2\/media?parent=2374"}],"curies":[{"name":"wp","href":"https:\/\/api.w.org\/{rel}","templated":true}]}}