{"id":2752,"date":"2022-07-05T15:07:36","date_gmt":"2022-07-06T01:07:36","guid":{"rendered":"https:\/\/www.service-public.pf\/sefi\/?page_id=2752"},"modified":"2022-07-07T17:20:05","modified_gmt":"2022-07-08T03:20:05","slug":"rechercher-un-profil","status":"publish","type":"page","link":"https:\/\/www.service-public.pf\/sefi\/employeur\/rechercher-un-profil\/","title":{"rendered":"Rechercher un profil"},"content":{"rendered":"<p><div class=\"fusion-fullwidth fullwidth-box fusion-builder-row-1 fusion-flex-container nonhundred-percent-fullwidth non-hundred-percent-height-scrolling\" style=\"--awb-border-radius-top-left:0px;--awb-border-radius-top-right:0px;--awb-border-radius-bottom-right:0px;--awb-border-radius-bottom-left:0px;--awb-flex-wrap:wrap;\" ><div class=\"fusion-builder-row fusion-row fusion-flex-align-items-flex-start fusion-flex-content-wrap\" style=\"max-width:2059.2px;margin-left: calc(-4% \/ 2 );margin-right: calc(-4% \/ 2 );\"><div class=\"fusion-layout-column fusion_builder_column fusion-builder-column-0 fusion_builder_column_1_1 1_1 fusion-flex-column\" style=\"--awb-bg-size:cover;--awb-width-large:100%;--awb-margin-top-large:0px;--awb-spacing-right-large:1.92%;--awb-margin-bottom-large:20px;--awb-spacing-left-large:1.92%;--awb-width-medium:100%;--awb-order-medium:0;--awb-spacing-right-medium:1.92%;--awb-spacing-left-medium:1.92%;--awb-width-small:100%;--awb-order-small:0;--awb-spacing-right-small:1.92%;--awb-spacing-left-small:1.92%;\"><div class=\"fusion-column-wrapper fusion-column-has-shadow fusion-flex-justify-content-flex-start fusion-content-layout-column\"><div class=\"fusion-text fusion-text-1\"><table style=\"border-collapse: collapse;width: 100%\">\n<tbody>\n<tr>\n<td style=\"width: 100%\">\n<h2 style=\"text-align: center\"><span style=\"color: #d61b26\">\u26a0 Une offre d&#8217;emploi doit avoir pr\u00e9alablement \u00e9t\u00e9\u00a0 enregistr\u00e9e au Service de l&rsquo;Emploi<\/span><\/h2>\n<\/td>\n<\/tr>\n<\/tbody>\n<\/table>\n<\/div><\/div><\/div><div class=\"fusion-layout-column fusion_builder_column fusion-builder-column-1 fusion_builder_column_2_3 2_3 fusion-flex-column\" style=\"--awb-bg-blend:overlay;--awb-bg-size:cover;--awb-width-large:66.666666666667%;--awb-margin-top-large:0px;--awb-spacing-right-large:3.84%;--awb-margin-bottom-large:0px;--awb-spacing-left-large:2.88%;--awb-width-medium:100%;--awb-spacing-right-medium:1.92%;--awb-spacing-left-medium:1.92%;--awb-width-small:100%;--awb-spacing-right-small:1.92%;--awb-spacing-left-small:1.92%;\"><div class=\"fusion-column-wrapper fusion-flex-justify-content-flex-start fusion-content-layout-column\"><div class=\"fusion-text fusion-text-2\"><h2>Aide au recrutement<\/h2>\n<p>L\u2019\u00e9quipe de conseillers peut effectuer dans un premier temps une recherche de profils dans la base de demandeurs d\u2019emploi actifs en fonction des crit\u00e8res du recruteur entretien (niveau 1). Ce dernier est libre de contacter les candidats de son choix pour un entretien d\u2019embauche.<\/p>\n<h2><\/h2>\n<\/div><\/div><\/div><div class=\"fusion-layout-column fusion_builder_column fusion-builder-column-2 fusion_builder_column_1_3 1_3 fusion-flex-column\" style=\"--awb-bg-size:cover;--awb-width-large:33.333333333333%;--awb-margin-top-large:0px;--awb-spacing-right-large:5.76%;--awb-margin-bottom-large:20px;--awb-spacing-left-large:5.76%;--awb-width-medium:100%;--awb-order-medium:0;--awb-spacing-right-medium:1.92%;--awb-spacing-left-medium:1.92%;--awb-width-small:100%;--awb-order-small:0;--awb-spacing-right-small:1.92%;--awb-spacing-left-small:1.92%;\"><div class=\"fusion-column-wrapper fusion-column-has-shadow fusion-flex-justify-content-flex-start fusion-content-layout-column\"><div class=\"fusion-image-element \" style=\"--awb-caption-title-font-family:var(--h2_typography-font-family);--awb-caption-title-font-weight:var(--h2_typography-font-weight);--awb-caption-title-font-style:var(--h2_typography-font-style);--awb-caption-title-size:var(--h2_typography-font-size);--awb-caption-title-transform:var(--h2_typography-text-transform);--awb-caption-title-line-height:var(--h2_typography-line-height);--awb-caption-title-letter-spacing:var(--h2_typography-letter-spacing);\"><span class=\" fusion-imageframe imageframe-none imageframe-1 hover-type-none\"><img decoding=\"async\" width=\"2160\" height=\"2160\" title=\"Illustration Site\" src=\"https:\/\/www.service-public.pf\/sefi\/wp-content\/uploads\/sites\/30\/2022\/07\/Illustration-site-2.png\" alt class=\"img-responsive wp-image-2754\" srcset=\"https:\/\/www.service-public.pf\/sefi\/wp-content\/uploads\/sites\/30\/2022\/07\/Illustration-site-2-200x200.png 200w, https:\/\/www.service-public.pf\/sefi\/wp-content\/uploads\/sites\/30\/2022\/07\/Illustration-site-2-400x400.png 400w, https:\/\/www.service-public.pf\/sefi\/wp-content\/uploads\/sites\/30\/2022\/07\/Illustration-site-2-600x600.png 600w, https:\/\/www.service-public.pf\/sefi\/wp-content\/uploads\/sites\/30\/2022\/07\/Illustration-site-2-800x800.png 800w, https:\/\/www.service-public.pf\/sefi\/wp-content\/uploads\/sites\/30\/2022\/07\/Illustration-site-2-1200x1200.png 1200w, https:\/\/www.service-public.pf\/sefi\/wp-content\/uploads\/sites\/30\/2022\/07\/Illustration-site-2.png 2160w\" sizes=\"(max-width: 1024px) 100vw, (max-width: 640px) 100vw, 600px\" \/><\/span><\/div><\/div><\/div><\/div><\/div><div class=\"fusion-fullwidth fullwidth-box fusion-builder-row-2 fusion-flex-container nonhundred-percent-fullwidth non-hundred-percent-height-scrolling\" style=\"--awb-border-radius-top-left:0px;--awb-border-radius-top-right:0px;--awb-border-radius-bottom-right:0px;--awb-border-radius-bottom-left:0px;--awb-flex-wrap:wrap;\" ><div class=\"fusion-builder-row fusion-row fusion-flex-align-items-flex-start fusion-flex-content-wrap\" style=\"max-width:2059.2px;margin-left: calc(-4% \/ 2 );margin-right: calc(-4% \/ 2 );\"><div class=\"fusion-layout-column fusion_builder_column fusion-builder-column-3 fusion_builder_column_1_2 1_2 fusion-flex-column\" style=\"--awb-bg-size:cover;--awb-width-large:50%;--awb-margin-top-large:0px;--awb-spacing-right-large:3.84%;--awb-margin-bottom-large:20px;--awb-spacing-left-large:3.84%;--awb-width-medium:100%;--awb-order-medium:0;--awb-spacing-right-medium:1.92%;--awb-spacing-left-medium:1.92%;--awb-width-small:100%;--awb-order-small:0;--awb-spacing-right-small:1.92%;--awb-spacing-left-small:1.92%;\"><div class=\"fusion-column-wrapper fusion-column-has-shadow fusion-flex-justify-content-flex-start fusion-content-layout-column\"><div class=\"fusion-text fusion-text-3\"><h2><span style=\"color: var(--h2_typography-color);font-family: var(--h2_typography-font-family);font-size: var(--h2_typography-font-size);letter-spacing: var(--h2_typography-letter-spacing);text-transform: var(--h2_typography-text-transform)\">Contacter nos conseillers<\/span><\/h2>\n<p><span style=\"color: var(--h2_typography-color);font-family: var(--h2_typography-font-family);font-size: var(--h2_typography-font-size);letter-spacing: var(--h2_typography-letter-spacing);text-transform: var(--h2_typography-text-transform)\">Par mail<\/span><\/p>\n<p>entreprise@sefi.pf<\/p>\n<\/div><div class=\"fusion-text fusion-text-4\"><\/div><div class=\"fusion-text fusion-text-5\"><h2>Par Teams<\/h2>\n<ul>\n<li><a href=\"https:\/\/teams.microsoft.com\/l\/chat\/0\/0?users=vaitia.buchin@sefi.pf\">Vaitia BUCHIN, chef de cellule<\/a><\/li>\n<li><a href=\"https:\/\/teams.microsoft.com\/l\/chat\/0\/0?users=eric.cheung@sefi.pf\">Eric CHEUNG, conseiller entreprises<\/a><\/li>\n<li><a href=\"https:\/\/teams.microsoft.com\/l\/chat\/0\/0?users=valerie.cholet@sefi.pf\">Val\u00e9rie CHOLET, conseill\u00e8re entreprises<\/a><\/li>\n<li><a href=\"https:\/\/teams.microsoft.com\/l\/chat\/0\/0?users=vaihere.frogier@sefi.pf\">Vaihere FROGIER, conseill\u00e8re entreprises<\/a><\/li>\n<\/ul>\n<\/div><\/div><\/div><div class=\"fusion-layout-column fusion_builder_column fusion-builder-column-4 fusion_builder_column_1_2 1_2 fusion-flex-column\" style=\"--awb-bg-size:cover;--awb-width-large:50%;--awb-margin-top-large:0px;--awb-spacing-right-large:3.84%;--awb-margin-bottom-large:20px;--awb-spacing-left-large:3.84%;--awb-width-medium:100%;--awb-order-medium:0;--awb-spacing-right-medium:1.92%;--awb-spacing-left-medium:1.92%;--awb-width-small:100%;--awb-order-small:0;--awb-spacing-right-small:1.92%;--awb-spacing-left-small:1.92%;\"><div class=\"fusion-column-wrapper fusion-column-has-shadow fusion-flex-justify-content-flex-start fusion-content-layout-column\"><div class=\"fusion-text fusion-text-6\"><h2><\/h2>\n<h2><\/h2>\n<h2><\/h2>\n<h2>Par t\u00e9l\u00e9phone<\/h2>\n<p>40 46 12 34<\/p>\n<\/div><div class=\"fusion-text fusion-text-7\"><h2>Par Skype<\/h2>\n<ul>\n<li><a href=\"https:\/\/teams.microsoft.com\/l\/chat\/0\/0?users=vaitia.buchin@sefi.pf\">Vaitia BUCHIN, chef de cellule<\/a><\/li>\n<li><a href=\"https:\/\/teams.microsoft.com\/l\/chat\/0\/0?users=eric.cheung@sefi.pf\">Eric CHEUNG, conseiller entreprises<\/a><\/li>\n<li><a href=\"https:\/\/teams.microsoft.com\/l\/chat\/0\/0?users=valerie.cholet@sefi.pf\">Val\u00e9rie CHOLET, conseill\u00e8re entreprises<\/a><\/li>\n<li><a href=\"https:\/\/login.microsoftonline.com\/common\/oauth2\/v2.0\/authorize?response_type=id_token&amp;scope=openid%20profile&amp;client_id=5e3ce6c0-2b1f-4285-8d4b-75ee78787346&amp;redirect_uri=https%3A%2F%2Fteams.microsoft.com%2Fgo&amp;state=eyJpZCI6IjM3Mjg5YjRmLTk2MmQtNDRmNy1hY2FlLWYwMzE0NGQyMTQwYiIsInRzIjoxNjU3MDY3ODEyLCJtZXRob2QiOiJyZWRpcmVjdEludGVyYWN0aW9uIn0%3D&amp;nonce=09725bf1-6f82-4724-9d37-e8129c8120fe&amp;client_info=1&amp;x-client-SKU=MSAL.JS&amp;x-client-Ver=1.3.4&amp;client-request-id=1ad35225-a5da-4049-be2a-ecd78632b09a&amp;response_mode=fragment\">Vaihere FROGIER, conseill\u00e8re entreprises<\/a><\/li>\n<\/ul>\n<\/div><\/div><\/div><\/div><\/div><div class=\"fusion-fullwidth fullwidth-box fusion-builder-row-3 fusion-flex-container nonhundred-percent-fullwidth non-hundred-percent-height-scrolling\" style=\"--awb-border-radius-top-left:0px;--awb-border-radius-top-right:0px;--awb-border-radius-bottom-right:0px;--awb-border-radius-bottom-left:0px;--awb-flex-wrap:wrap;\" ><div class=\"fusion-builder-row fusion-row fusion-flex-align-items-flex-start fusion-flex-content-wrap\" style=\"max-width:2059.2px;margin-left: calc(-4% \/ 2 );margin-right: calc(-4% \/ 2 );\"><div class=\"fusion-layout-column fusion_builder_column fusion-builder-column-5 fusion_builder_column_1_2 1_2 fusion-flex-column\" style=\"--awb-bg-size:cover;--awb-width-large:50%;--awb-margin-top-large:0px;--awb-spacing-right-large:3.84%;--awb-margin-bottom-large:20px;--awb-spacing-left-large:3.84%;--awb-width-medium:100%;--awb-order-medium:0;--awb-spacing-right-medium:1.92%;--awb-spacing-left-medium:1.92%;--awb-width-small:100%;--awb-order-small:0;--awb-spacing-right-small:1.92%;--awb-spacing-left-small:1.92%;\"><div class=\"fusion-column-wrapper fusion-column-has-shadow fusion-flex-justify-content-flex-start fusion-content-layout-column\"><div class=\"fusion-video fusion-youtube\" style=\"--awb-max-width:435px;--awb-max-height:245px;\"><div class=\"video-shortcode\"><div class=\"fluid-width-video-wrapper\" style=\"padding-top:56.32%;\" ><iframe title=\"YouTube video player 1\" src=\"https:\/\/www.youtube.com\/embed\/-16pvyMK3ls?wmode=transparent&autoplay=0\" width=\"435\" height=\"245\" allowfullscreen allow=\"autoplay; clipboard-write; encrypted-media; gyroscope; picture-in-picture;\"><\/iframe><\/div><\/div><\/div><\/div><\/div><div class=\"fusion-layout-column fusion_builder_column fusion-builder-column-6 fusion_builder_column_1_2 1_2 fusion-flex-column\" style=\"--awb-bg-size:cover;--awb-width-large:50%;--awb-margin-top-large:0px;--awb-spacing-right-large:3.84%;--awb-margin-bottom-large:20px;--awb-spacing-left-large:3.84%;--awb-width-medium:100%;--awb-order-medium:0;--awb-spacing-right-medium:1.92%;--awb-spacing-left-medium:1.92%;--awb-width-small:100%;--awb-order-small:0;--awb-spacing-right-small:1.92%;--awb-spacing-left-small:1.92%;\"><div class=\"fusion-column-wrapper fusion-column-has-shadow fusion-flex-justify-content-flex-start fusion-content-layout-column\"><div class=\"fusion-video fusion-youtube\" style=\"--awb-max-width:435px;--awb-max-height:245px;\"><div class=\"video-shortcode\"><div class=\"fluid-width-video-wrapper\" style=\"padding-top:56.32%;\" ><iframe title=\"YouTube video player 2\" src=\"https:\/\/www.youtube.com\/embed\/VmChLYI7_tA?wmode=transparent&autoplay=0\" width=\"435\" height=\"245\" allowfullscreen allow=\"autoplay; clipboard-write; encrypted-media; gyroscope; picture-in-picture;\"><\/iframe><\/div><\/div><\/div><\/div><\/div><\/div><\/div><\/p>\n","protected":false},"excerpt":{"rendered":"","protected":false},"author":254,"featured_media":0,"parent":907,"menu_order":0,"comment_status":"closed","ping_status":"closed","template":"","meta":{"_seopress_robots_primary_cat":"","_seopress_titles_title":"","_seopress_titles_desc":"","_seopress_robots_index":"","footnotes":""},"class_list":["post-2752","page","type-page","status-publish","hentry"],"_links":{"self":[{"href":"https:\/\/www.service-public.pf\/sefi\/wp-json\/wp\/v2\/pages\/2752","targetHints":{"allow":["GET"]}}],"collection":[{"href":"https:\/\/www.service-public.pf\/sefi\/wp-json\/wp\/v2\/pages"}],"about":[{"href":"https:\/\/www.service-public.pf\/sefi\/wp-json\/wp\/v2\/types\/page"}],"author":[{"embeddable":true,"href":"https:\/\/www.service-public.pf\/sefi\/wp-json\/wp\/v2\/users\/254"}],"replies":[{"embeddable":true,"href":"https:\/\/www.service-public.pf\/sefi\/wp-json\/wp\/v2\/comments?post=2752"}],"version-history":[{"count":0,"href":"https:\/\/www.service-public.pf\/sefi\/wp-json\/wp\/v2\/pages\/2752\/revisions"}],"up":[{"embeddable":true,"href":"https:\/\/www.service-public.pf\/sefi\/wp-json\/wp\/v2\/pages\/907"}],"wp:attachment":[{"href":"https:\/\/www.service-public.pf\/sefi\/wp-json\/wp\/v2\/media?parent=2752"}],"curies":[{"name":"wp","href":"https:\/\/api.w.org\/{rel}","templated":true}]}}