{"id":2907,"date":"2022-07-08T08:36:20","date_gmt":"2022-07-08T18:36:20","guid":{"rendered":"https:\/\/www.service-public.pf\/sefi\/?page_id=2907"},"modified":"2022-07-08T14:13:10","modified_gmt":"2022-07-09T00:13:10","slug":"participer-a-un-job-dating","status":"publish","type":"page","link":"https:\/\/www.service-public.pf\/sefi\/demandeur-demploi\/participer-a-un-job-dating\/","title":{"rendered":"Participer \u00e0 un job dating"},"content":{"rendered":"<p><div class=\"fusion-fullwidth fullwidth-box fusion-builder-row-1 fusion-flex-container nonhundred-percent-fullwidth non-hundred-percent-height-scrolling\" style=\"--awb-border-radius-top-left:0px;--awb-border-radius-top-right:0px;--awb-border-radius-bottom-right:0px;--awb-border-radius-bottom-left:0px;--awb-flex-wrap:wrap;\" ><div class=\"fusion-builder-row fusion-row fusion-flex-align-items-flex-start fusion-flex-content-wrap\" style=\"max-width:2059.2px;margin-left: calc(-4% \/ 2 );margin-right: calc(-4% \/ 2 );\"><div class=\"fusion-layout-column fusion_builder_column fusion-builder-column-0 fusion_builder_column_2_3 2_3 fusion-flex-column\" style=\"--awb-bg-blend:overlay;--awb-bg-size:cover;--awb-width-large:66.666666666667%;--awb-margin-top-large:0px;--awb-spacing-right-large:3.84%;--awb-margin-bottom-large:0px;--awb-spacing-left-large:2.88%;--awb-width-medium:100%;--awb-spacing-right-medium:1.92%;--awb-spacing-left-medium:1.92%;--awb-width-small:100%;--awb-spacing-right-small:1.92%;--awb-spacing-left-small:1.92%;\"><div class=\"fusion-column-wrapper fusion-flex-justify-content-flex-start fusion-content-layout-column\"><div class=\"fusion-text fusion-text-1\"><h2>Pour qui ?<\/h2>\n<p>Les entreprises qui recrutent demandent parfois l&rsquo;organisation de jobs dating. Les demandeurs d&#8217;emploi peuvent \u00eatre invit\u00e9s \u00e0 participer \u00e0 ces plateformes de rencontre, ou s&rsquo;inscrire.<\/p>\n<h2>Le public concern\u00e9 ?<\/h2>\n<p>En priorit\u00e9 les demandeurs d\u2019emploi inscrits au Service de l\u2019Emploi.<\/p>\n<h2>Comment participer \u00e0 un job dating ?<\/h2>\n<p>Pour chaque job dating, une recherche de profils est faite parmi les demandeurs d\u2019emploi suivis par nos conseillers avant toute m\u00e9diatisation de l\u2019\u00e9v\u00e8nement.<\/p>\n<p>Une fois l&rsquo;\u00e9v\u00e9nement m\u00e9diatis\u00e9, vous pouvez vous inscrire aupr\u00e8s de votre conseiller emploi.<\/p>\n<h2>Comment se pr\u00e9parer un job dating ?<\/h2>\n<ul>\n<li><a href=\"https:\/\/www.service-public.pf\/sefi\/demandeur-demploi\/atelier-cv-lettre-de-motivation\/\">S&rsquo;inscrire \u00e0 un atelier CV &amp; LM<\/a><\/li>\n<li>Rencontrer son conseiller \u00e0 l\u2019emploi pour s\u2019exercer \u00e0 un entretien d\u2019embauche.<\/li>\n<\/ul>\n<p>&nbsp;<\/p>\n<h2>Comment \u00eatre inform\u00e9 de l\u2019organisation d\u2019un job dating ?<\/h2>\n<p>En restant connect\u00e9 et en suivant r\u00e9guli\u00e8rement l\u2019actualit\u00e9 du Service de l\u2019Emploi<\/p>\n<\/div><\/div><\/div><div class=\"fusion-layout-column fusion_builder_column fusion-builder-column-1 fusion_builder_column_1_3 1_3 fusion-flex-column\" style=\"--awb-bg-size:cover;--awb-width-large:33.333333333333%;--awb-margin-top-large:0px;--awb-spacing-right-large:5.76%;--awb-margin-bottom-large:20px;--awb-spacing-left-large:3.84%;--awb-width-medium:100%;--awb-order-medium:0;--awb-spacing-right-medium:1.92%;--awb-spacing-left-medium:1.92%;--awb-width-small:100%;--awb-order-small:0;--awb-spacing-right-small:1.92%;--awb-spacing-left-small:1.92%;\"><div class=\"fusion-column-wrapper fusion-column-has-shadow fusion-flex-justify-content-flex-start fusion-content-layout-column\"><div class=\"fusion-image-element \" style=\"--awb-caption-title-font-family:var(--h2_typography-font-family);--awb-caption-title-font-weight:var(--h2_typography-font-weight);--awb-caption-title-font-style:var(--h2_typography-font-style);--awb-caption-title-size:var(--h2_typography-font-size);--awb-caption-title-transform:var(--h2_typography-text-transform);--awb-caption-title-line-height:var(--h2_typography-line-height);--awb-caption-title-letter-spacing:var(--h2_typography-letter-spacing);\"><span class=\" fusion-imageframe imageframe-none imageframe-1 hover-type-none\"><img decoding=\"async\" width=\"1024\" height=\"1024\" title=\"Job Dating DE\" src=\"https:\/\/www.service-public.pf\/sefi\/wp-content\/uploads\/sites\/30\/2022\/07\/Job-dating-DE-1024x1024.png\" alt class=\"img-responsive wp-image-2929\" srcset=\"https:\/\/www.service-public.pf\/sefi\/wp-content\/uploads\/sites\/30\/2022\/07\/Job-dating-DE-200x200.png 200w, https:\/\/www.service-public.pf\/sefi\/wp-content\/uploads\/sites\/30\/2022\/07\/Job-dating-DE-400x400.png 400w, https:\/\/www.service-public.pf\/sefi\/wp-content\/uploads\/sites\/30\/2022\/07\/Job-dating-DE-600x600.png 600w, https:\/\/www.service-public.pf\/sefi\/wp-content\/uploads\/sites\/30\/2022\/07\/Job-dating-DE-800x800.png 800w, https:\/\/www.service-public.pf\/sefi\/wp-content\/uploads\/sites\/30\/2022\/07\/Job-dating-DE-1200x1200.png 1200w\" sizes=\"(max-width: 1024px) 100vw, (max-width: 640px) 100vw, 800px\" \/><\/span><\/div><\/div><\/div><\/div><\/div><div class=\"fusion-fullwidth fullwidth-box fusion-builder-row-2 fusion-flex-container nonhundred-percent-fullwidth non-hundred-percent-height-scrolling\" style=\"--awb-border-radius-top-left:0px;--awb-border-radius-top-right:0px;--awb-border-radius-bottom-right:0px;--awb-border-radius-bottom-left:0px;--awb-flex-wrap:wrap;\" ><div class=\"fusion-builder-row fusion-row fusion-flex-align-items-flex-start fusion-flex-content-wrap\" style=\"max-width:2059.2px;margin-left: calc(-4% \/ 2 );margin-right: calc(-4% \/ 2 );\"><div class=\"fusion-layout-column fusion_builder_column fusion-builder-column-2 fusion_builder_column_1_1 1_1 fusion-flex-column\" style=\"--awb-bg-blend:overlay;--awb-bg-size:cover;--awb-width-large:100%;--awb-margin-top-large:0px;--awb-spacing-right-large:1.92%;--awb-margin-bottom-large:0px;--awb-spacing-left-large:1.92%;--awb-width-medium:100%;--awb-spacing-right-medium:1.92%;--awb-spacing-left-medium:1.92%;--awb-width-small:100%;--awb-spacing-right-small:1.92%;--awb-spacing-left-small:1.92%;\"><div class=\"fusion-column-wrapper fusion-flex-justify-content-flex-start fusion-content-layout-column\"><div class=\"fusion-text fusion-text-2\"><h2>Le format job dating<\/h2>\n<p>Le job dating permet la rencontre entre un employeur et des demandeurs d\u2019emploi. Ces entretiens durent g\u00e9n\u00e9ralement moins de 15 minutes. Suite \u00e0 cette premi\u00e8re rencontre, un second entretien plus approfondi peut-\u00eatre organis\u00e9 dans les locaux m\u00eames de l\u2019entreprise.<\/p>\n<p>La logistique que nous prenons en charge donne \u00e0 l\u2019entreprise le choix entre :<\/p>\n<ul>\n<li>Une rencontre physique avec la liste des demandeurs potentiels s\u00e9lectionn\u00e9s<\/li>\n<li>Une rencontre en visioconf\u00e9rence (candidats \u00e9loign\u00e9s, p\u00e9riode de confinement\u2026).<\/li>\n<\/ul>\n<p>Les conseillers peuvent aussi proposer d\u2019organiser un job dating \u201cinvers\u00e9.\u201d Ce sont les employeurs qui se d\u00e9placent de table en table pour rencontrer les candidats \u00e0 l\u2019emploi !<\/p>\n<\/div><\/div><\/div><div class=\"fusion-layout-column fusion_builder_column fusion-builder-column-3 fusion_builder_column_1_2 1_2 fusion-flex-column\" style=\"--awb-padding-top:10px;--awb-padding-right:10px;--awb-padding-bottom:10px;--awb-padding-left:10px;--awb-bg-color:#f7f7f7;--awb-bg-color-hover:#f7f7f7;--awb-bg-size:cover;--awb-width-large:50%;--awb-margin-top-large:10px;--awb-spacing-right-large:3.84%;--awb-margin-bottom-large:10px;--awb-spacing-left-large:3.84%;--awb-width-medium:100%;--awb-order-medium:0;--awb-spacing-right-medium:1.92%;--awb-spacing-left-medium:1.92%;--awb-width-small:100%;--awb-order-small:0;--awb-spacing-right-small:1.92%;--awb-spacing-left-small:1.92%;\"><div class=\"fusion-column-wrapper fusion-column-has-shadow fusion-flex-justify-content-flex-start fusion-content-layout-column\"><div class=\"fusion-text fusion-text-3\"><h2>Avantages pour l\u2019entreprise<\/h2>\n<ul>\n<li>Un gain de temps<\/li>\n<li>Un gain d\u2019\u00e9nergie (convocations, organisation administrative et logistique)<\/li>\n<li>Une mise \u00e0 disposition de salles climatis\u00e9es \u00e9quip\u00e9es de vid\u00e9o projecteurs, d\u2019ordinateurs et de haut-parleurs (pour la pr\u00e9sentation de l\u2019entreprise et des m\u00e9tiers)<\/li>\n<li>Une pr\u00e9s\u00e9lection qualitative de candidats potentiels munis pour chacun d\u2019un CV et d\u2019une lettre de motivation<\/li>\n<li>L\u2019opportunit\u00e9 de recruter des candidats atypiques mais prometteurs<\/li>\n<\/ul>\n<\/div><\/div><\/div><div class=\"fusion-layout-column fusion_builder_column fusion-builder-column-4 fusion_builder_column_1_2 1_2 fusion-flex-column\" style=\"--awb-padding-top:10px;--awb-padding-right:10px;--awb-padding-bottom:10px;--awb-padding-left:10px;--awb-bg-color:#f7f7f7;--awb-bg-color-hover:#f7f7f7;--awb-bg-size:cover;--awb-width-large:50%;--awb-margin-top-large:10px;--awb-spacing-right-large:3.84%;--awb-margin-bottom-large:10pxpx;--awb-spacing-left-large:3.84%;--awb-width-medium:100%;--awb-order-medium:0;--awb-spacing-right-medium:1.92%;--awb-spacing-left-medium:1.92%;--awb-width-small:100%;--awb-order-small:0;--awb-spacing-right-small:1.92%;--awb-spacing-left-small:1.92%;\"><div class=\"fusion-column-wrapper fusion-column-has-shadow fusion-flex-justify-content-flex-start fusion-content-layout-column\"><div class=\"fusion-text fusion-text-4\"><h2>Avantages pour les demandeurs d\u2019emploi<\/h2>\n<ul>\n<li>La rencontre possible de plusieurs employeurs dans la m\u00eame journ\u00e9e au m\u00eame endroit<\/li>\n<li>La chance de valoriser son savoir -\u00eatre au-del\u00e0 d\u2019un simple dossier papier<\/li>\n<li>L\u2019acc\u00e8s facilit\u00e9 \u00e0 l\u2019employeur (pas d\u2019interm\u00e9diaires \u00e0 contacter)<\/li>\n<li>B\u00e9n\u00e9ficier d\u2019une pr\u00e9paration aux entretiens par un conseiller (conseils, aide \u00e0 la r\u00e9daction du CV\/ lettre de motivation, \u2026)<\/li>\n<\/ul>\n<\/div><\/div><\/div><\/div><\/div><\/p>\n","protected":false},"excerpt":{"rendered":"","protected":false},"author":256,"featured_media":0,"parent":570,"menu_order":0,"comment_status":"closed","ping_status":"closed","template":"","meta":{"_seopress_robots_primary_cat":"","_seopress_titles_title":"","_seopress_titles_desc":"","_seopress_robots_index":"","footnotes":""},"class_list":["post-2907","page","type-page","status-publish","hentry"],"_links":{"self":[{"href":"https:\/\/www.service-public.pf\/sefi\/wp-json\/wp\/v2\/pages\/2907","targetHints":{"allow":["GET"]}}],"collection":[{"href":"https:\/\/www.service-public.pf\/sefi\/wp-json\/wp\/v2\/pages"}],"about":[{"href":"https:\/\/www.service-public.pf\/sefi\/wp-json\/wp\/v2\/types\/page"}],"author":[{"embeddable":true,"href":"https:\/\/www.service-public.pf\/sefi\/wp-json\/wp\/v2\/users\/256"}],"replies":[{"embeddable":true,"href":"https:\/\/www.service-public.pf\/sefi\/wp-json\/wp\/v2\/comments?post=2907"}],"version-history":[{"count":0,"href":"https:\/\/www.service-public.pf\/sefi\/wp-json\/wp\/v2\/pages\/2907\/revisions"}],"up":[{"embeddable":true,"href":"https:\/\/www.service-public.pf\/sefi\/wp-json\/wp\/v2\/pages\/570"}],"wp:attachment":[{"href":"https:\/\/www.service-public.pf\/sefi\/wp-json\/wp\/v2\/media?parent=2907"}],"curies":[{"name":"wp","href":"https:\/\/api.w.org\/{rel}","templated":true}]}}