{"id":98,"date":"2017-06-28T20:23:59","date_gmt":"2017-06-28T18:23:59","guid":{"rendered":"https:\/\/www.service-public.pf\/spaa\/?page_id=98"},"modified":"2017-06-29T00:11:34","modified_gmt":"2017-06-28T22:11:34","slug":"archives-patrimoine-polynesie-francaise","status":"publish","type":"page","link":"https:\/\/www.service-public.pf\/spaa\/archives-patrimoine-polynesie-francaise\/","title":{"rendered":"Le Service"},"content":{"rendered":"<div class=\"fusion-fullwidth fullwidth-box fusion-builder-row-1 nonhundred-percent-fullwidth non-hundred-percent-height-scrolling\" style=\"--awb-border-radius-top-left:0px;--awb-border-radius-top-right:0px;--awb-border-radius-bottom-right:0px;--awb-border-radius-bottom-left:0px;--awb-flex-wrap:wrap;\" ><div class=\"fusion-builder-row fusion-row\"><div class=\"fusion-layout-column fusion_builder_column fusion-builder-column-0 fusion_builder_column_1_1 1_1 fusion-one-full fusion-column-first fusion-column-last\" style=\"--awb-bg-size:cover;--awb-margin-bottom:0px;\"><div class=\"fusion-column-wrapper fusion-flex-column-wrapper-legacy\"><div class=\"fusion-text fusion-text-1\"><p style=\"text-align: justify\">Longtemps connu sous l&rsquo;intitul\u00e9 du <strong>Service Territorial des Archives<\/strong>, suite \u00e0 la refonte des \u00e9tablissements publics du Pays, le 07 d\u00e9cembre 2011, le <strong>Service du Patrimoine Archivistique et Audiovisuel de la Polyn\u00e9sie<\/strong>, <strong>Te Piha Faufa&rsquo;a Tupuna<\/strong>, est cr\u00e9\u00e9, avec pour missions premi\u00e8res la constitution, la conservation, et la valorisation du patrimoine archivistique et audiovisuel de la Polyn\u00e9sie fran\u00e7aise.<\/p>\n<\/div><div class=\"fusion-clearfix\"><\/div><\/div><\/div><\/div><\/div>\n","protected":false},"excerpt":{"rendered":"","protected":false},"author":27,"featured_media":0,"parent":0,"menu_order":0,"comment_status":"closed","ping_status":"closed","template":"","meta":{"_seopress_robots_primary_cat":"","_seopress_titles_title":"","_seopress_titles_desc":"","_seopress_robots_index":"","footnotes":""},"class_list":["post-98","page","type-page","status-publish","hentry"],"_links":{"self":[{"href":"https:\/\/www.service-public.pf\/spaa\/wp-json\/wp\/v2\/pages\/98","targetHints":{"allow":["GET"]}}],"collection":[{"href":"https:\/\/www.service-public.pf\/spaa\/wp-json\/wp\/v2\/pages"}],"about":[{"href":"https:\/\/www.service-public.pf\/spaa\/wp-json\/wp\/v2\/types\/page"}],"author":[{"embeddable":true,"href":"https:\/\/www.service-public.pf\/spaa\/wp-json\/wp\/v2\/users\/27"}],"replies":[{"embeddable":true,"href":"https:\/\/www.service-public.pf\/spaa\/wp-json\/wp\/v2\/comments?post=98"}],"version-history":[{"count":0,"href":"https:\/\/www.service-public.pf\/spaa\/wp-json\/wp\/v2\/pages\/98\/revisions"}],"wp:attachment":[{"href":"https:\/\/www.service-public.pf\/spaa\/wp-json\/wp\/v2\/media?parent=98"}],"curies":[{"name":"wp","href":"https:\/\/api.w.org\/{rel}","templated":true}]}}